{"id":56259,"date":"2026-04-21T18:18:07","date_gmt":"2026-04-21T15:18:07","guid":{"rendered":"https:\/\/www.kitarakuu.fi\/tuotteet\/uncategorized\/gibson-eb-t-bass-1017\/"},"modified":"2026-04-21T18:18:07","modified_gmt":"2026-04-21T15:18:07","slug":"gibson-eb-t-bass-1017","status":"publish","type":"product","link":"https:\/\/www.kitarakuu.fi\/en\/products\/bass-guitars\/gibson-eb-t-bass-1017\/","title":{"rendered":"Gibson EB T Bass 1017"},"content":{"rendered":"<p><span style=\"font-size: 1rem;\">Kevyt, nasakkasoundinen basso, satiiniviimeistelyll\u00e4<\/span><\/p>\n<p>Suosaarnirunkoinen 34 -tuumainen, 24 mediumnauhaa<\/p>\n<p>Gibson EB Rhythm\/EB Lead Humbuckerit,<\/p>\n<p>Babicz Full Contact -talla<\/p>\n<p>Py\u00f6re\u00e4 D-profiilin kapea kaula -leveys satulalla 40mm<\/p>\n<p><span style=\"font-size: 1rem;\">Vain v<\/span>\u00e4h\u00e4ist\u00e4 k\u00e4yt\u00f6nj\u00e4lke\u00e4, huollettu: nauhanp\u00e4\u00e4t hiottu, nauhat kiillotettu, otelauta \u00f6ljytty, uudet D`Addario 45-100 kielet&#8230;<\/p>\n<p>Kova laukku<\/p>\n","protected":false},"excerpt":{"rendered":"<p>Kevyt, nasakkasoundinen basso, satiiniviimeistelyll\u00e4 Suosaarnirunkoinen 34 -tuumainen, 24 mediumnauhaa Gibson EB Rhythm\/EB Lead Humbuckerit, Babicz Full Contact -talla Py\u00f6re\u00e4 D-profiilin kapea kaula -leveys satulalla 40mm Vain v\u00e4h\u00e4ist\u00e4 k\u00e4yt\u00f6nj\u00e4lke\u00e4, huollettu: nauhanp\u00e4\u00e4t hiottu, nauhat kiillotettu, otelauta \u00f6ljytty, uudet D`Addario 45-100 kielet&#8230; Kova laukku<\/p>\n","protected":false},"featured_media":56268,"comment_status":"open","ping_status":"closed","template":"","meta":{"_acf_changed":false},"product_brand":[],"product_cat":[577],"product_tag":[],"class_list":{"0":"post-56259","1":"product","2":"type-product","3":"status-publish","4":"has-post-thumbnail","6":"product_cat-bass-guitars","7":"product_shipping_class-dbschenker-noutopistepaketti-en","8":"pa_valmistaja-gibson","10":"first","11":"instock","12":"taxable","13":"shipping-taxable","14":"purchasable","15":"product-type-simple"},"acf":[],"_links":{"self":[{"href":"https:\/\/www.kitarakuu.fi\/en\/wp-json\/wp\/v2\/product\/56259","targetHints":{"allow":["GET"]}}],"collection":[{"href":"https:\/\/www.kitarakuu.fi\/en\/wp-json\/wp\/v2\/product"}],"about":[{"href":"https:\/\/www.kitarakuu.fi\/en\/wp-json\/wp\/v2\/types\/product"}],"replies":[{"embeddable":true,"href":"https:\/\/www.kitarakuu.fi\/en\/wp-json\/wp\/v2\/comments?post=56259"}],"wp:featuredmedia":[{"embeddable":true,"href":"https:\/\/www.kitarakuu.fi\/en\/wp-json\/wp\/v2\/media\/56268"}],"wp:attachment":[{"href":"https:\/\/www.kitarakuu.fi\/en\/wp-json\/wp\/v2\/media?parent=56259"}],"wp:term":[{"taxonomy":"product_brand","embeddable":true,"href":"https:\/\/www.kitarakuu.fi\/en\/wp-json\/wp\/v2\/product_brand?post=56259"},{"taxonomy":"product_cat","embeddable":true,"href":"https:\/\/www.kitarakuu.fi\/en\/wp-json\/wp\/v2\/product_cat?post=56259"},{"taxonomy":"product_tag","embeddable":true,"href":"https:\/\/www.kitarakuu.fi\/en\/wp-json\/wp\/v2\/product_tag?post=56259"}],"curies":[{"name":"wp","href":"https:\/\/api.w.org\/{rel}","templated":true}]}}