{"id":56255,"date":"2026-04-21T18:45:15","date_gmt":"2026-04-21T15:45:15","guid":{"rendered":"https:\/\/www.kitarakuu.fi\/tuotteet\/uncategorized\/danelectro-dc-59-black\/"},"modified":"2026-04-21T18:45:15","modified_gmt":"2026-04-21T15:45:15","slug":"danelectro-dc-59-black","status":"publish","type":"product","link":"https:\/\/www.kitarakuu.fi\/en\/products\/guitars\/electric-guitars\/danelectro-dc-59-black\/","title":{"rendered":"Danelectro DC 59  Dark Red"},"content":{"rendered":"<p>L\u00e4hes uudenveroinen kitara -mutta uutta paremmassa kunnossa -huollettu\/s\u00e4\u00e4detty<\/p>\n<p>Puoliakustinen rakenne, kevyt pidelt\u00e4v\u00e4 ja kantava \u00e4\u00e4ni kuivanakin&#8230;<\/p>\n<p>Keikkakassi<\/p>\n","protected":false},"excerpt":{"rendered":"<p>L\u00e4hes uudenveroinen kitara -mutta uutta paremmassa kunnossa -huollettu\/s\u00e4\u00e4detty Puoliakustinen rakenne, kevyt pidelt\u00e4v\u00e4 ja kantava \u00e4\u00e4ni kuivanakin&#8230; Keikkakassi<\/p>\n","protected":false},"featured_media":56258,"comment_status":"open","ping_status":"closed","template":"","meta":{"_acf_changed":false},"product_brand":[],"product_cat":[672,670],"product_tag":[],"class_list":{"0":"post-56255","1":"product","2":"type-product","3":"status-publish","4":"has-post-thumbnail","6":"product_cat-electric-guitars","7":"product_cat-guitars","8":"product_shipping_class-dbschenker-noutopistepaketti-en","9":"pa_valmistaja-danelectro","11":"first","12":"instock","13":"taxable","14":"shipping-taxable","15":"purchasable","16":"product-type-simple"},"acf":[],"_links":{"self":[{"href":"https:\/\/www.kitarakuu.fi\/en\/wp-json\/wp\/v2\/product\/56255","targetHints":{"allow":["GET"]}}],"collection":[{"href":"https:\/\/www.kitarakuu.fi\/en\/wp-json\/wp\/v2\/product"}],"about":[{"href":"https:\/\/www.kitarakuu.fi\/en\/wp-json\/wp\/v2\/types\/product"}],"replies":[{"embeddable":true,"href":"https:\/\/www.kitarakuu.fi\/en\/wp-json\/wp\/v2\/comments?post=56255"}],"wp:featuredmedia":[{"embeddable":true,"href":"https:\/\/www.kitarakuu.fi\/en\/wp-json\/wp\/v2\/media\/56258"}],"wp:attachment":[{"href":"https:\/\/www.kitarakuu.fi\/en\/wp-json\/wp\/v2\/media?parent=56255"}],"wp:term":[{"taxonomy":"product_brand","embeddable":true,"href":"https:\/\/www.kitarakuu.fi\/en\/wp-json\/wp\/v2\/product_brand?post=56255"},{"taxonomy":"product_cat","embeddable":true,"href":"https:\/\/www.kitarakuu.fi\/en\/wp-json\/wp\/v2\/product_cat?post=56255"},{"taxonomy":"product_tag","embeddable":true,"href":"https:\/\/www.kitarakuu.fi\/en\/wp-json\/wp\/v2\/product_tag?post=56255"}],"curies":[{"name":"wp","href":"https:\/\/api.w.org\/{rel}","templated":true}]}}