{"id":56235,"date":"2026-04-24T19:54:53","date_gmt":"2026-04-24T16:54:53","guid":{"rendered":"https:\/\/www.kitarakuu.fi\/tuotteet\/uncategorized\/roland-jazz-chorus-120-n-1978\/"},"modified":"2026-05-13T20:26:01","modified_gmt":"2026-05-13T17:26:01","slug":"roland-jazz-chorus-120-n-1978","status":"publish","type":"product","link":"https:\/\/www.kitarakuu.fi\/en\/products\/amps\/combo\/roland-jazz-chorus-120-n-1978\/","title":{"rendered":"Roland Jazz Chorus 120 n.1978"},"content":{"rendered":"<p>Historiallinen trankkuaatelinen Japanista, ihan musti studiossa, puhtaan soundin epiikkaa t\u00e4ss\u00e4 ja muutakin: <a href=\"https:\/\/en.wikipedia.org\/wiki\/Roland_Jazz_Chorus\">https:\/\/en.wikipedia.org\/wiki\/Roland_Jazz_Chorus<\/a><\/p>\n<p>Chorus, Reverb, Distortion, jalkakytkin<\/p>\n<p>Py\u00f6r\u00e4t alla<\/p>\n<p>Toinen kajautin vaihdettu -hyv\u00e4 paritus alkuper\u00e4isen kanssa<\/p>\n<p>Tukeva vesivanerinen kuljetuskotelo<\/p>\n","protected":false},"excerpt":{"rendered":"<p>Historiallinen trankkuaatelinen Japanista, ihan musti studiossa, puhtaan soundin epiikkaa t\u00e4ss\u00e4 ja muutakin: https:\/\/en.wikipedia.org\/wiki\/Roland_Jazz_Chorus Chorus, Reverb, Distortion, jalkakytkin Py\u00f6r\u00e4t alla Toinen kajautin vaihdettu -hyv\u00e4 paritus alkuper\u00e4isen kanssa Tukeva vesivanerinen kuljetuskotelo<\/p>\n","protected":false},"featured_media":56236,"comment_status":"closed","ping_status":"closed","template":"","meta":{"_acf_changed":false},"product_brand":[],"product_cat":[532,664,958],"product_tag":[],"class_list":{"0":"post-56235","1":"product","2":"type-product","3":"status-publish","4":"has-post-thumbnail","6":"product_cat-amps","7":"product_cat-combo","8":"product_cat-transistor-amplifiers","9":"pa_valmistaja-roland","11":"first","12":"outofstock","13":"taxable","14":"shipping-taxable","15":"purchasable","16":"product-type-simple"},"acf":[],"_links":{"self":[{"href":"https:\/\/www.kitarakuu.fi\/en\/wp-json\/wp\/v2\/product\/56235","targetHints":{"allow":["GET"]}}],"collection":[{"href":"https:\/\/www.kitarakuu.fi\/en\/wp-json\/wp\/v2\/product"}],"about":[{"href":"https:\/\/www.kitarakuu.fi\/en\/wp-json\/wp\/v2\/types\/product"}],"replies":[{"embeddable":true,"href":"https:\/\/www.kitarakuu.fi\/en\/wp-json\/wp\/v2\/comments?post=56235"}],"wp:featuredmedia":[{"embeddable":true,"href":"https:\/\/www.kitarakuu.fi\/en\/wp-json\/wp\/v2\/media\/56236"}],"wp:attachment":[{"href":"https:\/\/www.kitarakuu.fi\/en\/wp-json\/wp\/v2\/media?parent=56235"}],"wp:term":[{"taxonomy":"product_brand","embeddable":true,"href":"https:\/\/www.kitarakuu.fi\/en\/wp-json\/wp\/v2\/product_brand?post=56235"},{"taxonomy":"product_cat","embeddable":true,"href":"https:\/\/www.kitarakuu.fi\/en\/wp-json\/wp\/v2\/product_cat?post=56235"},{"taxonomy":"product_tag","embeddable":true,"href":"https:\/\/www.kitarakuu.fi\/en\/wp-json\/wp\/v2\/product_tag?post=56235"}],"curies":[{"name":"wp","href":"https:\/\/api.w.org\/{rel}","templated":true}]}}