{"id":56218,"date":"2026-04-28T20:04:23","date_gmt":"2026-04-28T17:04:23","guid":{"rendered":"https:\/\/www.kitarakuu.fi\/tuotteet\/uncategorized\/gibson-joan-jett-melody-maker-2007\/"},"modified":"2026-04-28T20:04:23","modified_gmt":"2026-04-28T17:04:23","slug":"gibson-joan-jett-melody-maker-2007","status":"publish","type":"product","link":"https:\/\/www.kitarakuu.fi\/en\/products\/guitars\/electric-guitars\/gibson-joan-jett-melody-maker-2007\/","title":{"rendered":"Gibson Joan Jett Melody Maker 2007"},"content":{"rendered":"<p>Hyv\u00e4kuntoinen Joan Jett -nimikkomalli &#8220;Worn White&#8221; -kuosissa<\/p>\n<p>Alkuper\u00e4inen Gibson Burstbucker #3 mikrofoni, V ja T s\u00e4\u00e4d\u00f6t + kill switch<\/p>\n<p>Slim C -kaula, 12&#8243; radius<\/p>\n<p>Huollettu, nauhat huipputikiss\u00e4 ja D`Addario 10\/46 -kielitys<\/p>\n<p>Kovia kokenut, mutta viel\u00e4\u00a0 kova laukku<\/p>\n","protected":false},"excerpt":{"rendered":"<p>Hyv\u00e4kuntoinen Joan Jett -nimikkomalli &#8220;Worn White&#8221; -kuosissa Alkuper\u00e4inen Gibson Burstbucker #3 mikrofoni, V ja T s\u00e4\u00e4d\u00f6t + kill switch Slim C -kaula, 12&#8243; radius Huollettu, nauhat huipputikiss\u00e4 ja D`Addario 10\/46 -kielitys Kovia kokenut, mutta viel\u00e4\u00a0 kova laukku<\/p>\n","protected":false},"featured_media":56224,"comment_status":"open","ping_status":"closed","template":"","meta":{"_acf_changed":false},"product_brand":[],"product_cat":[672,670],"product_tag":[],"class_list":{"0":"post-56218","1":"product","2":"type-product","3":"status-publish","4":"has-post-thumbnail","6":"product_cat-electric-guitars","7":"product_cat-guitars","8":"product_shipping_class-dbschenker-noutopistepaketti-en","9":"pa_valmistaja-gibson","11":"first","12":"instock","13":"taxable","14":"shipping-taxable","15":"purchasable","16":"product-type-simple"},"acf":[],"_links":{"self":[{"href":"https:\/\/www.kitarakuu.fi\/en\/wp-json\/wp\/v2\/product\/56218","targetHints":{"allow":["GET"]}}],"collection":[{"href":"https:\/\/www.kitarakuu.fi\/en\/wp-json\/wp\/v2\/product"}],"about":[{"href":"https:\/\/www.kitarakuu.fi\/en\/wp-json\/wp\/v2\/types\/product"}],"replies":[{"embeddable":true,"href":"https:\/\/www.kitarakuu.fi\/en\/wp-json\/wp\/v2\/comments?post=56218"}],"wp:featuredmedia":[{"embeddable":true,"href":"https:\/\/www.kitarakuu.fi\/en\/wp-json\/wp\/v2\/media\/56224"}],"wp:attachment":[{"href":"https:\/\/www.kitarakuu.fi\/en\/wp-json\/wp\/v2\/media?parent=56218"}],"wp:term":[{"taxonomy":"product_brand","embeddable":true,"href":"https:\/\/www.kitarakuu.fi\/en\/wp-json\/wp\/v2\/product_brand?post=56218"},{"taxonomy":"product_cat","embeddable":true,"href":"https:\/\/www.kitarakuu.fi\/en\/wp-json\/wp\/v2\/product_cat?post=56218"},{"taxonomy":"product_tag","embeddable":true,"href":"https:\/\/www.kitarakuu.fi\/en\/wp-json\/wp\/v2\/product_tag?post=56218"}],"curies":[{"name":"wp","href":"https:\/\/api.w.org\/{rel}","templated":true}]}}