{"id":56207,"date":"2026-04-28T20:42:31","date_gmt":"2026-04-28T17:42:31","guid":{"rendered":"https:\/\/www.kitarakuu.fi\/tuotteet\/uncategorized\/harmony-h63-espanada-1950s-player\/"},"modified":"2026-05-06T12:47:10","modified_gmt":"2026-05-06T09:47:10","slug":"harmony-h63-espanada-1950s-player","status":"publish","type":"product","link":"https:\/\/www.kitarakuu.fi\/en\/products\/guitars\/electric-guitars\/harmony-h63-espanada-1950s-player\/","title":{"rendered":"Harmony H63 Espanada 1950`s &#8220;PLAYER&#8221;"},"content":{"rendered":"<p><span data-olk-copy-source=\"MessageBody\">Retee bluesmylly mahtavilla Gibson P13 -mikrofoneilla, molempien DC-resistanssit + 8KOhm<\/span><\/p>\n<p>&#8220;Harmometal&#8221; -alumiinilistoitus<\/p>\n<p>Uudemmat potentiometrit ja mikkikytkin<\/p>\n<p>Relikoitu maalaus ja muoviosat my\u00f6hemm\u00e4t, &#8220;Cup cake&#8221; -potikannupit kuvissa todellista keltaisemmat<\/p>\n<p>Uudelleen nauhoitettu, otelauta ehk\u00e4 uusittu, s\u00e4\u00e4dett\u00e4v\u00e4 kaularauta<\/p>\n<p>Virittimet vaihdettu, parissa kuvassa n\u00e4kyv\u00e4 ruusupuinen talla on vaihdettu eebenpuiseen<\/p>\n<p>Budjettihinnalla rakenteellisesti ehj\u00e4, kunnostettu reliikkisoitin, jonka tekniikka, tone ja soitettavuus\u00a0 keikkakunnossa<\/p>\n<p>Alkuper\u00e4inen two-tone kartonkilaukku<\/p>\n","protected":false},"excerpt":{"rendered":"<p>Retee bluesmylly mahtavilla Gibson P13 -mikrofoneilla, molempien DC-resistanssit + 8KOhm &#8220;Harmometal&#8221; -alumiinilistoitus Uudemmat potentiometrit ja mikkikytkin Relikoitu maalaus ja muoviosat my\u00f6hemm\u00e4t, &#8220;Cup cake&#8221; -potikannupit kuvissa todellista keltaisemmat Uudelleen nauhoitettu, otelauta ehk\u00e4 uusittu, s\u00e4\u00e4dett\u00e4v\u00e4 kaularauta Virittimet vaihdettu, parissa kuvassa n\u00e4kyv\u00e4 ruusupuinen talla on vaihdettu eebenpuiseen Budjettihinnalla rakenteellisesti ehj\u00e4, kunnostettu reliikkisoitin, jonka tekniikka, tone ja soitettavuus\u00a0 keikkakunnossa [&hellip;]<\/p>\n","protected":false},"featured_media":56217,"comment_status":"closed","ping_status":"closed","template":"","meta":{"_acf_changed":false},"product_brand":[],"product_cat":[672,670],"product_tag":[],"class_list":{"0":"post-56207","1":"product","2":"type-product","3":"status-publish","4":"has-post-thumbnail","6":"product_cat-electric-guitars","7":"product_cat-guitars","8":"pa_valmistaja-harmony","10":"first","11":"outofstock","12":"taxable","13":"shipping-taxable","14":"product-type-simple"},"acf":[],"_links":{"self":[{"href":"https:\/\/www.kitarakuu.fi\/en\/wp-json\/wp\/v2\/product\/56207","targetHints":{"allow":["GET"]}}],"collection":[{"href":"https:\/\/www.kitarakuu.fi\/en\/wp-json\/wp\/v2\/product"}],"about":[{"href":"https:\/\/www.kitarakuu.fi\/en\/wp-json\/wp\/v2\/types\/product"}],"replies":[{"embeddable":true,"href":"https:\/\/www.kitarakuu.fi\/en\/wp-json\/wp\/v2\/comments?post=56207"}],"wp:featuredmedia":[{"embeddable":true,"href":"https:\/\/www.kitarakuu.fi\/en\/wp-json\/wp\/v2\/media\/56217"}],"wp:attachment":[{"href":"https:\/\/www.kitarakuu.fi\/en\/wp-json\/wp\/v2\/media?parent=56207"}],"wp:term":[{"taxonomy":"product_brand","embeddable":true,"href":"https:\/\/www.kitarakuu.fi\/en\/wp-json\/wp\/v2\/product_brand?post=56207"},{"taxonomy":"product_cat","embeddable":true,"href":"https:\/\/www.kitarakuu.fi\/en\/wp-json\/wp\/v2\/product_cat?post=56207"},{"taxonomy":"product_tag","embeddable":true,"href":"https:\/\/www.kitarakuu.fi\/en\/wp-json\/wp\/v2\/product_tag?post=56207"}],"curies":[{"name":"wp","href":"https:\/\/api.w.org\/{rel}","templated":true}]}}