{"id":56022,"date":"2026-03-18T19:47:45","date_gmt":"2026-03-18T17:47:45","guid":{"rendered":"https:\/\/www.kitarakuu.fi\/tuotteet\/uncategorized\/fender-stratocaster-60th-anniversary-2006\/"},"modified":"2026-03-18T19:47:45","modified_gmt":"2026-03-18T17:47:45","slug":"fender-stratocaster-60th-anniversary-2006","status":"publish","type":"product","link":"https:\/\/www.kitarakuu.fi\/en\/products\/guitars\/electric-guitars\/fender-stratocaster-60th-anniversary-2006\/","title":{"rendered":"Fender Stratocaster 60th Anniversary 2006"},"content":{"rendered":"<p>Mainiokuntoinen 60-vuotis stankku<\/p>\n<p>Kevytt\u00e4 k\u00e4yt\u00f6nj\u00e4lke\u00e4<\/p>\n<p>Mikrofonit ovat vaihtuneet Tonerider Alnico II Blues -settiin<\/p>\n<p>Alkuper\u00e4inen kova laukku, papereita, ty\u00f6kalut<\/p>\n","protected":false},"excerpt":{"rendered":"<p>Mainiokuntoinen 60-vuotis stankku Kevytt\u00e4 k\u00e4yt\u00f6nj\u00e4lke\u00e4 Mikrofonit ovat vaihtuneet Tonerider Alnico II Blues -settiin Alkuper\u00e4inen kova laukku, papereita, ty\u00f6kalut<\/p>\n","protected":false},"featured_media":56030,"comment_status":"open","ping_status":"closed","template":"","meta":{"_acf_changed":false},"product_brand":[],"product_cat":[672,670],"product_tag":[],"class_list":{"0":"post-56022","1":"product","2":"type-product","3":"status-publish","4":"has-post-thumbnail","6":"product_cat-electric-guitars","7":"product_cat-guitars","8":"product_shipping_class-dbschenker-noutopistepaketti-en","9":"pa_valmistaja-fender","11":"first","12":"instock","13":"taxable","14":"shipping-taxable","15":"purchasable","16":"product-type-simple"},"acf":[],"_links":{"self":[{"href":"https:\/\/www.kitarakuu.fi\/en\/wp-json\/wp\/v2\/product\/56022","targetHints":{"allow":["GET"]}}],"collection":[{"href":"https:\/\/www.kitarakuu.fi\/en\/wp-json\/wp\/v2\/product"}],"about":[{"href":"https:\/\/www.kitarakuu.fi\/en\/wp-json\/wp\/v2\/types\/product"}],"replies":[{"embeddable":true,"href":"https:\/\/www.kitarakuu.fi\/en\/wp-json\/wp\/v2\/comments?post=56022"}],"wp:featuredmedia":[{"embeddable":true,"href":"https:\/\/www.kitarakuu.fi\/en\/wp-json\/wp\/v2\/media\/56030"}],"wp:attachment":[{"href":"https:\/\/www.kitarakuu.fi\/en\/wp-json\/wp\/v2\/media?parent=56022"}],"wp:term":[{"taxonomy":"product_brand","embeddable":true,"href":"https:\/\/www.kitarakuu.fi\/en\/wp-json\/wp\/v2\/product_brand?post=56022"},{"taxonomy":"product_cat","embeddable":true,"href":"https:\/\/www.kitarakuu.fi\/en\/wp-json\/wp\/v2\/product_cat?post=56022"},{"taxonomy":"product_tag","embeddable":true,"href":"https:\/\/www.kitarakuu.fi\/en\/wp-json\/wp\/v2\/product_tag?post=56022"}],"curies":[{"name":"wp","href":"https:\/\/api.w.org\/{rel}","templated":true}]}}