{"id":56015,"date":"2026-03-20T17:23:35","date_gmt":"2026-03-20T15:23:35","guid":{"rendered":"https:\/\/www.kitarakuu.fi\/tuotteet\/uncategorized\/gibson-es-335-2010-transparent-cherry-2\/"},"modified":"2026-03-20T17:23:35","modified_gmt":"2026-03-20T15:23:35","slug":"gibson-es-335-2010-transparent-cherry-2","status":"publish","type":"product","link":"https:\/\/www.kitarakuu.fi\/en\/products\/guitars\/electric-guitars\/gibson-es-335-2010-transparent-cherry-2\/","title":{"rendered":"Gibson ES-335 2010 Transparent Cherry"},"content":{"rendered":"<p>Hyv\u00e4sointinen, kevyt ja siisti kirsikkakarkki<\/p>\n<p>ihana 60s Slim -kaula, leveys satulalla 43mm, 12. nauhalla 52mm<\/p>\n<p>Classic `57 mikit<\/p>\n<p>Grover -virittimet<\/p>\n<p>Liev\u00e4\u00e4 k\u00e4yt\u00f6nj\u00e4lke\u00e4, stop-barin takana n\u00e4kyv\u00e4 hitti<\/p>\n<p>Alkuper\u00e4isyystodistus\/paperit, hihna, kaulans\u00e4\u00e4t\u00f6avain<\/p>\n<p>Alkuper\u00e4inen Gibson -laukku<\/p>\n","protected":false},"excerpt":{"rendered":"<p>Hyv\u00e4sointinen, kevyt ja siisti kirsikkakarkki ihana 60s Slim -kaula, leveys satulalla 43mm, 12. nauhalla 52mm Classic `57 mikit Grover -virittimet Liev\u00e4\u00e4 k\u00e4yt\u00f6nj\u00e4lke\u00e4, stop-barin takana n\u00e4kyv\u00e4 hitti Alkuper\u00e4isyystodistus\/paperit, hihna, kaulans\u00e4\u00e4t\u00f6avain Alkuper\u00e4inen Gibson -laukku<\/p>\n","protected":false},"featured_media":56016,"comment_status":"open","ping_status":"closed","template":"","meta":{"_acf_changed":false},"product_brand":[],"product_cat":[672,670],"product_tag":[],"class_list":{"0":"post-56015","1":"product","2":"type-product","3":"status-publish","4":"has-post-thumbnail","6":"product_cat-electric-guitars","7":"product_cat-guitars","8":"product_shipping_class-dbschenker-noutopistepaketti-en","9":"pa_valmistaja-gibson","11":"first","12":"instock","13":"sold-individually","14":"taxable","15":"shipping-taxable","16":"purchasable","17":"product-type-simple"},"acf":[],"_links":{"self":[{"href":"https:\/\/www.kitarakuu.fi\/en\/wp-json\/wp\/v2\/product\/56015","targetHints":{"allow":["GET"]}}],"collection":[{"href":"https:\/\/www.kitarakuu.fi\/en\/wp-json\/wp\/v2\/product"}],"about":[{"href":"https:\/\/www.kitarakuu.fi\/en\/wp-json\/wp\/v2\/types\/product"}],"replies":[{"embeddable":true,"href":"https:\/\/www.kitarakuu.fi\/en\/wp-json\/wp\/v2\/comments?post=56015"}],"wp:featuredmedia":[{"embeddable":true,"href":"https:\/\/www.kitarakuu.fi\/en\/wp-json\/wp\/v2\/media\/56016"}],"wp:attachment":[{"href":"https:\/\/www.kitarakuu.fi\/en\/wp-json\/wp\/v2\/media?parent=56015"}],"wp:term":[{"taxonomy":"product_brand","embeddable":true,"href":"https:\/\/www.kitarakuu.fi\/en\/wp-json\/wp\/v2\/product_brand?post=56015"},{"taxonomy":"product_cat","embeddable":true,"href":"https:\/\/www.kitarakuu.fi\/en\/wp-json\/wp\/v2\/product_cat?post=56015"},{"taxonomy":"product_tag","embeddable":true,"href":"https:\/\/www.kitarakuu.fi\/en\/wp-json\/wp\/v2\/product_tag?post=56015"}],"curies":[{"name":"wp","href":"https:\/\/api.w.org\/{rel}","templated":true}]}}