{"id":55995,"date":"2026-04-08T17:46:56","date_gmt":"2026-04-08T14:46:56","guid":{"rendered":"https:\/\/www.kitarakuu.fi\/tuotteet\/uncategorized\/martin-om-28e-retro-2012\/"},"modified":"2026-04-08T17:46:56","modified_gmt":"2026-04-08T14:46:56","slug":"martin-om-28e-retro-2012","status":"publish","type":"product","link":"https:\/\/www.kitarakuu.fi\/en\/products\/guitars\/acoustic-guitars\/martin-om-28e-retro-2012\/","title":{"rendered":"Martin OM-28E RETRO 2012"},"content":{"rendered":"<p>Siisti, kaunissointinen Retro series -kitara<\/p>\n<p>Monipuolinen Fishman F1 Aura -mikitys<\/p>\n<p>Takapuolen reunalistaa on korjausliimattu (kten tavallista\u2026) ja pieni p\u00e4tk\u00e4 listaa kaulankoron kohdalle lis\u00e4tty<\/p>\n<p>Huollettu kitara, nauhat my\u00f6s, Elixir 11\/52 -80\/20 bronzekielet<\/p>\n<p>Alkuper\u00e4inen Martin -laukku<\/p>\n<p><a href=\"https:\/\/www.google.com\/search?q=Fishman+F1+Aura+&amp;sca_esv=6234f0784a7aac09&amp;cs=0&amp;biw=1470&amp;bih=835&amp;sxsrf=ANbL-n5uOjTBh7cT4stamV4JSk-v2euoOQ%3A1775721645417&amp;ei=rVzXaYCUGZid1fIPhIOukAQ&amp;ved=0ahUKEwjAnpTPpuCTAxWYTlUIHYSBC0IQ4dUDCBE&amp;uact=5&amp;oq=Fishman+F1+Aura+&amp;gs_lp=Egxnd3Mtd2l6LXNlcnAiEEZpc2htYW4gRjEgQXVyYSAyBxAAGIAEGBMyBxAAGIAEGBMyBxAAGIAEGBMyCBAAGBMYFhgeMggQABgTGBYYHjIIEAAYExgWGB4yCBAAGBMYFhgeMggQABgTGBYYHjIIEAAYExgWGB4yCBAAGBMYFhgeSOASUMsFWJkPcAF4AZABAJgBiAGgAYEEqgEDNS4xuAEDyAEA-AEBmAIHoAKiBMICChAAGLADGNYEGEfCAgYQABgWGB7CAgUQABjvBcICCBAAGIAEGKIEmAMAiAYBkAYFkgcDNi4xoAfSF7IHAzUuMbgHnQTCBwUwLjMuNMgHF4AIAA&amp;sclient=gws-wiz-serp#fpstate=ive&amp;vld=cid:b7c42980,vid:Q2EG7iAtlcA,st:0\">Martin Fishman F1 Aura guide<\/a><\/p>\n","protected":false},"excerpt":{"rendered":"<p>Siisti, kaunissointinen Retro series -kitara Monipuolinen Fishman F1 Aura -mikitys Takapuolen reunalistaa on korjausliimattu (kten tavallista\u2026) ja pieni p\u00e4tk\u00e4 listaa kaulankoron kohdalle lis\u00e4tty Huollettu kitara, nauhat my\u00f6s, Elixir 11\/52 -80\/20 bronzekielet Alkuper\u00e4inen Martin -laukku Martin Fishman F1 Aura guide<\/p>\n","protected":false},"featured_media":56002,"comment_status":"open","ping_status":"closed","template":"","meta":{"_acf_changed":false},"product_brand":[],"product_cat":[671,670],"product_tag":[],"class_list":{"0":"post-55995","1":"product","2":"type-product","3":"status-publish","4":"has-post-thumbnail","6":"product_cat-acoustic-guitars","7":"product_cat-guitars","8":"product_shipping_class-dbschenker-noutopistepaketti-en","9":"pa_valmistaja-c-f-martin","11":"first","12":"instock","13":"taxable","14":"shipping-taxable","15":"purchasable","16":"product-type-simple"},"acf":[],"_links":{"self":[{"href":"https:\/\/www.kitarakuu.fi\/en\/wp-json\/wp\/v2\/product\/55995","targetHints":{"allow":["GET"]}}],"collection":[{"href":"https:\/\/www.kitarakuu.fi\/en\/wp-json\/wp\/v2\/product"}],"about":[{"href":"https:\/\/www.kitarakuu.fi\/en\/wp-json\/wp\/v2\/types\/product"}],"replies":[{"embeddable":true,"href":"https:\/\/www.kitarakuu.fi\/en\/wp-json\/wp\/v2\/comments?post=55995"}],"wp:featuredmedia":[{"embeddable":true,"href":"https:\/\/www.kitarakuu.fi\/en\/wp-json\/wp\/v2\/media\/56002"}],"wp:attachment":[{"href":"https:\/\/www.kitarakuu.fi\/en\/wp-json\/wp\/v2\/media?parent=55995"}],"wp:term":[{"taxonomy":"product_brand","embeddable":true,"href":"https:\/\/www.kitarakuu.fi\/en\/wp-json\/wp\/v2\/product_brand?post=55995"},{"taxonomy":"product_cat","embeddable":true,"href":"https:\/\/www.kitarakuu.fi\/en\/wp-json\/wp\/v2\/product_cat?post=55995"},{"taxonomy":"product_tag","embeddable":true,"href":"https:\/\/www.kitarakuu.fi\/en\/wp-json\/wp\/v2\/product_tag?post=55995"}],"curies":[{"name":"wp","href":"https:\/\/api.w.org\/{rel}","templated":true}]}}