{"id":55978,"date":"2026-04-09T19:04:50","date_gmt":"2026-04-09T16:04:50","guid":{"rendered":"https:\/\/www.kitarakuu.fi\/tuotteet\/uncategorized\/fender-jaguar-65-johnny-marr-signature-metallic-kandy-orange-2017\/"},"modified":"2026-04-09T19:04:50","modified_gmt":"2026-04-09T16:04:50","slug":"fender-jaguar-65-johnny-marr-signature-metallic-kandy-orange-2017","status":"publish","type":"product","link":"https:\/\/www.kitarakuu.fi\/en\/products\/guitars\/electric-guitars\/fender-jaguar-65-johnny-marr-signature-metallic-kandy-orange-2017\/","title":{"rendered":"Fender Jaguar `65 Johnny Marr Signature Metallic Kandy Orange 2017"},"content":{"rendered":"<p>Lumoavasti hohtavan oranssin ylleen saanut Johnny Marr Signature<\/p>\n<p>Jonkinverran k\u00e4yt\u00f6nj\u00e4lki\u00e4: pintanaarmuja, pieni maalilohkema kaulalaatan oikeassa yl\u00e4kulmassa -yleisilmeelt\u00e4\u00e4n siisti soitin<\/p>\n<p>Pleksiss\u00e4<\/p>\n<p>Mikrofonit ovat\u00a0<span style=\"font-size: 1rem;\">Bare Knuckle <\/span><span style=\"font-size: 1rem;\">Johnny Marr Custom wound -yksikelaiset<\/span><\/p>\n<p>Alkuper\u00e4inen Deluxe -laukku ja kaikki paperit +extrana Staytrem talla<\/p>\n<p>Huollettu kitara<\/p>\n","protected":false},"excerpt":{"rendered":"<p>Lumoavasti hohtavan oranssin ylleen saanut Johnny Marr Signature Jonkinverran k\u00e4yt\u00f6nj\u00e4lki\u00e4: pintanaarmuja, pieni maalilohkema kaulalaatan oikeassa yl\u00e4kulmassa -yleisilmeelt\u00e4\u00e4n siisti soitin Pleksiss\u00e4 Mikrofonit ovat\u00a0Bare Knuckle Johnny Marr Custom wound -yksikelaiset Alkuper\u00e4inen Deluxe -laukku ja kaikki paperit +extrana Staytrem talla Huollettu kitara<\/p>\n","protected":false},"featured_media":55986,"comment_status":"open","ping_status":"closed","template":"","meta":{"_acf_changed":false},"product_brand":[],"product_cat":[672,670],"product_tag":[],"class_list":{"0":"post-55978","1":"product","2":"type-product","3":"status-publish","4":"has-post-thumbnail","6":"product_cat-electric-guitars","7":"product_cat-guitars","8":"product_shipping_class-dbschenker-noutopistepaketti-en","9":"pa_valmistaja-fender","11":"first","12":"instock","13":"taxable","14":"shipping-taxable","15":"purchasable","16":"product-type-simple"},"acf":[],"_links":{"self":[{"href":"https:\/\/www.kitarakuu.fi\/en\/wp-json\/wp\/v2\/product\/55978","targetHints":{"allow":["GET"]}}],"collection":[{"href":"https:\/\/www.kitarakuu.fi\/en\/wp-json\/wp\/v2\/product"}],"about":[{"href":"https:\/\/www.kitarakuu.fi\/en\/wp-json\/wp\/v2\/types\/product"}],"replies":[{"embeddable":true,"href":"https:\/\/www.kitarakuu.fi\/en\/wp-json\/wp\/v2\/comments?post=55978"}],"wp:featuredmedia":[{"embeddable":true,"href":"https:\/\/www.kitarakuu.fi\/en\/wp-json\/wp\/v2\/media\/55986"}],"wp:attachment":[{"href":"https:\/\/www.kitarakuu.fi\/en\/wp-json\/wp\/v2\/media?parent=55978"}],"wp:term":[{"taxonomy":"product_brand","embeddable":true,"href":"https:\/\/www.kitarakuu.fi\/en\/wp-json\/wp\/v2\/product_brand?post=55978"},{"taxonomy":"product_cat","embeddable":true,"href":"https:\/\/www.kitarakuu.fi\/en\/wp-json\/wp\/v2\/product_cat?post=55978"},{"taxonomy":"product_tag","embeddable":true,"href":"https:\/\/www.kitarakuu.fi\/en\/wp-json\/wp\/v2\/product_tag?post=55978"}],"curies":[{"name":"wp","href":"https:\/\/api.w.org\/{rel}","templated":true}]}}