{"id":55970,"date":"2026-04-10T16:25:31","date_gmt":"2026-04-10T13:25:31","guid":{"rendered":"https:\/\/www.kitarakuu.fi\/tuotteet\/uncategorized\/yamaha-sa2200-2019\/"},"modified":"2026-04-10T16:25:31","modified_gmt":"2026-04-10T13:25:31","slug":"yamaha-sa2200-2019","status":"publish","type":"product","link":"https:\/\/www.kitarakuu.fi\/en\/products\/guitars\/electric-guitars\/yamaha-sa2200-2019\/","title":{"rendered":"Yamaha SA2200 2019"},"content":{"rendered":"<p>Laadukas, l\u00e4hes uudenveroinen puoliakustinen<\/p>\n<p>Hihnatappi on siirretty, j\u00e4ljet alkuper\u00e4isest\u00e4 muistona<\/p>\n<p>Upeat &#8220;bookmatched&#8221; -loimuvaahterakannet<\/p>\n<p>Mikrofonien puolitukset push-pull tonepotikoin<\/p>\n<p>Alnico V Humbuckerit<\/p>\n<p>Gotoh rauta<\/p>\n<p>Alkuper\u00e4inen kova laukku<\/p>\n","protected":false},"excerpt":{"rendered":"<p>Laadukas, l\u00e4hes uudenveroinen puoliakustinen Hihnatappi on siirretty, j\u00e4ljet alkuper\u00e4isest\u00e4 muistona Upeat &#8220;bookmatched&#8221; -loimuvaahterakannet Mikrofonien puolitukset push-pull tonepotikoin Alnico V Humbuckerit Gotoh rauta Alkuper\u00e4inen kova laukku<\/p>\n","protected":false},"featured_media":55977,"comment_status":"open","ping_status":"closed","template":"","meta":{"_acf_changed":false},"product_brand":[],"product_cat":[672,670],"product_tag":[],"class_list":{"0":"post-55970","1":"product","2":"type-product","3":"status-publish","4":"has-post-thumbnail","6":"product_cat-electric-guitars","7":"product_cat-guitars","8":"product_shipping_class-dbschenker-noutopistepaketti-en","9":"pa_valmistaja-yamaha","11":"first","12":"instock","13":"taxable","14":"shipping-taxable","15":"purchasable","16":"product-type-simple"},"acf":[],"_links":{"self":[{"href":"https:\/\/www.kitarakuu.fi\/en\/wp-json\/wp\/v2\/product\/55970","targetHints":{"allow":["GET"]}}],"collection":[{"href":"https:\/\/www.kitarakuu.fi\/en\/wp-json\/wp\/v2\/product"}],"about":[{"href":"https:\/\/www.kitarakuu.fi\/en\/wp-json\/wp\/v2\/types\/product"}],"replies":[{"embeddable":true,"href":"https:\/\/www.kitarakuu.fi\/en\/wp-json\/wp\/v2\/comments?post=55970"}],"wp:featuredmedia":[{"embeddable":true,"href":"https:\/\/www.kitarakuu.fi\/en\/wp-json\/wp\/v2\/media\/55977"}],"wp:attachment":[{"href":"https:\/\/www.kitarakuu.fi\/en\/wp-json\/wp\/v2\/media?parent=55970"}],"wp:term":[{"taxonomy":"product_brand","embeddable":true,"href":"https:\/\/www.kitarakuu.fi\/en\/wp-json\/wp\/v2\/product_brand?post=55970"},{"taxonomy":"product_cat","embeddable":true,"href":"https:\/\/www.kitarakuu.fi\/en\/wp-json\/wp\/v2\/product_cat?post=55970"},{"taxonomy":"product_tag","embeddable":true,"href":"https:\/\/www.kitarakuu.fi\/en\/wp-json\/wp\/v2\/product_tag?post=55970"}],"curies":[{"name":"wp","href":"https:\/\/api.w.org\/{rel}","templated":true}]}}