{"id":55963,"date":"2026-04-15T11:56:51","date_gmt":"2026-04-15T08:56:51","guid":{"rendered":"https:\/\/www.kitarakuu.fi\/tuotteet\/uncategorized\/vox-ac50-mkiv-n-1965-head-vox-foundation-bass-cab\/"},"modified":"2026-04-15T11:56:51","modified_gmt":"2026-04-15T08:56:51","slug":"vox-ac50-mkiv-n-1965-head-vox-foundation-bass-cab","status":"publish","type":"product","link":"https:\/\/www.kitarakuu.fi\/en\/products\/amps\/head-cabinet\/vox-ac50-mkiv-n-1965-head-vox-foundation-bass-cab\/","title":{"rendered":"VOX AC50 MKIV n.1965 head\/VOX Foundation Bass cab"},"content":{"rendered":"<p>T\u00e4ysin huollettu (huoltoraportti mukana),uusilla EL-34 p\u00e4\u00e4teputkilla varustettu huikeasoundinen perinnesetti basistille tai kitaristille<\/p>\n<p>Tasasuuntaus diodeilla (uudet)<\/p>\n<p>My\u00f6hemmin valmistetun bassorefleksikaapin 1&#215;18&#8243; kajautin vaihdettu PA-elementtiin, joka toimii loistavasti basson kanssa<\/p>\n<p>Taakkaliinoista tehdyt kahvat<\/p>\n","protected":false},"excerpt":{"rendered":"<p>T\u00e4ysin huollettu (huoltoraportti mukana),uusilla EL-34 p\u00e4\u00e4teputkilla varustettu huikeasoundinen perinnesetti basistille tai kitaristille Tasasuuntaus diodeilla (uudet) My\u00f6hemmin valmistetun bassorefleksikaapin 1&#215;18&#8243; kajautin vaihdettu PA-elementtiin, joka toimii loistavasti basson kanssa Taakkaliinoista tehdyt kahvat<\/p>\n","protected":false},"featured_media":55969,"comment_status":"open","ping_status":"closed","template":"","meta":{"_acf_changed":false},"product_brand":[],"product_cat":[532,1289],"product_tag":[],"class_list":{"0":"post-55963","1":"product","2":"type-product","3":"status-publish","4":"has-post-thumbnail","6":"product_cat-amps","7":"product_cat-head-cabinet","8":"pa_valmistaja-vox","10":"first","11":"instock","12":"taxable","13":"shipping-taxable","14":"purchasable","15":"product-type-simple"},"acf":[],"_links":{"self":[{"href":"https:\/\/www.kitarakuu.fi\/en\/wp-json\/wp\/v2\/product\/55963","targetHints":{"allow":["GET"]}}],"collection":[{"href":"https:\/\/www.kitarakuu.fi\/en\/wp-json\/wp\/v2\/product"}],"about":[{"href":"https:\/\/www.kitarakuu.fi\/en\/wp-json\/wp\/v2\/types\/product"}],"replies":[{"embeddable":true,"href":"https:\/\/www.kitarakuu.fi\/en\/wp-json\/wp\/v2\/comments?post=55963"}],"wp:featuredmedia":[{"embeddable":true,"href":"https:\/\/www.kitarakuu.fi\/en\/wp-json\/wp\/v2\/media\/55969"}],"wp:attachment":[{"href":"https:\/\/www.kitarakuu.fi\/en\/wp-json\/wp\/v2\/media?parent=55963"}],"wp:term":[{"taxonomy":"product_brand","embeddable":true,"href":"https:\/\/www.kitarakuu.fi\/en\/wp-json\/wp\/v2\/product_brand?post=55963"},{"taxonomy":"product_cat","embeddable":true,"href":"https:\/\/www.kitarakuu.fi\/en\/wp-json\/wp\/v2\/product_cat?post=55963"},{"taxonomy":"product_tag","embeddable":true,"href":"https:\/\/www.kitarakuu.fi\/en\/wp-json\/wp\/v2\/product_tag?post=55963"}],"curies":[{"name":"wp","href":"https:\/\/api.w.org\/{rel}","templated":true}]}}