{"id":55954,"date":"2026-04-16T21:13:37","date_gmt":"2026-04-16T18:13:37","guid":{"rendered":"https:\/\/www.kitarakuu.fi\/tuotteet\/uncategorized\/gibson-sj200-standard-2016-natural\/"},"modified":"2026-04-16T21:13:37","modified_gmt":"2026-04-16T18:13:37","slug":"gibson-sj200-standard-2016-natural","status":"publish","type":"product","link":"https:\/\/www.kitarakuu.fi\/en\/products\/guitars\/acoustic-guitars\/gibson-sj200-standard-2016-natural\/","title":{"rendered":"Gibson SJ200 Standard 2016 Natural"},"content":{"rendered":"<p>Muhkeasointinen, n\u00e4ytt\u00e4v\u00e4 Southern Jumbo<\/p>\n<p>Napakka, fokusoiva sointi vaahterarakenteensa ansiosta<\/p>\n<p>Kaulan leveys satulalla 44mm\/12. nauha 52mm<\/p>\n<p>LR Baggs -mikrofoni\/etuaste<\/p>\n<p>Luonnollista k\u00e4yt\u00f6nj\u00e4lke\u00e4, yleisilmeelt\u00e4\u00e4n eritt\u00e4in siisti soitin<\/p>\n<p>Plektrasuojus hieman k\u00e4rjist\u00e4\u00e4n noussut n\u00e4ille tyypillisesti<\/p>\n<p>Alkuper\u00e4inen kova laukku<\/p>\n","protected":false},"excerpt":{"rendered":"<p>Muhkeasointinen, n\u00e4ytt\u00e4v\u00e4 Southern Jumbo Napakka, fokusoiva sointi vaahterarakenteensa ansiosta Kaulan leveys satulalla 44mm\/12. nauha 52mm LR Baggs -mikrofoni\/etuaste Luonnollista k\u00e4yt\u00f6nj\u00e4lke\u00e4, yleisilmeelt\u00e4\u00e4n eritt\u00e4in siisti soitin Plektrasuojus hieman k\u00e4rjist\u00e4\u00e4n noussut n\u00e4ille tyypillisesti Alkuper\u00e4inen kova laukku<\/p>\n","protected":false},"featured_media":55955,"comment_status":"open","ping_status":"closed","template":"","meta":{"_acf_changed":false},"product_brand":[],"product_cat":[671,670],"product_tag":[],"class_list":{"0":"post-55954","1":"product","2":"type-product","3":"status-publish","4":"has-post-thumbnail","6":"product_cat-acoustic-guitars","7":"product_cat-guitars","8":"product_shipping_class-dbschenker-noutopistepaketti-en","9":"pa_valmistaja-gibson","11":"first","12":"instock","13":"taxable","14":"shipping-taxable","15":"purchasable","16":"product-type-simple"},"acf":[],"_links":{"self":[{"href":"https:\/\/www.kitarakuu.fi\/en\/wp-json\/wp\/v2\/product\/55954","targetHints":{"allow":["GET"]}}],"collection":[{"href":"https:\/\/www.kitarakuu.fi\/en\/wp-json\/wp\/v2\/product"}],"about":[{"href":"https:\/\/www.kitarakuu.fi\/en\/wp-json\/wp\/v2\/types\/product"}],"replies":[{"embeddable":true,"href":"https:\/\/www.kitarakuu.fi\/en\/wp-json\/wp\/v2\/comments?post=55954"}],"wp:featuredmedia":[{"embeddable":true,"href":"https:\/\/www.kitarakuu.fi\/en\/wp-json\/wp\/v2\/media\/55955"}],"wp:attachment":[{"href":"https:\/\/www.kitarakuu.fi\/en\/wp-json\/wp\/v2\/media?parent=55954"}],"wp:term":[{"taxonomy":"product_brand","embeddable":true,"href":"https:\/\/www.kitarakuu.fi\/en\/wp-json\/wp\/v2\/product_brand?post=55954"},{"taxonomy":"product_cat","embeddable":true,"href":"https:\/\/www.kitarakuu.fi\/en\/wp-json\/wp\/v2\/product_cat?post=55954"},{"taxonomy":"product_tag","embeddable":true,"href":"https:\/\/www.kitarakuu.fi\/en\/wp-json\/wp\/v2\/product_tag?post=55954"}],"curies":[{"name":"wp","href":"https:\/\/api.w.org\/{rel}","templated":true}]}}