{"id":55945,"date":"2026-04-17T17:01:51","date_gmt":"2026-04-17T14:01:51","guid":{"rendered":"https:\/\/www.kitarakuu.fi\/tuotteet\/uncategorized\/gibson-les-paul-standard-lpr8-custom-shop-historic-reissue-2007\/"},"modified":"2026-04-17T17:01:51","modified_gmt":"2026-04-17T14:01:51","slug":"gibson-les-paul-standard-lpr8-custom-shop-historic-reissue-2007","status":"publish","type":"product","link":"https:\/\/www.kitarakuu.fi\/en\/products\/guitars\/electric-guitars\/gibson-les-paul-standard-lpr8-custom-shop-historic-reissue-2007\/","title":{"rendered":"Gibson Les Paul Standard LPR8 Custom Shop Historic Reissue 2007"},"content":{"rendered":"<p>Kaunis Plain Top -kansi, runko yhdest\u00e4 mahongin palasta<\/p>\n<p>Py\u00f6re\u00e4 50`s kaula -reilu, mutta ei j\u00e4tti<\/p>\n<p>Upea sointi, loistavat Burstbucker #1\/#2 -mikit<\/p>\n<p>Kitaratelineeseen sulanut nitrol\u00e4ikk\u00e4 takapuolella ja takakantissa j\u00e4lki\u00e4 huolettomasta el\u00e4m\u00e4st\u00e4<\/p>\n<p>Kielisatula vaihdettu TUSQ:iin, alkuper\u00e4inen mukana<\/p>\n<p>Headstockin takana pieni puun lohkeama<\/p>\n<p>Alkuper\u00e4inen laukku , COA ja kaikki muut paperit<\/p>\n","protected":false},"excerpt":{"rendered":"<p>Kaunis Plain Top -kansi, runko yhdest\u00e4 mahongin palasta Py\u00f6re\u00e4 50`s kaula -reilu, mutta ei j\u00e4tti Upea sointi, loistavat Burstbucker #1\/#2 -mikit Kitaratelineeseen sulanut nitrol\u00e4ikk\u00e4 takapuolella ja takakantissa j\u00e4lki\u00e4 huolettomasta el\u00e4m\u00e4st\u00e4 Kielisatula vaihdettu TUSQ:iin, alkuper\u00e4inen mukana Headstockin takana pieni puun lohkeama Alkuper\u00e4inen laukku , COA ja kaikki muut paperit<\/p>\n","protected":false},"featured_media":55946,"comment_status":"open","ping_status":"closed","template":"","meta":{"_acf_changed":false},"product_brand":[],"product_cat":[672,670],"product_tag":[],"class_list":{"0":"post-55945","1":"product","2":"type-product","3":"status-publish","4":"has-post-thumbnail","6":"product_cat-electric-guitars","7":"product_cat-guitars","8":"product_shipping_class-dbschenker-noutopistepaketti-en","9":"pa_valmistaja-gibson","11":"first","12":"instock","13":"taxable","14":"shipping-taxable","15":"purchasable","16":"product-type-simple"},"acf":[],"_links":{"self":[{"href":"https:\/\/www.kitarakuu.fi\/en\/wp-json\/wp\/v2\/product\/55945","targetHints":{"allow":["GET"]}}],"collection":[{"href":"https:\/\/www.kitarakuu.fi\/en\/wp-json\/wp\/v2\/product"}],"about":[{"href":"https:\/\/www.kitarakuu.fi\/en\/wp-json\/wp\/v2\/types\/product"}],"replies":[{"embeddable":true,"href":"https:\/\/www.kitarakuu.fi\/en\/wp-json\/wp\/v2\/comments?post=55945"}],"wp:featuredmedia":[{"embeddable":true,"href":"https:\/\/www.kitarakuu.fi\/en\/wp-json\/wp\/v2\/media\/55946"}],"wp:attachment":[{"href":"https:\/\/www.kitarakuu.fi\/en\/wp-json\/wp\/v2\/media?parent=55945"}],"wp:term":[{"taxonomy":"product_brand","embeddable":true,"href":"https:\/\/www.kitarakuu.fi\/en\/wp-json\/wp\/v2\/product_brand?post=55945"},{"taxonomy":"product_cat","embeddable":true,"href":"https:\/\/www.kitarakuu.fi\/en\/wp-json\/wp\/v2\/product_cat?post=55945"},{"taxonomy":"product_tag","embeddable":true,"href":"https:\/\/www.kitarakuu.fi\/en\/wp-json\/wp\/v2\/product_tag?post=55945"}],"curies":[{"name":"wp","href":"https:\/\/api.w.org\/{rel}","templated":true}]}}