{"id":55934,"date":"2026-04-18T07:56:18","date_gmt":"2026-04-18T04:56:18","guid":{"rendered":"https:\/\/www.kitarakuu.fi\/tuotteet\/uncategorized\/gretsch-double-anniversary-g6117-1968\/"},"modified":"2026-04-18T07:56:18","modified_gmt":"2026-04-18T04:56:18","slug":"gretsch-double-anniversary-g6117-1968","status":"publish","type":"product","link":"https:\/\/www.kitarakuu.fi\/en\/products\/guitars\/electric-guitars\/gretsch-double-anniversary-g6117-1968\/","title":{"rendered":"Gretsch Double Anniversary G6117 1968"},"content":{"rendered":"<p>Kunnostettu hyv\u00e4sointinen, viile\u00e4 vetopeli perinnerientoihin<\/p>\n<p>Alkuper\u00e4iset HiLo`Tron -mikrofonit<\/p>\n<p>Neo-Classic\/Half Moon -otelautamerkit<\/p>\n<p>Uudemmat Bigsby B-7 ja Bigsby -talla, joka on kompensoitu punotulle G:lle<\/p>\n<p>Kaularaudan s\u00e4\u00e4t\u00f6 toimii hyvin, s\u00e4\u00e4t\u00f6poteron muovinen peitelevy on kahdesti katkennut ja liimattu<\/p>\n<p>Kaulanliitoksen korkoon on lis\u00e4tty n\u00e4ille tyypillinen &#8220;varmistusruuvi&#8221;, kaula on vakaa: tallassa on s\u00e4\u00e4t\u00f6varaa molempiin suuntiin<\/p>\n<p>Reunalistojissa&#8221;Binding Rot&#8221; -ilmi\u00f6t\u00e4\/murenemista, jonka etenemist\u00e4 on ehk\u00e4isty lakalla<\/p>\n<p>Uudelleennauhoitettu<\/p>\n<p>Kova laukku<\/p>\n","protected":false},"excerpt":{"rendered":"<p>Kunnostettu hyv\u00e4sointinen, viile\u00e4 vetopeli perinnerientoihin Alkuper\u00e4iset HiLo`Tron -mikrofonit Neo-Classic\/Half Moon -otelautamerkit Uudemmat Bigsby B-7 ja Bigsby -talla, joka on kompensoitu punotulle G:lle Kaularaudan s\u00e4\u00e4t\u00f6 toimii hyvin, s\u00e4\u00e4t\u00f6poteron muovinen peitelevy on kahdesti katkennut ja liimattu Kaulanliitoksen korkoon on lis\u00e4tty n\u00e4ille tyypillinen &#8220;varmistusruuvi&#8221;, kaula on vakaa: tallassa on s\u00e4\u00e4t\u00f6varaa molempiin suuntiin Reunalistojissa&#8221;Binding Rot&#8221; -ilmi\u00f6t\u00e4\/murenemista, jonka etenemist\u00e4 on [&hellip;]<\/p>\n","protected":false},"featured_media":55935,"comment_status":"open","ping_status":"closed","template":"","meta":{"_acf_changed":false},"product_brand":[],"product_cat":[672,670],"product_tag":[],"class_list":{"0":"post-55934","1":"product","2":"type-product","3":"status-publish","4":"has-post-thumbnail","6":"product_cat-electric-guitars","7":"product_cat-guitars","8":"product_shipping_class-dbschenker-noutopistepaketti-en","9":"pa_valmistaja-gretsch","11":"first","12":"instock","13":"taxable","14":"shipping-taxable","15":"purchasable","16":"product-type-simple"},"acf":[],"_links":{"self":[{"href":"https:\/\/www.kitarakuu.fi\/en\/wp-json\/wp\/v2\/product\/55934","targetHints":{"allow":["GET"]}}],"collection":[{"href":"https:\/\/www.kitarakuu.fi\/en\/wp-json\/wp\/v2\/product"}],"about":[{"href":"https:\/\/www.kitarakuu.fi\/en\/wp-json\/wp\/v2\/types\/product"}],"replies":[{"embeddable":true,"href":"https:\/\/www.kitarakuu.fi\/en\/wp-json\/wp\/v2\/comments?post=55934"}],"wp:featuredmedia":[{"embeddable":true,"href":"https:\/\/www.kitarakuu.fi\/en\/wp-json\/wp\/v2\/media\/55935"}],"wp:attachment":[{"href":"https:\/\/www.kitarakuu.fi\/en\/wp-json\/wp\/v2\/media?parent=55934"}],"wp:term":[{"taxonomy":"product_brand","embeddable":true,"href":"https:\/\/www.kitarakuu.fi\/en\/wp-json\/wp\/v2\/product_brand?post=55934"},{"taxonomy":"product_cat","embeddable":true,"href":"https:\/\/www.kitarakuu.fi\/en\/wp-json\/wp\/v2\/product_cat?post=55934"},{"taxonomy":"product_tag","embeddable":true,"href":"https:\/\/www.kitarakuu.fi\/en\/wp-json\/wp\/v2\/product_tag?post=55934"}],"curies":[{"name":"wp","href":"https:\/\/api.w.org\/{rel}","templated":true}]}}