{"id":55670,"date":"2026-03-25T18:59:44","date_gmt":"2026-03-25T16:59:44","guid":{"rendered":"https:\/\/www.kitarakuu.fi\/tuotteet\/uncategorized\/prs-ce24-blue-matteo-2020\/"},"modified":"2026-03-25T18:59:44","modified_gmt":"2026-03-25T16:59:44","slug":"prs-ce24-blue-matteo-2020","status":"publish","type":"product","link":"https:\/\/www.kitarakuu.fi\/en\/products\/guitars\/electric-guitars\/prs-ce24-blue-matteo-2020\/","title":{"rendered":"PRS CE24 Blue Matteo 2020"},"content":{"rendered":"<p>Mainio huollettu p\u00e4rssinen l\u00e4hes uudenveroisessa kunnossa, vain pari pient\u00e4 kolhua<\/p>\n<p>PRS 85\/15-mikrofonit puolituksilla<\/p>\n<p>Mukava &#8220;Pattern Thin&#8221; -kaulaprofiili, otelaudan\u00a0<span style=\"font-size: 1rem;\">radius\u00a0<\/span><span style=\"font-size: 1rem;\">12\u2033, 24 nauhaa<\/span><\/p>\n<p>PRS keikkakassi<\/p>\n","protected":false},"excerpt":{"rendered":"<p>Mainio huollettu p\u00e4rssinen l\u00e4hes uudenveroisessa kunnossa, vain pari pient\u00e4 kolhua PRS 85\/15-mikrofonit puolituksilla Mukava &#8220;Pattern Thin&#8221; -kaulaprofiili, otelaudan\u00a0radius\u00a012\u2033, 24 nauhaa PRS keikkakassi<\/p>\n","protected":false},"featured_media":55671,"comment_status":"open","ping_status":"closed","template":"","meta":{"_acf_changed":false},"product_brand":[],"product_cat":[672,670],"product_tag":[],"class_list":{"0":"post-55670","1":"product","2":"type-product","3":"status-publish","4":"has-post-thumbnail","6":"product_cat-electric-guitars","7":"product_cat-guitars","8":"product_shipping_class-dbschenker-noutopistepaketti-en","9":"pa_valmistaja-prs","11":"first","12":"instock","13":"taxable","14":"shipping-taxable","15":"purchasable","16":"product-type-simple"},"acf":[],"_links":{"self":[{"href":"https:\/\/www.kitarakuu.fi\/en\/wp-json\/wp\/v2\/product\/55670","targetHints":{"allow":["GET"]}}],"collection":[{"href":"https:\/\/www.kitarakuu.fi\/en\/wp-json\/wp\/v2\/product"}],"about":[{"href":"https:\/\/www.kitarakuu.fi\/en\/wp-json\/wp\/v2\/types\/product"}],"replies":[{"embeddable":true,"href":"https:\/\/www.kitarakuu.fi\/en\/wp-json\/wp\/v2\/comments?post=55670"}],"wp:featuredmedia":[{"embeddable":true,"href":"https:\/\/www.kitarakuu.fi\/en\/wp-json\/wp\/v2\/media\/55671"}],"wp:attachment":[{"href":"https:\/\/www.kitarakuu.fi\/en\/wp-json\/wp\/v2\/media?parent=55670"}],"wp:term":[{"taxonomy":"product_brand","embeddable":true,"href":"https:\/\/www.kitarakuu.fi\/en\/wp-json\/wp\/v2\/product_brand?post=55670"},{"taxonomy":"product_cat","embeddable":true,"href":"https:\/\/www.kitarakuu.fi\/en\/wp-json\/wp\/v2\/product_cat?post=55670"},{"taxonomy":"product_tag","embeddable":true,"href":"https:\/\/www.kitarakuu.fi\/en\/wp-json\/wp\/v2\/product_tag?post=55670"}],"curies":[{"name":"wp","href":"https:\/\/api.w.org\/{rel}","templated":true}]}}