{"id":55432,"date":"2026-02-24T19:46:59","date_gmt":"2026-02-24T17:46:59","guid":{"rendered":"https:\/\/www.kitarakuu.fi\/tuotteet\/uncategorized\/k-yairi-dy40-2002-japan\/"},"modified":"2026-03-10T07:55:32","modified_gmt":"2026-03-10T05:55:32","slug":"k-yairi-dy40-2002-japan","status":"publish","type":"product","link":"https:\/\/www.kitarakuu.fi\/en\/products\/guitars\/acoustic-guitars\/k-yairi-dy40-2002-japan\/","title":{"rendered":"K.Yairi DY40 2002 Japan"},"content":{"rendered":"<pre id=\"tw-target-text\" class=\"tw-data-text tw-text-large tw-ta\" dir=\"ltr\" tabindex=\"-1\" role=\"text\" data-placeholder=\"K\u00e4\u00e4nn\u00f6s\" data-ved=\"2ahUKEwjttdbHz5STAxX-8rsIHRJyEtoQ3ewLegQIDBAX\" aria-label=\"K\u00e4\u00e4nnetty teksti: D-body quality instrument from Japan\r\n\r\nEasily catchy, dynamic sound\r\n\r\nAmplified piezo pickup, no adjustments\r\n\r\nSlight signs of wear on the back cover, otherwise a serviced instrument in almost new condition\r\n\r\nNon-original convex-lid case\"><span class=\"Y2IQFc\" lang=\"en\">D-body high-quality instrument from Japan\r\n\r\nEasily catchy, dynamic sound\r\n\r\nAmplified piezo pickup, no adjustments\r\n\r\nSlight signs of wear on the back cover, otherwise a serviced instrument in almost new condition\r\n\r\nNon-original hard shell case<\/span><\/pre>\n","protected":false},"excerpt":{"rendered":"<p>D-body high-quality instrument from Japan Easily catchy, dynamic sound Amplified piezo pickup, no adjustments Slight signs of wear on the back cover, otherwise a serviced instrument in almost new condition Non-original hard shell case<\/p>\n","protected":false},"featured_media":55433,"comment_status":"closed","ping_status":"closed","template":"","meta":{"_acf_changed":false},"product_brand":[],"product_cat":[671,670],"product_tag":[],"class_list":{"0":"post-55432","1":"product","2":"type-product","3":"status-publish","4":"has-post-thumbnail","6":"product_cat-acoustic-guitars","7":"product_cat-guitars","8":"product_shipping_class-dbschenker-noutopistepaketti-en","9":"pa_valmistaja-k-yairi","11":"first","12":"outofstock","13":"taxable","14":"shipping-taxable","15":"product-type-simple"},"acf":[],"_links":{"self":[{"href":"https:\/\/www.kitarakuu.fi\/en\/wp-json\/wp\/v2\/product\/55432","targetHints":{"allow":["GET"]}}],"collection":[{"href":"https:\/\/www.kitarakuu.fi\/en\/wp-json\/wp\/v2\/product"}],"about":[{"href":"https:\/\/www.kitarakuu.fi\/en\/wp-json\/wp\/v2\/types\/product"}],"replies":[{"embeddable":true,"href":"https:\/\/www.kitarakuu.fi\/en\/wp-json\/wp\/v2\/comments?post=55432"}],"wp:featuredmedia":[{"embeddable":true,"href":"https:\/\/www.kitarakuu.fi\/en\/wp-json\/wp\/v2\/media\/55433"}],"wp:attachment":[{"href":"https:\/\/www.kitarakuu.fi\/en\/wp-json\/wp\/v2\/media?parent=55432"}],"wp:term":[{"taxonomy":"product_brand","embeddable":true,"href":"https:\/\/www.kitarakuu.fi\/en\/wp-json\/wp\/v2\/product_brand?post=55432"},{"taxonomy":"product_cat","embeddable":true,"href":"https:\/\/www.kitarakuu.fi\/en\/wp-json\/wp\/v2\/product_cat?post=55432"},{"taxonomy":"product_tag","embeddable":true,"href":"https:\/\/www.kitarakuu.fi\/en\/wp-json\/wp\/v2\/product_tag?post=55432"}],"curies":[{"name":"wp","href":"https:\/\/api.w.org\/{rel}","templated":true}]}}