{"id":55424,"date":"2026-02-25T10:31:02","date_gmt":"2026-02-25T08:31:02","guid":{"rendered":"https:\/\/www.kitarakuu.fi\/tuotteet\/uncategorized\/ibanez-roadstar-ii-1984\/"},"modified":"2026-03-10T07:52:53","modified_gmt":"2026-03-10T05:52:53","slug":"ibanez-roadstar-ii-1984","status":"publish","type":"product","link":"https:\/\/www.kitarakuu.fi\/en\/products\/guitars\/electric-guitars\/ibanez-roadstar-ii-1984\/","title":{"rendered":"Ibanez Roadstar II 1984"},"content":{"rendered":"<pre id=\"tw-target-text\" class=\"tw-data-text tw-text-large tw-ta\" dir=\"ltr\" tabindex=\"-1\" role=\"text\" data-placeholder=\"K\u00e4\u00e4nn\u00f6s\" data-ved=\"2ahUKEwjttdbHz5STAxX-8rsIHRJyEtoQ3ewLegQIDBAX\" aria-label=\"K\u00e4\u00e4nnetty teksti: Luke or not Luke? Non-signature version of RS1010 -Marine burstkin...\r\n\r\nExcellent Ibanez Super 58 humbuckers with coil split pots: push-push (&quot;Duo Sound&quot; switches)\r\n\r\nFreaks just sanded\/polished and guitar serviced on 10\/46 strings\r\n\r\nPro Rock&#96;r now set to stiff due to missing crank - you can get them...\r\n\r\nLost string lock on the bridge replaced with a pull-down bar\r\n\r\nOne fine tuning screw bent, lots of wear\/dings\"><span class=\"Y2IQFc\" lang=\"en\">Luke or not Luke? Non-signature version of RS1010 -Marine burs...\r\n\r\nExcellent Ibanez Super 58 humbuckers with coil split pots: push-push (\"Duo Sound\" switches)\r\n\r\nFrets just leveled\/polished and set up for 10\/46 strings\r\n\r\nPro Rock`r now set down to top due to missing arm - you can get these online ...\r\n\r\nMissing nut lock on the bridge -replaced with a string retainer bar\r\n\r\nOne of the fine tuning screws is bent, lots of wear\/dings<\/span><\/pre>\n","protected":false},"excerpt":{"rendered":"<p>Luke or not Luke? Non-signature version of RS1010 -Marine burs&#8230; Excellent Ibanez Super 58 humbuckers with coil split pots: push-push (&#8220;Duo Sound&#8221; switches) Frets just leveled\/polished and set up for 10\/46 strings Pro Rock`r now set down to top due to missing arm &#8211; you can get these online &#8230; Missing nut lock on the [&hellip;]<\/p>\n","protected":false},"featured_media":55429,"comment_status":"closed","ping_status":"closed","template":"","meta":{"_acf_changed":false},"product_brand":[],"product_cat":[672,670],"product_tag":[],"class_list":{"0":"post-55424","1":"product","2":"type-product","3":"status-publish","4":"has-post-thumbnail","6":"product_cat-electric-guitars","7":"product_cat-guitars","8":"product_shipping_class-dbschenker-noutopistepaketti-en","9":"pa_valmistaja-ibanez","11":"first","12":"instock","13":"taxable","14":"shipping-taxable","15":"purchasable","16":"product-type-simple"},"acf":[],"_links":{"self":[{"href":"https:\/\/www.kitarakuu.fi\/en\/wp-json\/wp\/v2\/product\/55424","targetHints":{"allow":["GET"]}}],"collection":[{"href":"https:\/\/www.kitarakuu.fi\/en\/wp-json\/wp\/v2\/product"}],"about":[{"href":"https:\/\/www.kitarakuu.fi\/en\/wp-json\/wp\/v2\/types\/product"}],"replies":[{"embeddable":true,"href":"https:\/\/www.kitarakuu.fi\/en\/wp-json\/wp\/v2\/comments?post=55424"}],"wp:featuredmedia":[{"embeddable":true,"href":"https:\/\/www.kitarakuu.fi\/en\/wp-json\/wp\/v2\/media\/55429"}],"wp:attachment":[{"href":"https:\/\/www.kitarakuu.fi\/en\/wp-json\/wp\/v2\/media?parent=55424"}],"wp:term":[{"taxonomy":"product_brand","embeddable":true,"href":"https:\/\/www.kitarakuu.fi\/en\/wp-json\/wp\/v2\/product_brand?post=55424"},{"taxonomy":"product_cat","embeddable":true,"href":"https:\/\/www.kitarakuu.fi\/en\/wp-json\/wp\/v2\/product_cat?post=55424"},{"taxonomy":"product_tag","embeddable":true,"href":"https:\/\/www.kitarakuu.fi\/en\/wp-json\/wp\/v2\/product_tag?post=55424"}],"curies":[{"name":"wp","href":"https:\/\/api.w.org\/{rel}","templated":true}]}}