{"id":55422,"date":"2026-02-28T11:15:35","date_gmt":"2026-02-28T09:15:35","guid":{"rendered":"https:\/\/www.kitarakuu.fi\/tuotteet\/uncategorized\/kasuga-es-335\/"},"modified":"2026-03-10T07:47:53","modified_gmt":"2026-03-10T05:47:53","slug":"kasuga-es-335","status":"publish","type":"product","link":"https:\/\/www.kitarakuu.fi\/en\/products\/guitars\/electric-guitars\/kasuga-es-335\/","title":{"rendered":"Kasuga ES-335"},"content":{"rendered":"<pre id=\"tw-target-text\" class=\"tw-data-text tw-text-large tw-ta\" dir=\"ltr\" tabindex=\"-1\" role=\"text\" data-placeholder=\"K\u00e4\u00e4nn\u00f6s\" data-ved=\"2ahUKEwjttdbHz5STAxX-8rsIHRJyEtoQ3ewLegQIDBAX\" aria-label=\"K\u00e4\u00e4nnetty teksti: Excellent semi-acoustic from the mid-70s from Kasuga's own factory\r\n\r\nMahogany neck and laminate body, true to its original design\r\n\r\nHigh-quality Grover tuners replaced, otherwise original\r\n\r\nSerial number: 87XX\r\n\r\nSome dings\/marks of wear, but excellent playability; well-maintained guitar\"><span class=\"Y2IQFc\" lang=\"en\">Excellent semi-acoustic from the mid-70s from Kasuga's own factory\r\n\r\nMahogany neck and maple laminate body, faithful to its original design\r\n\r\nHigh-quality Grover tuners replaced, otherwise original\r\n\r\nSerial number: 87XX\r\n\r\nSome dings\/marks of wear, but excellent playability; well-maintained guitar<\/span><\/pre>\n","protected":false},"excerpt":{"rendered":"<p>Excellent semi-acoustic from the mid-70s from Kasuga&#8217;s own factory Mahogany neck and maple laminate body, faithful to its original design High-quality Grover tuners replaced, otherwise original Serial number: 87XX Some dings\/marks of wear, but excellent playability; well-maintained guitar<\/p>\n","protected":false},"featured_media":55402,"comment_status":"closed","ping_status":"closed","template":"","meta":{"_acf_changed":false},"product_brand":[],"product_cat":[672,670],"product_tag":[],"class_list":{"0":"post-55422","1":"product","2":"type-product","3":"status-publish","4":"has-post-thumbnail","6":"product_cat-electric-guitars","7":"product_cat-guitars","8":"product_shipping_class-dbschenker-noutopistepaketti-en","9":"pa_valmistaja-kasuga","11":"first","12":"instock","13":"taxable","14":"shipping-taxable","15":"purchasable","16":"product-type-simple"},"acf":[],"_links":{"self":[{"href":"https:\/\/www.kitarakuu.fi\/en\/wp-json\/wp\/v2\/product\/55422","targetHints":{"allow":["GET"]}}],"collection":[{"href":"https:\/\/www.kitarakuu.fi\/en\/wp-json\/wp\/v2\/product"}],"about":[{"href":"https:\/\/www.kitarakuu.fi\/en\/wp-json\/wp\/v2\/types\/product"}],"replies":[{"embeddable":true,"href":"https:\/\/www.kitarakuu.fi\/en\/wp-json\/wp\/v2\/comments?post=55422"}],"wp:featuredmedia":[{"embeddable":true,"href":"https:\/\/www.kitarakuu.fi\/en\/wp-json\/wp\/v2\/media\/55402"}],"wp:attachment":[{"href":"https:\/\/www.kitarakuu.fi\/en\/wp-json\/wp\/v2\/media?parent=55422"}],"wp:term":[{"taxonomy":"product_brand","embeddable":true,"href":"https:\/\/www.kitarakuu.fi\/en\/wp-json\/wp\/v2\/product_brand?post=55422"},{"taxonomy":"product_cat","embeddable":true,"href":"https:\/\/www.kitarakuu.fi\/en\/wp-json\/wp\/v2\/product_cat?post=55422"},{"taxonomy":"product_tag","embeddable":true,"href":"https:\/\/www.kitarakuu.fi\/en\/wp-json\/wp\/v2\/product_tag?post=55422"}],"curies":[{"name":"wp","href":"https:\/\/api.w.org\/{rel}","templated":true}]}}