{"id":55404,"date":"2026-03-06T15:43:08","date_gmt":"2026-03-06T13:43:08","guid":{"rendered":"https:\/\/www.kitarakuu.fi\/tuotteet\/uncategorized\/eastwood-e20p-2014\/"},"modified":"2026-03-10T12:53:50","modified_gmt":"2026-03-10T10:53:50","slug":"eastwood-e20p-2014","status":"publish","type":"product","link":"https:\/\/www.kitarakuu.fi\/en\/products\/guitars\/acoustic-guitars\/eastwood-e20p-2014\/","title":{"rendered":"Eastman E20P 2014"},"content":{"rendered":"<p>Mukava, laadukas parlorkitara , k\u00e4sity\u00f6t\u00e4 Kiinasta<\/p>\n<p>Muutama pieni kolhu\/naarmu, yleisilmeelt\u00e4\u00e4n siisti kitara<\/p>\n<p>Alkuper\u00e4inen kova laukku<\/p>\n","protected":false},"excerpt":{"rendered":"<p>Mukava, laadukas parlorkitara , k\u00e4sity\u00f6t\u00e4 Kiinasta Muutama pieni kolhu\/naarmu, yleisilmeelt\u00e4\u00e4n siisti kitara Alkuper\u00e4inen kova laukku<\/p>\n","protected":false},"featured_media":55409,"comment_status":"closed","ping_status":"closed","template":"","meta":{"_acf_changed":false},"product_brand":[],"product_cat":[671,670],"product_tag":[],"class_list":{"0":"post-55404","1":"product","2":"type-product","3":"status-publish","4":"has-post-thumbnail","6":"product_cat-acoustic-guitars","7":"product_cat-guitars","8":"product_shipping_class-dbschenker-noutopistepaketti-en","9":"pa_valmistaja-eastman","11":"first","12":"instock","13":"taxable","14":"shipping-taxable","15":"purchasable","16":"product-type-simple"},"acf":[],"_links":{"self":[{"href":"https:\/\/www.kitarakuu.fi\/en\/wp-json\/wp\/v2\/product\/55404","targetHints":{"allow":["GET"]}}],"collection":[{"href":"https:\/\/www.kitarakuu.fi\/en\/wp-json\/wp\/v2\/product"}],"about":[{"href":"https:\/\/www.kitarakuu.fi\/en\/wp-json\/wp\/v2\/types\/product"}],"replies":[{"embeddable":true,"href":"https:\/\/www.kitarakuu.fi\/en\/wp-json\/wp\/v2\/comments?post=55404"}],"wp:featuredmedia":[{"embeddable":true,"href":"https:\/\/www.kitarakuu.fi\/en\/wp-json\/wp\/v2\/media\/55409"}],"wp:attachment":[{"href":"https:\/\/www.kitarakuu.fi\/en\/wp-json\/wp\/v2\/media?parent=55404"}],"wp:term":[{"taxonomy":"product_brand","embeddable":true,"href":"https:\/\/www.kitarakuu.fi\/en\/wp-json\/wp\/v2\/product_brand?post=55404"},{"taxonomy":"product_cat","embeddable":true,"href":"https:\/\/www.kitarakuu.fi\/en\/wp-json\/wp\/v2\/product_cat?post=55404"},{"taxonomy":"product_tag","embeddable":true,"href":"https:\/\/www.kitarakuu.fi\/en\/wp-json\/wp\/v2\/product_tag?post=55404"}],"curies":[{"name":"wp","href":"https:\/\/api.w.org\/{rel}","templated":true}]}}