{"id":55393,"date":"2026-03-06T15:57:49","date_gmt":"2026-03-06T13:57:49","guid":{"rendered":"https:\/\/www.kitarakuu.fi\/tuotteet\/uncategorized\/washburn-a-20-1983-japan\/"},"modified":"2026-03-10T07:44:02","modified_gmt":"2026-03-10T05:44:02","slug":"washburn-a-20-1983-japan","status":"publish","type":"product","link":"https:\/\/www.kitarakuu.fi\/en\/products\/guitars\/electric-guitars\/washburn-a-20-1983-japan\/","title":{"rendered":"Washburn A-20 1983 Japan"},"content":{"rendered":"<pre id=\"tw-target-text\" class=\"tw-data-text tw-text-large tw-ta\" dir=\"ltr\" tabindex=\"-1\" role=\"text\" data-placeholder=\"K\u00e4\u00e4nn\u00f6s\" data-ved=\"2ahUKEwjttdbHz5STAxX-8rsIHRJyEtoQ3ewLegQIDBAX\" aria-label=\"K\u00e4\u00e4nnetty teksti: Washburn's Explorah vision made by the renowned Matsumoku\r\n\r\nMahogany neck with walnut stripes through the mahogany body.\r\n\r\nThe pickups are hot too: DiMarzio 11.1K\u03a9\/L.White 18.1K\u03a9\r\n\r\nOriginal bag\"><span class=\"Y2IQFc\" lang=\"en\">Washburn's Explorah vision made by Matsumoku\r\n\r\nMahogany neck with walnut stripes through the mahogany body.\r\n\r\nThe pickups are hot, too: DiMarzio 11.1K\u03a9\/L.White 18.1K\u03a9\r\n\r\nOriginal rectangular case<\/span><\/pre>\n","protected":false},"excerpt":{"rendered":"<p>Washburn&#8217;s Explorah vision made by Matsumoku Mahogany neck with walnut stripes through the mahogany body. The pickups are hot, too: DiMarzio 11.1K\u03a9\/L.White 18.1K\u03a9 Original rectangular case<\/p>\n","protected":false},"featured_media":55394,"comment_status":"closed","ping_status":"closed","template":"","meta":{"_acf_changed":false},"product_brand":[],"product_cat":[672,670],"product_tag":[],"class_list":{"0":"post-55393","1":"product","2":"type-product","3":"status-publish","4":"has-post-thumbnail","6":"product_cat-electric-guitars","7":"product_cat-guitars","8":"product_shipping_class-dbschenker-noutopistepaketti-en","9":"pa_valmistaja-washburn","11":"first","12":"outofstock","13":"taxable","14":"shipping-taxable","15":"purchasable","16":"product-type-simple"},"acf":[],"_links":{"self":[{"href":"https:\/\/www.kitarakuu.fi\/en\/wp-json\/wp\/v2\/product\/55393","targetHints":{"allow":["GET"]}}],"collection":[{"href":"https:\/\/www.kitarakuu.fi\/en\/wp-json\/wp\/v2\/product"}],"about":[{"href":"https:\/\/www.kitarakuu.fi\/en\/wp-json\/wp\/v2\/types\/product"}],"replies":[{"embeddable":true,"href":"https:\/\/www.kitarakuu.fi\/en\/wp-json\/wp\/v2\/comments?post=55393"}],"wp:featuredmedia":[{"embeddable":true,"href":"https:\/\/www.kitarakuu.fi\/en\/wp-json\/wp\/v2\/media\/55394"}],"wp:attachment":[{"href":"https:\/\/www.kitarakuu.fi\/en\/wp-json\/wp\/v2\/media?parent=55393"}],"wp:term":[{"taxonomy":"product_brand","embeddable":true,"href":"https:\/\/www.kitarakuu.fi\/en\/wp-json\/wp\/v2\/product_brand?post=55393"},{"taxonomy":"product_cat","embeddable":true,"href":"https:\/\/www.kitarakuu.fi\/en\/wp-json\/wp\/v2\/product_cat?post=55393"},{"taxonomy":"product_tag","embeddable":true,"href":"https:\/\/www.kitarakuu.fi\/en\/wp-json\/wp\/v2\/product_tag?post=55393"}],"curies":[{"name":"wp","href":"https:\/\/api.w.org\/{rel}","templated":true}]}}