{"id":55134,"date":"2026-02-12T22:49:38","date_gmt":"2026-02-12T20:49:38","guid":{"rendered":"https:\/\/www.kitarakuu.fi\/tuotteet\/uncategorized\/epiphone-emperor-1984-mij\/"},"modified":"2026-02-21T16:35:17","modified_gmt":"2026-02-21T14:35:17","slug":"epiphone-emperor-1984-mij","status":"publish","type":"product","link":"https:\/\/www.kitarakuu.fi\/en\/products\/guitars\/electric-guitars\/epiphone-emperor-1984-mij\/","title":{"rendered":"Epiphone Emperor 1984 MIJ Antique Sunburst Matsumoku"},"content":{"rendered":"<p id=\"tw-target-text\" class=\"tw-data-text tw-text-large tw-ta\" dir=\"ltr\" tabindex=\"-1\" role=\"text\" data-placeholder=\"K\u00e4\u00e4nn\u00f6s\" data-ved=\"2ahUKEwjBtcLy_daSAxW2HxAIHagzEngQ3ewLegQIDBAW\" aria-label=\"K\u00e4\u00e4nnetty teksti: Beautiful and top-quality &quot;Top-Of-The-Line&quot; Matsumoku &quot;L-5&quot; from Japan Balanced, warm sound lives here Still working sensitive \u20ac tuners MMK-75 humbuckers made by Maxon Potentiometers encased in &#96;50s-&#96;60s Gibson style Small D-profile neck - width at the nut 44mm, 12th fret 52mm, 25.5&quot; scale Carved spruce top, maple sides and back, ebony fingerboard, 3-piece maple neck Body width 17&quot;, depth 3\u00bd&quot; (like ES-175) Amazingly clean instrument for its age; a few small dents on the top, no oxidation or chipping in the gilding, just normal wear and tear etc. -pages, back cover and neck flawless Original case\"><span class=\"Y2IQFc\" lang=\"en\">Beautiful highest peak quality &#8220;Top-Of-The-Line&#8221; Matsumoku &#8220;L-5&#8221; from Japan.<\/span><\/p>\n<p class=\"tw-data-text tw-text-large tw-ta\" dir=\"ltr\" tabindex=\"-1\" role=\"text\" data-placeholder=\"K\u00e4\u00e4nn\u00f6s\" data-ved=\"2ahUKEwjBtcLy_daSAxW2HxAIHagzEngQ3ewLegQIDBAW\" aria-label=\"K\u00e4\u00e4nnetty teksti: Beautiful and top-quality &quot;Top-Of-The-Line&quot; Matsumoku &quot;L-5&quot; from Japan Balanced, warm sound lives here Still working sensitive \u20ac tuners MMK-75 humbuckers made by Maxon Potentiometers encased in &#96;50s-&#96;60s Gibson style Small D-profile neck - width at the nut 44mm, 12th fret 52mm, 25.5&quot; scale Carved spruce top, maple sides and back, ebony fingerboard, 3-piece maple neck Body width 17&quot;, depth 3\u00bd&quot; (like ES-175) Amazingly clean instrument for its age; a few small dents on the top, no oxidation or chipping in the gilding, just normal wear and tear etc. -pages, back cover and neck flawless Original case\"><span class=\"Y2IQFc\" lang=\"en\">\u00a0Balanced, warm sound lives here!\u00a0<\/span><\/p>\n<p class=\"tw-data-text tw-text-large tw-ta\" dir=\"ltr\" tabindex=\"-1\" role=\"text\" data-placeholder=\"K\u00e4\u00e4nn\u00f6s\" data-ved=\"2ahUKEwjBtcLy_daSAxW2HxAIHagzEngQ3ewLegQIDBAW\" aria-label=\"K\u00e4\u00e4nnetty teksti: Beautiful and top-quality &quot;Top-Of-The-Line&quot; Matsumoku &quot;L-5&quot; from Japan Balanced, warm sound lives here Still working sensitive \u20ac tuners MMK-75 humbuckers made by Maxon Potentiometers encased in &#96;50s-&#96;60s Gibson style Small D-profile neck - width at the nut 44mm, 12th fret 52mm, 25.5&quot; scale Carved spruce top, maple sides and back, ebony fingerboard, 3-piece maple neck Body width 17&quot;, depth 3\u00bd&quot; (like ES-175) Amazingly clean instrument for its age; a few small dents on the top, no oxidation or chipping in the gilding, just normal wear and tear etc. -pages, back cover and neck flawless Original case\"><span class=\"Y2IQFc\" lang=\"en\"> Still flawlessly working sensitive \u20ac tuners <\/span><\/p>\n<p class=\"tw-data-text tw-text-large tw-ta\" dir=\"ltr\" tabindex=\"-1\" role=\"text\" data-placeholder=\"K\u00e4\u00e4nn\u00f6s\" data-ved=\"2ahUKEwjBtcLy_daSAxW2HxAIHagzEngQ3ewLegQIDBAW\" aria-label=\"K\u00e4\u00e4nnetty teksti: Beautiful and top-quality &quot;Top-Of-The-Line&quot; Matsumoku &quot;L-5&quot; from Japan Balanced, warm sound lives here Still working sensitive \u20ac tuners MMK-75 humbuckers made by Maxon Potentiometers encased in &#96;50s-&#96;60s Gibson style Small D-profile neck - width at the nut 44mm, 12th fret 52mm, 25.5&quot; scale Carved spruce top, maple sides and back, ebony fingerboard, 3-piece maple neck Body width 17&quot;, depth 3\u00bd&quot; (like ES-175) Amazingly clean instrument for its age; a few small dents on the top, no oxidation or chipping in the gilding, just normal wear and tear etc. -pages, back cover and neck flawless Original case\"><span class=\"Y2IQFc\" lang=\"en\">MMK-75 humbuckers made by Maxon <\/span><\/p>\n<p class=\"tw-data-text tw-text-large tw-ta\" dir=\"ltr\" tabindex=\"-1\" role=\"text\" data-placeholder=\"K\u00e4\u00e4nn\u00f6s\" data-ved=\"2ahUKEwjBtcLy_daSAxW2HxAIHagzEngQ3ewLegQIDBAW\" aria-label=\"K\u00e4\u00e4nnetty teksti: Beautiful and top-quality &quot;Top-Of-The-Line&quot; Matsumoku &quot;L-5&quot; from Japan Balanced, warm sound lives here Still working sensitive \u20ac tuners MMK-75 humbuckers made by Maxon Potentiometers encased in &#96;50s-&#96;60s Gibson style Small D-profile neck - width at the nut 44mm, 12th fret 52mm, 25.5&quot; scale Carved spruce top, maple sides and back, ebony fingerboard, 3-piece maple neck Body width 17&quot;, depth 3\u00bd&quot; (like ES-175) Amazingly clean instrument for its age; a few small dents on the top, no oxidation or chipping in the gilding, just normal wear and tear etc. -pages, back cover and neck flawless Original case\"><span class=\"Y2IQFc\" lang=\"en\">Potentiometers encased in `50s-`60s Gibson style <\/span><\/p>\n<p class=\"tw-data-text tw-text-large tw-ta\" dir=\"ltr\" tabindex=\"-1\" role=\"text\" data-placeholder=\"K\u00e4\u00e4nn\u00f6s\" data-ved=\"2ahUKEwjBtcLy_daSAxW2HxAIHagzEngQ3ewLegQIDBAW\" aria-label=\"K\u00e4\u00e4nnetty teksti: Beautiful and top-quality &quot;Top-Of-The-Line&quot; Matsumoku &quot;L-5&quot; from Japan Balanced, warm sound lives here Still working sensitive \u20ac tuners MMK-75 humbuckers made by Maxon Potentiometers encased in &#96;50s-&#96;60s Gibson style Small D-profile neck - width at the nut 44mm, 12th fret 52mm, 25.5&quot; scale Carved spruce top, maple sides and back, ebony fingerboard, 3-piece maple neck Body width 17&quot;, depth 3\u00bd&quot; (like ES-175) Amazingly clean instrument for its age; a few small dents on the top, no oxidation or chipping in the gilding, just normal wear and tear etc. -pages, back cover and neck flawless Original case\"><span class=\"Y2IQFc\" lang=\"en\">Small D-profile neck &#8211; width at the nut 44mm, 12th fret 52mm, 25.5&#8243; scale <\/span><\/p>\n<p class=\"tw-data-text tw-text-large tw-ta\" dir=\"ltr\" tabindex=\"-1\" role=\"text\" data-placeholder=\"K\u00e4\u00e4nn\u00f6s\" data-ved=\"2ahUKEwjBtcLy_daSAxW2HxAIHagzEngQ3ewLegQIDBAW\" aria-label=\"K\u00e4\u00e4nnetty teksti: Beautiful and top-quality &quot;Top-Of-The-Line&quot; Matsumoku &quot;L-5&quot; from Japan Balanced, warm sound lives here Still working sensitive \u20ac tuners MMK-75 humbuckers made by Maxon Potentiometers encased in &#96;50s-&#96;60s Gibson style Small D-profile neck - width at the nut 44mm, 12th fret 52mm, 25.5&quot; scale Carved spruce top, maple sides and back, ebony fingerboard, 3-piece maple neck Body width 17&quot;, depth 3\u00bd&quot; (like ES-175) Amazingly clean instrument for its age; a few small dents on the top, no oxidation or chipping in the gilding, just normal wear and tear etc. -pages, back cover and neck flawless Original case\"><span class=\"Y2IQFc\" lang=\"en\">Carved spruce top, maple sides and back, ebony fingerboard, 3-piece maple neck B<\/span><\/p>\n<p class=\"tw-data-text tw-text-large tw-ta\" dir=\"ltr\" tabindex=\"-1\" role=\"text\" data-placeholder=\"K\u00e4\u00e4nn\u00f6s\" data-ved=\"2ahUKEwjBtcLy_daSAxW2HxAIHagzEngQ3ewLegQIDBAW\" aria-label=\"K\u00e4\u00e4nnetty teksti: Beautiful and top-quality &quot;Top-Of-The-Line&quot; Matsumoku &quot;L-5&quot; from Japan Balanced, warm sound lives here Still working sensitive \u20ac tuners MMK-75 humbuckers made by Maxon Potentiometers encased in &#96;50s-&#96;60s Gibson style Small D-profile neck - width at the nut 44mm, 12th fret 52mm, 25.5&quot; scale Carved spruce top, maple sides and back, ebony fingerboard, 3-piece maple neck Body width 17&quot;, depth 3\u00bd&quot; (like ES-175) Amazingly clean instrument for its age; a few small dents on the top, no oxidation or chipping in the gilding, just normal wear and tear etc. -pages, back cover and neck flawless Original case\"><span class=\"Y2IQFc\" lang=\"en\">Body width 17&#8243;, depth 3\u00bd&#8221; (like ES-175) <\/span><\/p>\n<p class=\"tw-data-text tw-text-large tw-ta\" dir=\"ltr\" tabindex=\"-1\" role=\"text\" data-placeholder=\"K\u00e4\u00e4nn\u00f6s\" data-ved=\"2ahUKEwjBtcLy_daSAxW2HxAIHagzEngQ3ewLegQIDBAW\" aria-label=\"K\u00e4\u00e4nnetty teksti: Beautiful and top-quality &quot;Top-Of-The-Line&quot; Matsumoku &quot;L-5&quot; from Japan Balanced, warm sound lives here Still working sensitive \u20ac tuners MMK-75 humbuckers made by Maxon Potentiometers encased in &#96;50s-&#96;60s Gibson style Small D-profile neck - width at the nut 44mm, 12th fret 52mm, 25.5&quot; scale Carved spruce top, maple sides and back, ebony fingerboard, 3-piece maple neck Body width 17&quot;, depth 3\u00bd&quot; (like ES-175) Amazingly clean instrument for its age; a few small dents on the top, no oxidation or chipping in the gilding, just normal wear and tear etc. -pages, back cover and neck flawless Original case\"><span class=\"Y2IQFc\" lang=\"en\">Amazingly clean instrument for its age; a few small dents on the top, no oxidation or chipping in the gilding, just normal wear and tear etc. -sides, back cover and neck flawless <\/span><\/p>\n<p class=\"tw-data-text tw-text-large tw-ta\" dir=\"ltr\" tabindex=\"-1\" role=\"text\" data-placeholder=\"K\u00e4\u00e4nn\u00f6s\" data-ved=\"2ahUKEwjBtcLy_daSAxW2HxAIHagzEngQ3ewLegQIDBAW\" aria-label=\"K\u00e4\u00e4nnetty teksti: Beautiful and top-quality &quot;Top-Of-The-Line&quot; Matsumoku &quot;L-5&quot; from Japan Balanced, warm sound lives here Still working sensitive \u20ac tuners MMK-75 humbuckers made by Maxon Potentiometers encased in &#96;50s-&#96;60s Gibson style Small D-profile neck - width at the nut 44mm, 12th fret 52mm, 25.5&quot; scale Carved spruce top, maple sides and back, ebony fingerboard, 3-piece maple neck Body width 17&quot;, depth 3\u00bd&quot; (like ES-175) Amazingly clean instrument for its age; a few small dents on the top, no oxidation or chipping in the gilding, just normal wear and tear etc. -pages, back cover and neck flawless Original case\"><span class=\"Y2IQFc\" lang=\"en\">Original case<\/span><\/p>\n","protected":false},"excerpt":{"rendered":"<p>Beautiful highest peak quality &#8220;Top-Of-The-Line&#8221; Matsumoku &#8220;L-5&#8221; from Japan. \u00a0Balanced, warm sound lives here!\u00a0 Still flawlessly working sensitive \u20ac tuners MMK-75 humbuckers made by Maxon Potentiometers encased in `50s-`60s Gibson style Small D-profile neck &#8211; width at the nut 44mm, 12th fret 52mm, 25.5&#8243; scale Carved spruce top, maple sides and back, ebony fingerboard, 3-piece [&hellip;]<\/p>\n","protected":false},"featured_media":55135,"comment_status":"closed","ping_status":"closed","template":"","meta":{"_acf_changed":false},"product_brand":[],"product_cat":[671,672,670],"product_tag":[],"class_list":{"0":"post-55134","1":"product","2":"type-product","3":"status-publish","4":"has-post-thumbnail","6":"product_cat-acoustic-guitars","7":"product_cat-electric-guitars","8":"product_cat-guitars","9":"product_shipping_class-dbschenker-noutopistepaketti-en","10":"pa_valmistaja-epiphone","12":"first","13":"outofstock","14":"taxable","15":"shipping-taxable","16":"product-type-simple"},"acf":[],"_links":{"self":[{"href":"https:\/\/www.kitarakuu.fi\/en\/wp-json\/wp\/v2\/product\/55134","targetHints":{"allow":["GET"]}}],"collection":[{"href":"https:\/\/www.kitarakuu.fi\/en\/wp-json\/wp\/v2\/product"}],"about":[{"href":"https:\/\/www.kitarakuu.fi\/en\/wp-json\/wp\/v2\/types\/product"}],"replies":[{"embeddable":true,"href":"https:\/\/www.kitarakuu.fi\/en\/wp-json\/wp\/v2\/comments?post=55134"}],"wp:featuredmedia":[{"embeddable":true,"href":"https:\/\/www.kitarakuu.fi\/en\/wp-json\/wp\/v2\/media\/55135"}],"wp:attachment":[{"href":"https:\/\/www.kitarakuu.fi\/en\/wp-json\/wp\/v2\/media?parent=55134"}],"wp:term":[{"taxonomy":"product_brand","embeddable":true,"href":"https:\/\/www.kitarakuu.fi\/en\/wp-json\/wp\/v2\/product_brand?post=55134"},{"taxonomy":"product_cat","embeddable":true,"href":"https:\/\/www.kitarakuu.fi\/en\/wp-json\/wp\/v2\/product_cat?post=55134"},{"taxonomy":"product_tag","embeddable":true,"href":"https:\/\/www.kitarakuu.fi\/en\/wp-json\/wp\/v2\/product_tag?post=55134"}],"curies":[{"name":"wp","href":"https:\/\/api.w.org\/{rel}","templated":true}]}}