{"id":54955,"date":"2026-01-07T19:56:21","date_gmt":"2026-01-07T17:56:21","guid":{"rendered":"https:\/\/www.kitarakuu.fi\/tuotteet\/uncategorized\/esp-ltd-eclipse-ec-1000-2010s\/"},"modified":"2026-04-21T07:24:23","modified_gmt":"2026-04-21T04:24:23","slug":"esp-ltd-eclipse-ec-1000-2010s","status":"publish","type":"product","link":"https:\/\/www.kitarakuu.fi\/en\/products\/guitars\/electric-guitars\/esp-ltd-eclipse-ec-1000-2010s\/","title":{"rendered":"ESP\/LTD Eclipse EC-1000 2010`s"},"content":{"rendered":"<p>L\u00e4hes uudenveroinen, loimukantinen tonni<\/p>\n<p>Seymour Duncan\u00a0<span style=\"font-size: 1rem;\">JB ja `59 &#8211;<\/span><span style=\"font-size: 1rem;\">humbuckerit<\/span><\/p>\n<p>Vain kevytt\u00e4 pintahiertym\u00e4\u00e4 takakannessa, suojamuovit peitelevyiss\u00e4 paikoillaan<\/p>\n<p>Lukittavat TonePros talla ja stop bar<\/p>\n<p>Kompensoitu satula<\/p>\n<p>ESP -Lukkovirittimet<\/p>\n<p>S\u00e4hk\u00f6n riippuvuusvaikutuksista varoittava ? kolmio ! lavan takana<\/p>\n<p>Huollettu kitara 10\/46 -kieliss\u00e4<\/p>\n<p>Keikkakassi<\/p>\n","protected":false},"excerpt":{"rendered":"<p>L\u00e4hes uudenveroinen, loimukantinen tonni Seymour Duncan\u00a0JB ja `59 &#8211;humbuckerit Vain kevytt\u00e4 pintahiertym\u00e4\u00e4 takakannessa, suojamuovit peitelevyiss\u00e4 paikoillaan Lukittavat TonePros talla ja stop bar Kompensoitu satula ESP -Lukkovirittimet S\u00e4hk\u00f6n riippuvuusvaikutuksista varoittava ? kolmio ! lavan takana Huollettu kitara 10\/46 -kieliss\u00e4 Keikkakassi<\/p>\n","protected":false},"featured_media":54956,"comment_status":"closed","ping_status":"closed","template":"","meta":{"_acf_changed":false},"product_brand":[],"product_cat":[672,670],"product_tag":[],"class_list":{"0":"post-54955","1":"product","2":"type-product","3":"status-publish","4":"has-post-thumbnail","6":"product_cat-electric-guitars","7":"product_cat-guitars","8":"product_shipping_class-dbschenker-noutopistepaketti-en","9":"pa_valmistaja-esp","11":"first","12":"instock","13":"sale","14":"taxable","15":"shipping-taxable","16":"purchasable","17":"product-type-simple"},"acf":[],"_links":{"self":[{"href":"https:\/\/www.kitarakuu.fi\/en\/wp-json\/wp\/v2\/product\/54955","targetHints":{"allow":["GET"]}}],"collection":[{"href":"https:\/\/www.kitarakuu.fi\/en\/wp-json\/wp\/v2\/product"}],"about":[{"href":"https:\/\/www.kitarakuu.fi\/en\/wp-json\/wp\/v2\/types\/product"}],"replies":[{"embeddable":true,"href":"https:\/\/www.kitarakuu.fi\/en\/wp-json\/wp\/v2\/comments?post=54955"}],"wp:featuredmedia":[{"embeddable":true,"href":"https:\/\/www.kitarakuu.fi\/en\/wp-json\/wp\/v2\/media\/54956"}],"wp:attachment":[{"href":"https:\/\/www.kitarakuu.fi\/en\/wp-json\/wp\/v2\/media?parent=54955"}],"wp:term":[{"taxonomy":"product_brand","embeddable":true,"href":"https:\/\/www.kitarakuu.fi\/en\/wp-json\/wp\/v2\/product_brand?post=54955"},{"taxonomy":"product_cat","embeddable":true,"href":"https:\/\/www.kitarakuu.fi\/en\/wp-json\/wp\/v2\/product_cat?post=54955"},{"taxonomy":"product_tag","embeddable":true,"href":"https:\/\/www.kitarakuu.fi\/en\/wp-json\/wp\/v2\/product_tag?post=54955"}],"curies":[{"name":"wp","href":"https:\/\/api.w.org\/{rel}","templated":true}]}}