{"id":54949,"date":"2026-01-07T20:27:21","date_gmt":"2026-01-07T18:27:21","guid":{"rendered":"https:\/\/www.kitarakuu.fi\/tuotteet\/uncategorized\/fender-american-professional-ii-telecaster-2021\/"},"modified":"2026-01-07T20:27:21","modified_gmt":"2026-01-07T18:27:21","slug":"fender-american-professional-ii-telecaster-2021","status":"publish","type":"product","link":"https:\/\/www.kitarakuu.fi\/en\/products\/guitars\/electric-guitars\/fender-american-professional-ii-telecaster-2021\/","title":{"rendered":"Fender American Professional II Telecaster 2021"},"content":{"rendered":"<p>Siisti, v\u00e4h\u00e4nk\u00e4ytetty laatutele<\/p>\n<p>Deep &#8220;C&#8221; kaulaprofiili, otelaudan radius 9\u00bd&#8221;<\/p>\n<p>Fender Tele V-Mod -mikit<\/p>\n<p>Alkuper\u00e4inen laukku, kaikki paperit ja avaimet<\/p>\n","protected":false},"excerpt":{"rendered":"<p>Siisti, v\u00e4h\u00e4nk\u00e4ytetty laatutele Deep &#8220;C&#8221; kaulaprofiili, otelaudan radius 9\u00bd&#8221; Fender Tele V-Mod -mikit Alkuper\u00e4inen laukku, kaikki paperit ja avaimet<\/p>\n","protected":false},"featured_media":54954,"comment_status":"open","ping_status":"closed","template":"","meta":{"_acf_changed":false},"product_brand":[],"product_cat":[672,670],"product_tag":[],"class_list":{"0":"post-54949","1":"product","2":"type-product","3":"status-publish","4":"has-post-thumbnail","6":"product_cat-electric-guitars","7":"product_cat-guitars","8":"product_shipping_class-dbschenker-noutopistepaketti-en","9":"pa_valmistaja-fender-en","11":"first","12":"instock","13":"taxable","14":"shipping-taxable","15":"purchasable","16":"product-type-simple"},"acf":[],"_links":{"self":[{"href":"https:\/\/www.kitarakuu.fi\/en\/wp-json\/wp\/v2\/product\/54949","targetHints":{"allow":["GET"]}}],"collection":[{"href":"https:\/\/www.kitarakuu.fi\/en\/wp-json\/wp\/v2\/product"}],"about":[{"href":"https:\/\/www.kitarakuu.fi\/en\/wp-json\/wp\/v2\/types\/product"}],"replies":[{"embeddable":true,"href":"https:\/\/www.kitarakuu.fi\/en\/wp-json\/wp\/v2\/comments?post=54949"}],"wp:featuredmedia":[{"embeddable":true,"href":"https:\/\/www.kitarakuu.fi\/en\/wp-json\/wp\/v2\/media\/54954"}],"wp:attachment":[{"href":"https:\/\/www.kitarakuu.fi\/en\/wp-json\/wp\/v2\/media?parent=54949"}],"wp:term":[{"taxonomy":"product_brand","embeddable":true,"href":"https:\/\/www.kitarakuu.fi\/en\/wp-json\/wp\/v2\/product_brand?post=54949"},{"taxonomy":"product_cat","embeddable":true,"href":"https:\/\/www.kitarakuu.fi\/en\/wp-json\/wp\/v2\/product_cat?post=54949"},{"taxonomy":"product_tag","embeddable":true,"href":"https:\/\/www.kitarakuu.fi\/en\/wp-json\/wp\/v2\/product_tag?post=54949"}],"curies":[{"name":"wp","href":"https:\/\/api.w.org\/{rel}","templated":true}]}}