{"id":54940,"date":"2026-01-13T20:34:57","date_gmt":"2026-01-13T18:34:57","guid":{"rendered":"https:\/\/www.kitarakuu.fi\/tuotteet\/uncategorized\/fender-stratocaster-highway-1-2007\/"},"modified":"2026-01-13T20:34:57","modified_gmt":"2026-01-13T18:34:57","slug":"fender-stratocaster-highway-1-2007","status":"publish","type":"product","link":"https:\/\/www.kitarakuu.fi\/en\/products\/guitars\/electric-guitars\/fender-stratocaster-highway-1-2007\/","title":{"rendered":"Fender Stratocaster Highway 1 2007"},"content":{"rendered":"<p>Kelpo HW1<\/p>\n<p><span style=\"font-size: 1rem;\">Mukava C-profiilin kaula<\/span><\/p>\n<p><span style=\"font-size: 1rem;\">Mastertone\/mastervola, takimmainen tone on passiivinen, k\u00e4ytt\u00f6\u00f6notettavissa<\/span><\/p>\n<p>Kaula ei ole aivan suora, mutta nauhojen hionnalla ja tallapalojen s\u00e4\u00e4d\u00f6ill\u00e4 nyt kompensoituna soitettavuus on moitteeton<\/p>\n<p><span style=\"font-size: 1rem;\">Nauhaty\u00f6t ja muu huolto siis tehty juuri, 10\/46 -kielitys<\/span><\/p>\n<p><span style=\"font-size: 1rem;\">Suorakaide-Gatorlaukku<\/span><\/p>\n","protected":false},"excerpt":{"rendered":"<p>Kelpo HW1 Mukava C-profiilin kaula Mastertone\/mastervola, takimmainen tone on passiivinen, k\u00e4ytt\u00f6\u00f6notettavissa Kaula ei ole aivan suora, mutta nauhojen hionnalla ja tallapalojen s\u00e4\u00e4d\u00f6ill\u00e4 nyt kompensoituna soitettavuus on moitteeton Nauhaty\u00f6t ja muu huolto siis tehty juuri, 10\/46 -kielitys Suorakaide-Gatorlaukku<\/p>\n","protected":false},"featured_media":54941,"comment_status":"open","ping_status":"closed","template":"","meta":{"_acf_changed":false},"product_brand":[],"product_cat":[672,670],"product_tag":[],"class_list":{"0":"post-54940","1":"product","2":"type-product","3":"status-publish","4":"has-post-thumbnail","6":"product_cat-electric-guitars","7":"product_cat-guitars","8":"product_shipping_class-dbschenker-noutopistepaketti-en","9":"pa_valmistaja-fender-en","11":"first","12":"instock","13":"taxable","14":"shipping-taxable","15":"purchasable","16":"product-type-simple"},"acf":[],"_links":{"self":[{"href":"https:\/\/www.kitarakuu.fi\/en\/wp-json\/wp\/v2\/product\/54940","targetHints":{"allow":["GET"]}}],"collection":[{"href":"https:\/\/www.kitarakuu.fi\/en\/wp-json\/wp\/v2\/product"}],"about":[{"href":"https:\/\/www.kitarakuu.fi\/en\/wp-json\/wp\/v2\/types\/product"}],"replies":[{"embeddable":true,"href":"https:\/\/www.kitarakuu.fi\/en\/wp-json\/wp\/v2\/comments?post=54940"}],"wp:featuredmedia":[{"embeddable":true,"href":"https:\/\/www.kitarakuu.fi\/en\/wp-json\/wp\/v2\/media\/54941"}],"wp:attachment":[{"href":"https:\/\/www.kitarakuu.fi\/en\/wp-json\/wp\/v2\/media?parent=54940"}],"wp:term":[{"taxonomy":"product_brand","embeddable":true,"href":"https:\/\/www.kitarakuu.fi\/en\/wp-json\/wp\/v2\/product_brand?post=54940"},{"taxonomy":"product_cat","embeddable":true,"href":"https:\/\/www.kitarakuu.fi\/en\/wp-json\/wp\/v2\/product_cat?post=54940"},{"taxonomy":"product_tag","embeddable":true,"href":"https:\/\/www.kitarakuu.fi\/en\/wp-json\/wp\/v2\/product_tag?post=54940"}],"curies":[{"name":"wp","href":"https:\/\/api.w.org\/{rel}","templated":true}]}}