{"id":54935,"date":"2026-01-15T17:45:05","date_gmt":"2026-01-15T15:45:05","guid":{"rendered":"https:\/\/www.kitarakuu.fi\/tuotteet\/uncategorized\/fender-stratocaster-american-standard-50th-anniversary-1996\/"},"modified":"2026-02-18T13:11:14","modified_gmt":"2026-02-18T11:11:14","slug":"fender-stratocaster-american-standard-50th-anniversary-1996","status":"publish","type":"product","link":"https:\/\/www.kitarakuu.fi\/en\/products\/guitars\/electric-guitars\/fender-stratocaster-american-standard-50th-anniversary-1996\/","title":{"rendered":"Fender Stratocaster 40th Anniversary American Standard 1994"},"content":{"rendered":"<p>Alkuper\u00e4inen, hyv\u00e4ksi huollettu juhlavuoden strato<\/p>\n<p>Kaulaprofiili: matala C, otelaudan radius 9\u00bd&#8221;<\/p>\n<p>Nauhat plaanattu\/huollettu ja liukkaat soitettavat<\/p>\n<p><span style=\"font-size: 1rem;\">50th juhlalippupinssi puuttuu lavasta -hyv\u00e4 niin, pari neulanreik\u00e4\u00e4 muistona siit\u00e4<\/span><\/p>\n<p>Siisti kitara, liev\u00e4\u00e4 k\u00e4ytt\u00f6j\u00e4lke\u00e4, pari pient\u00e4 kolhua&#8230;<\/p>\n<p>Laadukas keikkakassi ja risa, mutta alkuper\u00e4inen laukku<\/p>\n","protected":false},"excerpt":{"rendered":"<p>Alkuper\u00e4inen, hyv\u00e4ksi huollettu juhlavuoden strato Kaulaprofiili: matala C, otelaudan radius 9\u00bd&#8221; Nauhat plaanattu\/huollettu ja liukkaat soitettavat 50th juhlalippupinssi puuttuu lavasta -hyv\u00e4 niin, pari neulanreik\u00e4\u00e4 muistona siit\u00e4 Siisti kitara, liev\u00e4\u00e4 k\u00e4ytt\u00f6j\u00e4lke\u00e4, pari pient\u00e4 kolhua&#8230; Laadukas keikkakassi ja risa, mutta alkuper\u00e4inen laukku<\/p>\n","protected":false},"featured_media":54939,"comment_status":"closed","ping_status":"closed","template":"","meta":{"_acf_changed":false},"product_brand":[],"product_cat":[672,670],"product_tag":[],"class_list":{"0":"post-54935","1":"product","2":"type-product","3":"status-publish","4":"has-post-thumbnail","6":"product_cat-electric-guitars","7":"product_cat-guitars","8":"product_shipping_class-dbschenker-noutopistepaketti-en","9":"pa_valmistaja-fender-en","11":"first","12":"outofstock","13":"taxable","14":"shipping-taxable","15":"product-type-simple"},"acf":[],"_links":{"self":[{"href":"https:\/\/www.kitarakuu.fi\/en\/wp-json\/wp\/v2\/product\/54935","targetHints":{"allow":["GET"]}}],"collection":[{"href":"https:\/\/www.kitarakuu.fi\/en\/wp-json\/wp\/v2\/product"}],"about":[{"href":"https:\/\/www.kitarakuu.fi\/en\/wp-json\/wp\/v2\/types\/product"}],"replies":[{"embeddable":true,"href":"https:\/\/www.kitarakuu.fi\/en\/wp-json\/wp\/v2\/comments?post=54935"}],"wp:featuredmedia":[{"embeddable":true,"href":"https:\/\/www.kitarakuu.fi\/en\/wp-json\/wp\/v2\/media\/54939"}],"wp:attachment":[{"href":"https:\/\/www.kitarakuu.fi\/en\/wp-json\/wp\/v2\/media?parent=54935"}],"wp:term":[{"taxonomy":"product_brand","embeddable":true,"href":"https:\/\/www.kitarakuu.fi\/en\/wp-json\/wp\/v2\/product_brand?post=54935"},{"taxonomy":"product_cat","embeddable":true,"href":"https:\/\/www.kitarakuu.fi\/en\/wp-json\/wp\/v2\/product_cat?post=54935"},{"taxonomy":"product_tag","embeddable":true,"href":"https:\/\/www.kitarakuu.fi\/en\/wp-json\/wp\/v2\/product_tag?post=54935"}],"curies":[{"name":"wp","href":"https:\/\/api.w.org\/{rel}","templated":true}]}}