{"id":54923,"date":"2026-01-21T19:22:14","date_gmt":"2026-01-21T17:22:14","guid":{"rendered":"https:\/\/www.kitarakuu.fi\/tuotteet\/uncategorized\/cordoba-luthier-select-friederich-2020s\/"},"modified":"2026-01-21T19:22:14","modified_gmt":"2026-01-21T17:22:14","slug":"cordoba-luthier-select-friederich-2020s","status":"publish","type":"product","link":"https:\/\/www.kitarakuu.fi\/en\/products\/guitars\/acoustic-guitars\/cordoba-luthier-select-friederich-2020s\/","title":{"rendered":"Cordoba Luthier Select Friederich 2020`s"},"content":{"rendered":"<p>Hienosointinen klassinen kitara<\/p>\n<p>Seetrikansi, ruusupuusivut ja -takakansi, eebenotelauta<\/p>\n<p>S\u00e4\u00e4dett\u00e4v\u00e4 kaularauta<\/p>\n<p>Kaksi yl\u00e4satulaa: toinen harvemmalla kielten jaolla<\/p>\n<p>7.:nteen nauhav\u00e4liin lis\u00e4tty piste navigointia otelaudalla helpottamaan (ammattilaisen ty\u00f6)<\/p>\n<p>Laadukas Cordoba Thermo case<\/p>\n<p><a href=\"https:\/\/cordobaguitars.com\/product\/friederich\/\">Lis\u00e4tietoa valmistajalta t\u00e4st\u00e4!<\/a><\/p>\n","protected":false},"excerpt":{"rendered":"<p>Hienosointinen klassinen kitara Seetrikansi, ruusupuusivut ja -takakansi, eebenotelauta S\u00e4\u00e4dett\u00e4v\u00e4 kaularauta Kaksi yl\u00e4satulaa: toinen harvemmalla kielten jaolla 7.:nteen nauhav\u00e4liin lis\u00e4tty piste navigointia otelaudalla helpottamaan (ammattilaisen ty\u00f6) Laadukas Cordoba Thermo case Lis\u00e4tietoa valmistajalta t\u00e4st\u00e4!<\/p>\n","protected":false},"featured_media":54928,"comment_status":"open","ping_status":"closed","template":"","meta":{"_acf_changed":false},"product_brand":[],"product_cat":[671,670],"product_tag":[],"class_list":{"0":"post-54923","1":"product","2":"type-product","3":"status-publish","4":"has-post-thumbnail","6":"product_cat-acoustic-guitars","7":"product_cat-guitars","8":"product_shipping_class-dbschenker-noutopistepaketti-en","9":"pa_valmistaja-cordoba","11":"first","12":"instock","13":"taxable","14":"shipping-taxable","15":"purchasable","16":"product-type-simple"},"acf":[],"_links":{"self":[{"href":"https:\/\/www.kitarakuu.fi\/en\/wp-json\/wp\/v2\/product\/54923","targetHints":{"allow":["GET"]}}],"collection":[{"href":"https:\/\/www.kitarakuu.fi\/en\/wp-json\/wp\/v2\/product"}],"about":[{"href":"https:\/\/www.kitarakuu.fi\/en\/wp-json\/wp\/v2\/types\/product"}],"replies":[{"embeddable":true,"href":"https:\/\/www.kitarakuu.fi\/en\/wp-json\/wp\/v2\/comments?post=54923"}],"wp:featuredmedia":[{"embeddable":true,"href":"https:\/\/www.kitarakuu.fi\/en\/wp-json\/wp\/v2\/media\/54928"}],"wp:attachment":[{"href":"https:\/\/www.kitarakuu.fi\/en\/wp-json\/wp\/v2\/media?parent=54923"}],"wp:term":[{"taxonomy":"product_brand","embeddable":true,"href":"https:\/\/www.kitarakuu.fi\/en\/wp-json\/wp\/v2\/product_brand?post=54923"},{"taxonomy":"product_cat","embeddable":true,"href":"https:\/\/www.kitarakuu.fi\/en\/wp-json\/wp\/v2\/product_cat?post=54923"},{"taxonomy":"product_tag","embeddable":true,"href":"https:\/\/www.kitarakuu.fi\/en\/wp-json\/wp\/v2\/product_tag?post=54923"}],"curies":[{"name":"wp","href":"https:\/\/api.w.org\/{rel}","templated":true}]}}