{"id":54914,"date":"2026-01-22T15:19:16","date_gmt":"2026-01-22T13:19:16","guid":{"rendered":"https:\/\/www.kitarakuu.fi\/tuotteet\/uncategorized\/fender-telecaster-1962-nos-sparkle-red-custom-shop-2012\/"},"modified":"2026-02-04T07:40:18","modified_gmt":"2026-02-04T05:40:18","slug":"fender-telecaster-1962-nos-sparkle-red-custom-shop-2012","status":"publish","type":"product","link":"https:\/\/www.kitarakuu.fi\/en\/products\/guitars\/electric-guitars\/fender-telecaster-1962-nos-sparkle-red-custom-shop-2012\/","title":{"rendered":"Fender Telecaster 1962 NOS Sparkle Red Custom Shop 2012"},"content":{"rendered":"<p>Mykist\u00e4v\u00e4n hieno Sparkle Red &#8220;Double Bound&#8221; -runkoinen Telecaster<\/p>\n<p>Alkuper\u00e4inen Custom Shopin New Old Stock -versio 1962 Telest\u00e4<\/p>\n<p>Siisti laukku, alkuper\u00e4istodistus, tallan peitelevy ja pinkka muita papereita C.S. -kuoressa<\/p>\n<p>Huollettu kitara D`Addario XSE10\/46 -kieliss\u00e4<\/p>\n","protected":false},"excerpt":{"rendered":"<p>Mykist\u00e4v\u00e4n hieno Sparkle Red &#8220;Double Bound&#8221; -runkoinen Telecaster Alkuper\u00e4inen Custom Shopin New Old Stock -versio 1962 Telest\u00e4 Siisti laukku, alkuper\u00e4istodistus, tallan peitelevy ja pinkka muita papereita C.S. -kuoressa Huollettu kitara D`Addario XSE10\/46 -kieliss\u00e4<\/p>\n","protected":false},"featured_media":54922,"comment_status":"closed","ping_status":"closed","template":"","meta":{"_acf_changed":false},"product_brand":[],"product_cat":[672,670],"product_tag":[],"class_list":{"0":"post-54914","1":"product","2":"type-product","3":"status-publish","4":"has-post-thumbnail","6":"product_cat-electric-guitars","7":"product_cat-guitars","8":"product_shipping_class-dbschenker-noutopistepaketti-en","9":"pa_valmistaja-fender-en","11":"first","12":"outofstock","13":"taxable","14":"shipping-taxable","15":"product-type-simple"},"acf":[],"_links":{"self":[{"href":"https:\/\/www.kitarakuu.fi\/en\/wp-json\/wp\/v2\/product\/54914","targetHints":{"allow":["GET"]}}],"collection":[{"href":"https:\/\/www.kitarakuu.fi\/en\/wp-json\/wp\/v2\/product"}],"about":[{"href":"https:\/\/www.kitarakuu.fi\/en\/wp-json\/wp\/v2\/types\/product"}],"replies":[{"embeddable":true,"href":"https:\/\/www.kitarakuu.fi\/en\/wp-json\/wp\/v2\/comments?post=54914"}],"wp:featuredmedia":[{"embeddable":true,"href":"https:\/\/www.kitarakuu.fi\/en\/wp-json\/wp\/v2\/media\/54922"}],"wp:attachment":[{"href":"https:\/\/www.kitarakuu.fi\/en\/wp-json\/wp\/v2\/media?parent=54914"}],"wp:term":[{"taxonomy":"product_brand","embeddable":true,"href":"https:\/\/www.kitarakuu.fi\/en\/wp-json\/wp\/v2\/product_brand?post=54914"},{"taxonomy":"product_cat","embeddable":true,"href":"https:\/\/www.kitarakuu.fi\/en\/wp-json\/wp\/v2\/product_cat?post=54914"},{"taxonomy":"product_tag","embeddable":true,"href":"https:\/\/www.kitarakuu.fi\/en\/wp-json\/wp\/v2\/product_tag?post=54914"}],"curies":[{"name":"wp","href":"https:\/\/api.w.org\/{rel}","templated":true}]}}