{"id":54887,"date":"2026-01-28T11:56:23","date_gmt":"2026-01-28T09:56:23","guid":{"rendered":"https:\/\/www.kitarakuu.fi\/tuotteet\/uncategorized\/fender-jazz-bass-player-ii-2024\/"},"modified":"2026-01-28T11:56:23","modified_gmt":"2026-01-28T09:56:23","slug":"fender-jazz-bass-player-ii-2024","status":"publish","type":"product","link":"https:\/\/www.kitarakuu.fi\/en\/products\/bass-guitars\/fender-jazz-bass-player-ii-2024\/","title":{"rendered":"Fender Jazz Bass Player II  2024"},"content":{"rendered":"<p>V\u00e4h\u00e4nsoitettu jazzari Ensenadasta -Hecho en Mexico!<\/p>\n<p>Hialeah Yellow -v\u00e4ri<\/p>\n<p>Player Series Jazz Bass Alnico 5 -mikrofonit<\/p>\n<p>Nauhanp\u00e4\u00e4t juuri hiottu<\/p>\n<p>Fender Gigbag<\/p>\n","protected":false},"excerpt":{"rendered":"<p>V\u00e4h\u00e4nsoitettu jazzari Ensenadasta -Hecho en Mexico! Hialeah Yellow -v\u00e4ri Player Series Jazz Bass Alnico 5 -mikrofonit Nauhanp\u00e4\u00e4t juuri hiottu Fender Gigbag<\/p>\n","protected":false},"featured_media":54891,"comment_status":"open","ping_status":"closed","template":"","meta":{"_acf_changed":false},"product_brand":[],"product_cat":[577],"product_tag":[],"class_list":{"0":"post-54887","1":"product","2":"type-product","3":"status-publish","4":"has-post-thumbnail","6":"product_cat-bass-guitars","7":"product_shipping_class-dbschenker-noutopistepaketti-en","8":"pa_valmistaja-fender-en","10":"first","11":"outofstock","12":"taxable","13":"shipping-taxable","14":"purchasable","15":"product-type-simple"},"acf":[],"_links":{"self":[{"href":"https:\/\/www.kitarakuu.fi\/en\/wp-json\/wp\/v2\/product\/54887","targetHints":{"allow":["GET"]}}],"collection":[{"href":"https:\/\/www.kitarakuu.fi\/en\/wp-json\/wp\/v2\/product"}],"about":[{"href":"https:\/\/www.kitarakuu.fi\/en\/wp-json\/wp\/v2\/types\/product"}],"replies":[{"embeddable":true,"href":"https:\/\/www.kitarakuu.fi\/en\/wp-json\/wp\/v2\/comments?post=54887"}],"wp:featuredmedia":[{"embeddable":true,"href":"https:\/\/www.kitarakuu.fi\/en\/wp-json\/wp\/v2\/media\/54891"}],"wp:attachment":[{"href":"https:\/\/www.kitarakuu.fi\/en\/wp-json\/wp\/v2\/media?parent=54887"}],"wp:term":[{"taxonomy":"product_brand","embeddable":true,"href":"https:\/\/www.kitarakuu.fi\/en\/wp-json\/wp\/v2\/product_brand?post=54887"},{"taxonomy":"product_cat","embeddable":true,"href":"https:\/\/www.kitarakuu.fi\/en\/wp-json\/wp\/v2\/product_cat?post=54887"},{"taxonomy":"product_tag","embeddable":true,"href":"https:\/\/www.kitarakuu.fi\/en\/wp-json\/wp\/v2\/product_tag?post=54887"}],"curies":[{"name":"wp","href":"https:\/\/api.w.org\/{rel}","templated":true}]}}