{"id":54592,"date":"2025-11-12T19:47:45","date_gmt":"2025-11-12T17:47:45","guid":{"rendered":"https:\/\/www.kitarakuu.fi\/tuotteet\/uncategorized\/tokai-jazz-bass\/"},"modified":"2026-04-27T11:16:31","modified_gmt":"2026-04-27T08:16:31","slug":"tokai-jazz-bass","status":"publish","type":"product","link":"https:\/\/www.kitarakuu.fi\/en\/products\/bass-guitars\/tokai-jazz-bass\/","title":{"rendered":"Tokai AJB-55BB n. 1982-"},"content":{"rendered":"<p>Erinomainen matalataajuustulostin Japanista nelj\u00e4nkymmenen vuoden takaa<\/p>\n<p>T\u00e4ysin alkuper\u00e4inen, huollettu basso<\/p>\n<p>Sarjanumero 6-numeroinen 221-alkuinen<\/p>\n<p>Paljon k\u00e4yt\u00f6nj\u00e4lke\u00e4 so. normaalia kulumaa<\/p>\n<p>Uuttavastaava Thomann-style tweed-laukku<\/p>\n","protected":false},"excerpt":{"rendered":"<p>Erinomainen matalataajuustulostin Japanista nelj\u00e4nkymmenen vuoden takaa T\u00e4ysin alkuper\u00e4inen, huollettu basso Sarjanumero 6-numeroinen 221-alkuinen Paljon k\u00e4yt\u00f6nj\u00e4lke\u00e4 so. normaalia kulumaa Uuttavastaava Thomann-style tweed-laukku<\/p>\n","protected":false},"featured_media":54593,"comment_status":"closed","ping_status":"closed","template":"","meta":{"_acf_changed":false},"product_brand":[],"product_cat":[577],"product_tag":[],"class_list":{"0":"post-54592","1":"product","2":"type-product","3":"status-publish","4":"has-post-thumbnail","6":"product_cat-bass-guitars","7":"product_shipping_class-dbschenker-noutopistepaketti-en","8":"pa_valmistaja-tokai","10":"first","11":"instock","12":"taxable","13":"shipping-taxable","14":"purchasable","15":"product-type-simple"},"acf":[],"_links":{"self":[{"href":"https:\/\/www.kitarakuu.fi\/en\/wp-json\/wp\/v2\/product\/54592","targetHints":{"allow":["GET"]}}],"collection":[{"href":"https:\/\/www.kitarakuu.fi\/en\/wp-json\/wp\/v2\/product"}],"about":[{"href":"https:\/\/www.kitarakuu.fi\/en\/wp-json\/wp\/v2\/types\/product"}],"replies":[{"embeddable":true,"href":"https:\/\/www.kitarakuu.fi\/en\/wp-json\/wp\/v2\/comments?post=54592"}],"wp:featuredmedia":[{"embeddable":true,"href":"https:\/\/www.kitarakuu.fi\/en\/wp-json\/wp\/v2\/media\/54593"}],"wp:attachment":[{"href":"https:\/\/www.kitarakuu.fi\/en\/wp-json\/wp\/v2\/media?parent=54592"}],"wp:term":[{"taxonomy":"product_brand","embeddable":true,"href":"https:\/\/www.kitarakuu.fi\/en\/wp-json\/wp\/v2\/product_brand?post=54592"},{"taxonomy":"product_cat","embeddable":true,"href":"https:\/\/www.kitarakuu.fi\/en\/wp-json\/wp\/v2\/product_cat?post=54592"},{"taxonomy":"product_tag","embeddable":true,"href":"https:\/\/www.kitarakuu.fi\/en\/wp-json\/wp\/v2\/product_tag?post=54592"}],"curies":[{"name":"wp","href":"https:\/\/api.w.org\/{rel}","templated":true}]}}