{"id":54586,"date":"2025-11-05T16:58:47","date_gmt":"2025-11-05T14:58:47","guid":{"rendered":"https:\/\/www.kitarakuu.fi\/tuotteet\/uncategorized\/ibanez-ub804-mob\/"},"modified":"2026-01-08T09:59:30","modified_gmt":"2026-01-08T07:59:30","slug":"ibanez-ub804-mob","status":"publish","type":"product","link":"https:\/\/www.kitarakuu.fi\/en\/products\/bass-guitars\/ibanez-ub804-mob\/","title":{"rendered":"Ibanez UB804 MOB"},"content":{"rendered":"<p>Kelpo s\u00e4hk\u00f6kontra<\/p>\n<p>Mahogany Oil Body<\/p>\n<p>Jatoba otelauta mahonkikaulassa<\/p>\n<p>Pisteet otelaudassa helpottavat navigointia<\/p>\n<p>Alkuper\u00e4inen keikkakassi, tukeva jalusta<\/p>\n","protected":false},"excerpt":{"rendered":"<p>Kelpo s\u00e4hk\u00f6kontra Mahogany Oil Body Jatoba otelauta mahonkikaulassa Pisteet otelaudassa helpottavat navigointia Alkuper\u00e4inen keikkakassi, tukeva jalusta<\/p>\n","protected":false},"featured_media":54591,"comment_status":"closed","ping_status":"closed","template":"","meta":{"_acf_changed":false},"product_brand":[],"product_cat":[577],"product_tag":[],"class_list":{"0":"post-54586","1":"product","2":"type-product","3":"status-publish","4":"has-post-thumbnail","6":"product_cat-bass-guitars","7":"product_shipping_class-dbschenker-noutopistepaketti-en","8":"pa_valmistaja-ibanez-en","10":"first","11":"outofstock","12":"taxable","13":"shipping-taxable","14":"product-type-simple"},"acf":[],"_links":{"self":[{"href":"https:\/\/www.kitarakuu.fi\/en\/wp-json\/wp\/v2\/product\/54586","targetHints":{"allow":["GET"]}}],"collection":[{"href":"https:\/\/www.kitarakuu.fi\/en\/wp-json\/wp\/v2\/product"}],"about":[{"href":"https:\/\/www.kitarakuu.fi\/en\/wp-json\/wp\/v2\/types\/product"}],"replies":[{"embeddable":true,"href":"https:\/\/www.kitarakuu.fi\/en\/wp-json\/wp\/v2\/comments?post=54586"}],"wp:featuredmedia":[{"embeddable":true,"href":"https:\/\/www.kitarakuu.fi\/en\/wp-json\/wp\/v2\/media\/54591"}],"wp:attachment":[{"href":"https:\/\/www.kitarakuu.fi\/en\/wp-json\/wp\/v2\/media?parent=54586"}],"wp:term":[{"taxonomy":"product_brand","embeddable":true,"href":"https:\/\/www.kitarakuu.fi\/en\/wp-json\/wp\/v2\/product_brand?post=54586"},{"taxonomy":"product_cat","embeddable":true,"href":"https:\/\/www.kitarakuu.fi\/en\/wp-json\/wp\/v2\/product_cat?post=54586"},{"taxonomy":"product_tag","embeddable":true,"href":"https:\/\/www.kitarakuu.fi\/en\/wp-json\/wp\/v2\/product_tag?post=54586"}],"curies":[{"name":"wp","href":"https:\/\/api.w.org\/{rel}","templated":true}]}}