{"id":54573,"date":"2025-12-13T17:56:35","date_gmt":"2025-12-13T15:56:35","guid":{"rendered":"https:\/\/www.kitarakuu.fi\/tuotteet\/uncategorized\/hofner-club-60-1960-l-alkup\/"},"modified":"2025-12-13T17:56:35","modified_gmt":"2025-12-13T15:56:35","slug":"hofner-club-60-1960-l-alkup","status":"publish","type":"product","link":"https:\/\/www.kitarakuu.fi\/en\/products\/guitars\/electric-guitars\/hofner-club-60-1960-l-alkup\/","title":{"rendered":"H\u00f6fner Club 60 1960-l. alkup."},"content":{"rendered":"<p>Puiltaan, nauhoiltaan ja soitettavuudeltaan loistokuntoinen kitara<\/p>\n<p>Terve kaulankulma ja kansi, ei korjauksia<\/p>\n<p>Varustettu repro-mikrofoneilla ja elektroniikalla<\/p>\n<p>Alkuper\u00e4iset Diamond -kantiset mikrofonit ja elektroniikka mukana, mikrofonit tarvitsevat uudelleenk\u00e4\u00e4minn\u00e4n<\/p>\n<p>Keikkakassi<\/p>\n","protected":false},"excerpt":{"rendered":"<p>Puiltaan, nauhoiltaan ja soitettavuudeltaan loistokuntoinen kitara Terve kaulankulma ja kansi, ei korjauksia Varustettu repro-mikrofoneilla ja elektroniikalla Alkuper\u00e4iset Diamond -kantiset mikrofonit ja elektroniikka mukana, mikrofonit tarvitsevat uudelleenk\u00e4\u00e4minn\u00e4n Keikkakassi<\/p>\n","protected":false},"featured_media":54580,"comment_status":"open","ping_status":"closed","template":"","meta":{"_acf_changed":false},"product_brand":[],"product_cat":[672,670],"product_tag":[],"class_list":{"0":"post-54573","1":"product","2":"type-product","3":"status-publish","4":"has-post-thumbnail","6":"product_cat-electric-guitars","7":"product_cat-guitars","8":"product_shipping_class-dbschenker-noutopistepaketti-en","9":"pa_valmistaja-hofner-en","11":"first","12":"instock","13":"taxable","14":"shipping-taxable","15":"purchasable","16":"product-type-simple"},"acf":[],"_links":{"self":[{"href":"https:\/\/www.kitarakuu.fi\/en\/wp-json\/wp\/v2\/product\/54573","targetHints":{"allow":["GET"]}}],"collection":[{"href":"https:\/\/www.kitarakuu.fi\/en\/wp-json\/wp\/v2\/product"}],"about":[{"href":"https:\/\/www.kitarakuu.fi\/en\/wp-json\/wp\/v2\/types\/product"}],"replies":[{"embeddable":true,"href":"https:\/\/www.kitarakuu.fi\/en\/wp-json\/wp\/v2\/comments?post=54573"}],"wp:featuredmedia":[{"embeddable":true,"href":"https:\/\/www.kitarakuu.fi\/en\/wp-json\/wp\/v2\/media\/54580"}],"wp:attachment":[{"href":"https:\/\/www.kitarakuu.fi\/en\/wp-json\/wp\/v2\/media?parent=54573"}],"wp:term":[{"taxonomy":"product_brand","embeddable":true,"href":"https:\/\/www.kitarakuu.fi\/en\/wp-json\/wp\/v2\/product_brand?post=54573"},{"taxonomy":"product_cat","embeddable":true,"href":"https:\/\/www.kitarakuu.fi\/en\/wp-json\/wp\/v2\/product_cat?post=54573"},{"taxonomy":"product_tag","embeddable":true,"href":"https:\/\/www.kitarakuu.fi\/en\/wp-json\/wp\/v2\/product_tag?post=54573"}],"curies":[{"name":"wp","href":"https:\/\/api.w.org\/{rel}","templated":true}]}}