{"id":54346,"date":"2025-11-27T18:52:19","date_gmt":"2025-11-27T16:52:19","guid":{"rendered":"https:\/\/www.kitarakuu.fi\/tuotteet\/uncategorized\/gibson-les-paul-classic-custom-2011\/"},"modified":"2025-12-01T19:01:44","modified_gmt":"2025-12-01T17:01:44","slug":"gibson-les-paul-classic-custom-2011","status":"publish","type":"product","link":"https:\/\/www.kitarakuu.fi\/en\/products\/guitars\/electric-guitars\/gibson-les-paul-classic-custom-2011\/","title":{"rendered":"Gibson Les Paul Classic Custom 2011"},"content":{"rendered":"<p><span style=\"font-size: 1rem;\">Huippukuntoinen <\/span><span style=\"font-size: 1rem;\">modernimpi Custom -LP<\/span><\/p>\n<p>`57 Classic humbuckerit<\/p>\n<p>Otelauta paahtovaahteraa -l\u00e4hes ruusupuun tummas\u00e4vyinen, D-profiilin kaula<\/p>\n<p>Siisti soitin, pari pient\u00e4 pintavauriota<\/p>\n<p>Alkuper\u00e4inen kova laukku, COA ja paperit<\/p>\n","protected":false},"excerpt":{"rendered":"<p>Huippukuntoinen modernimpi Custom -LP `57 Classic humbuckerit Otelauta paahtovaahteraa -l\u00e4hes ruusupuun tummas\u00e4vyinen, D-profiilin kaula Siisti soitin, pari pient\u00e4 pintavauriota Alkuper\u00e4inen kova laukku, COA ja paperit<\/p>\n","protected":false},"featured_media":54347,"comment_status":"closed","ping_status":"closed","template":"","meta":{"_acf_changed":false},"product_brand":[],"product_cat":[672,670],"product_tag":[],"class_list":{"0":"post-54346","1":"product","2":"type-product","3":"status-publish","4":"has-post-thumbnail","6":"product_cat-electric-guitars","7":"product_cat-guitars","8":"product_shipping_class-dbschenker-noutopistepaketti-en","9":"pa_valmistaja-gibson-en","11":"first","12":"instock","13":"taxable","14":"shipping-taxable","15":"purchasable","16":"product-type-simple"},"acf":[],"_links":{"self":[{"href":"https:\/\/www.kitarakuu.fi\/en\/wp-json\/wp\/v2\/product\/54346","targetHints":{"allow":["GET"]}}],"collection":[{"href":"https:\/\/www.kitarakuu.fi\/en\/wp-json\/wp\/v2\/product"}],"about":[{"href":"https:\/\/www.kitarakuu.fi\/en\/wp-json\/wp\/v2\/types\/product"}],"replies":[{"embeddable":true,"href":"https:\/\/www.kitarakuu.fi\/en\/wp-json\/wp\/v2\/comments?post=54346"}],"wp:featuredmedia":[{"embeddable":true,"href":"https:\/\/www.kitarakuu.fi\/en\/wp-json\/wp\/v2\/media\/54347"}],"wp:attachment":[{"href":"https:\/\/www.kitarakuu.fi\/en\/wp-json\/wp\/v2\/media?parent=54346"}],"wp:term":[{"taxonomy":"product_brand","embeddable":true,"href":"https:\/\/www.kitarakuu.fi\/en\/wp-json\/wp\/v2\/product_brand?post=54346"},{"taxonomy":"product_cat","embeddable":true,"href":"https:\/\/www.kitarakuu.fi\/en\/wp-json\/wp\/v2\/product_cat?post=54346"},{"taxonomy":"product_tag","embeddable":true,"href":"https:\/\/www.kitarakuu.fi\/en\/wp-json\/wp\/v2\/product_tag?post=54346"}],"curies":[{"name":"wp","href":"https:\/\/api.w.org\/{rel}","templated":true}]}}