{"id":54328,"date":"2025-11-29T18:26:02","date_gmt":"2025-11-29T16:26:02","guid":{"rendered":"https:\/\/www.kitarakuu.fi\/tuotteet\/uncategorized\/fender-jazz-bass-1969-sunburst\/"},"modified":"2025-12-01T10:10:44","modified_gmt":"2025-12-01T08:10:44","slug":"fender-jazz-bass-1969-sunburst","status":"publish","type":"product","link":"https:\/\/www.kitarakuu.fi\/en\/products\/bass-guitars\/fender-jazz-bass-1969-sunburst\/","title":{"rendered":"Fender Jazz Bass 1969 Sunburst"},"content":{"rendered":"<pre id=\"tw-target-text\" class=\"tw-data-text tw-text-large tw-ta\" dir=\"ltr\" tabindex=\"-1\" role=\"text\" data-placeholder=\"K\u00e4\u00e4nn\u00f6s\" data-ved=\"2ahUKEwicjYC36ZiRAxVvIxAIHVVRN5YQ3ewLegQIDBAV\" aria-label=\"K\u00e4\u00e4nnetty teksti: The bass of your life? 100% original dream jazz guitar in top settings, polished strings on top Long, balanced sound Potentiometers from 1966 Neck width at the saddle is 38mm Lots of natural wear\/paint chips on the body, not much on the neck Weight 3.995 Kg Gig bag\"><span class=\"Y2IQFc\" lang=\"en\">The bass of your life?\r\n\r\n100% original dream Jazz Bass in serviced condition, flat wound strings\r\n\r\nLong sustain, well balanced tone\r\n\r\nPotentiometers date 1966\r\n\r\nPickups` DC resistances: 6.45\/6.87 K\u03a9\r\n\r\nNeck width at the saddle is 38mm, slim rounded C profile\r\n\r\nLots of natural wear\/paint chips on the body\r\n\r\nPerfect, clean neck without any nicks or bumps\r\n\r\nGigbag<\/span><\/pre>\n","protected":false},"excerpt":{"rendered":"<p>The bass of your life? 100% original dream Jazz Bass in serviced condition, flat wound strings Long sustain, well balanced tone Potentiometers date 1966 Pickups` DC resistances: 6.45\/6.87 K\u03a9 Neck width at the saddle is 38mm, slim rounded C profile Lots of natural wear\/paint chips on the body Perfect, clean neck without any nicks or [&hellip;]<\/p>\n","protected":false},"featured_media":54343,"comment_status":"closed","ping_status":"closed","template":"","meta":{"_acf_changed":false},"product_brand":[],"product_cat":[577],"product_tag":[],"class_list":{"0":"post-54328","1":"product","2":"type-product","3":"status-publish","4":"has-post-thumbnail","6":"product_cat-bass-guitars","7":"product_shipping_class-dbschenker-noutopistepaketti-en","8":"pa_valmistaja-fender-en","10":"first","11":"outofstock","12":"taxable","13":"shipping-taxable","14":"product-type-simple"},"acf":[],"_links":{"self":[{"href":"https:\/\/www.kitarakuu.fi\/en\/wp-json\/wp\/v2\/product\/54328","targetHints":{"allow":["GET"]}}],"collection":[{"href":"https:\/\/www.kitarakuu.fi\/en\/wp-json\/wp\/v2\/product"}],"about":[{"href":"https:\/\/www.kitarakuu.fi\/en\/wp-json\/wp\/v2\/types\/product"}],"replies":[{"embeddable":true,"href":"https:\/\/www.kitarakuu.fi\/en\/wp-json\/wp\/v2\/comments?post=54328"}],"wp:featuredmedia":[{"embeddable":true,"href":"https:\/\/www.kitarakuu.fi\/en\/wp-json\/wp\/v2\/media\/54343"}],"wp:attachment":[{"href":"https:\/\/www.kitarakuu.fi\/en\/wp-json\/wp\/v2\/media?parent=54328"}],"wp:term":[{"taxonomy":"product_brand","embeddable":true,"href":"https:\/\/www.kitarakuu.fi\/en\/wp-json\/wp\/v2\/product_brand?post=54328"},{"taxonomy":"product_cat","embeddable":true,"href":"https:\/\/www.kitarakuu.fi\/en\/wp-json\/wp\/v2\/product_cat?post=54328"},{"taxonomy":"product_tag","embeddable":true,"href":"https:\/\/www.kitarakuu.fi\/en\/wp-json\/wp\/v2\/product_tag?post=54328"}],"curies":[{"name":"wp","href":"https:\/\/api.w.org\/{rel}","templated":true}]}}