{"id":54233,"date":"2025-11-20T15:52:21","date_gmt":"2025-11-20T13:52:21","guid":{"rendered":"https:\/\/www.kitarakuu.fi\/tuotteet\/uncategorized\/paul-reed-smith-prs-sc245-2003\/"},"modified":"2025-12-01T18:59:58","modified_gmt":"2025-12-01T16:59:58","slug":"paul-reed-smith-prs-sc245-2003","status":"publish","type":"product","link":"https:\/\/www.kitarakuu.fi\/en\/products\/guitars\/electric-guitars\/paul-reed-smith-prs-sc245-2003\/","title":{"rendered":"Paul Reed Smith\/PRS SC245 2003"},"content":{"rendered":"<p>Mainio jo yli 20 vuotias p\u00e4rssinen<\/p>\n<p>Wide Fat -kaula<\/p>\n<p>Ei-alkup. Gibson Burstbucker -mikrofonit Pat.No. -tarroin<\/p>\n<p>Jonkinverran kolhuja\/k\u00e4yt\u00f6nj\u00e4lke\u00e4 (tsek. kuvat)<\/p>\n<p>Nauhat huollettu ja kielitetty\/s\u00e4\u00e4detty 10\/46 -setille<\/p>\n<p>Alkuper\u00e4inen laukku ja papereita<\/p>\n","protected":false},"excerpt":{"rendered":"<p>Mainio jo yli 20 vuotias p\u00e4rssinen Wide Fat -kaula Ei-alkup. Gibson Burstbucker -mikrofonit Pat.No. -tarroin Jonkinverran kolhuja\/k\u00e4yt\u00f6nj\u00e4lke\u00e4 (tsek. kuvat) Nauhat huollettu ja kielitetty\/s\u00e4\u00e4detty 10\/46 -setille Alkuper\u00e4inen laukku ja papereita<\/p>\n","protected":false},"featured_media":54234,"comment_status":"closed","ping_status":"closed","template":"","meta":{"_acf_changed":false},"product_brand":[],"product_cat":[672,670],"product_tag":[],"class_list":{"0":"post-54233","1":"product","2":"type-product","3":"status-publish","4":"has-post-thumbnail","6":"product_cat-electric-guitars","7":"product_cat-guitars","8":"product_shipping_class-dbschenker-noutopistepaketti-en","9":"pa_valmistaja-prs-en","11":"first","12":"instock","13":"taxable","14":"shipping-taxable","15":"purchasable","16":"product-type-simple"},"acf":[],"_links":{"self":[{"href":"https:\/\/www.kitarakuu.fi\/en\/wp-json\/wp\/v2\/product\/54233","targetHints":{"allow":["GET"]}}],"collection":[{"href":"https:\/\/www.kitarakuu.fi\/en\/wp-json\/wp\/v2\/product"}],"about":[{"href":"https:\/\/www.kitarakuu.fi\/en\/wp-json\/wp\/v2\/types\/product"}],"replies":[{"embeddable":true,"href":"https:\/\/www.kitarakuu.fi\/en\/wp-json\/wp\/v2\/comments?post=54233"}],"wp:featuredmedia":[{"embeddable":true,"href":"https:\/\/www.kitarakuu.fi\/en\/wp-json\/wp\/v2\/media\/54234"}],"wp:attachment":[{"href":"https:\/\/www.kitarakuu.fi\/en\/wp-json\/wp\/v2\/media?parent=54233"}],"wp:term":[{"taxonomy":"product_brand","embeddable":true,"href":"https:\/\/www.kitarakuu.fi\/en\/wp-json\/wp\/v2\/product_brand?post=54233"},{"taxonomy":"product_cat","embeddable":true,"href":"https:\/\/www.kitarakuu.fi\/en\/wp-json\/wp\/v2\/product_cat?post=54233"},{"taxonomy":"product_tag","embeddable":true,"href":"https:\/\/www.kitarakuu.fi\/en\/wp-json\/wp\/v2\/product_tag?post=54233"}],"curies":[{"name":"wp","href":"https:\/\/api.w.org\/{rel}","templated":true}]}}