{"id":54227,"date":"2025-11-15T19:31:54","date_gmt":"2025-11-15T17:31:54","guid":{"rendered":"https:\/\/www.kitarakuu.fi\/tuotteet\/uncategorized\/sound-city-plus-50-mk-iv-custom-70s-alkup\/"},"modified":"2026-03-13T13:48:37","modified_gmt":"2026-03-13T11:48:37","slug":"sound-city-plus-50-mk-iv-custom-70s-alkup","status":"publish","type":"product","link":"https:\/\/www.kitarakuu.fi\/en\/products\/amps\/tube-amplifiers\/sound-city-plus-50-mk-iv-custom-70s-alkup\/","title":{"rendered":"Sound City Plus 50 MK IV Custom 70`s alkup."},"content":{"rendered":"<p>Huimasoundinen, kateutta kitaristikollegoissa her\u00e4tt\u00e4v\u00e4 klassikkonuppi t\u00e4ysin huolletussa kunnossa<\/p>\n<p>Kourallinen uusia vastuksia, verkkokaapeli ja konkkia vaihdettu<\/p>\n","protected":false},"excerpt":{"rendered":"<p>Huimasoundinen, kateutta kitaristikollegoissa her\u00e4tt\u00e4v\u00e4 klassikkonuppi t\u00e4ysin huolletussa kunnossa Kourallinen uusia vastuksia, verkkokaapeli ja konkkia vaihdettu<\/p>\n","protected":false},"featured_media":54232,"comment_status":"closed","ping_status":"closed","template":"","meta":{"_acf_changed":false},"product_brand":[],"product_cat":[532,1288,957],"product_tag":[],"class_list":{"0":"post-54227","1":"product","2":"type-product","3":"status-publish","4":"has-post-thumbnail","6":"product_cat-amps","7":"product_cat-head","8":"product_cat-tube-amplifiers","9":"pa_valmistaja-sound-city","11":"first","12":"instock","13":"sale","14":"taxable","15":"shipping-taxable","16":"purchasable","17":"product-type-simple"},"acf":[],"_links":{"self":[{"href":"https:\/\/www.kitarakuu.fi\/en\/wp-json\/wp\/v2\/product\/54227","targetHints":{"allow":["GET"]}}],"collection":[{"href":"https:\/\/www.kitarakuu.fi\/en\/wp-json\/wp\/v2\/product"}],"about":[{"href":"https:\/\/www.kitarakuu.fi\/en\/wp-json\/wp\/v2\/types\/product"}],"replies":[{"embeddable":true,"href":"https:\/\/www.kitarakuu.fi\/en\/wp-json\/wp\/v2\/comments?post=54227"}],"wp:featuredmedia":[{"embeddable":true,"href":"https:\/\/www.kitarakuu.fi\/en\/wp-json\/wp\/v2\/media\/54232"}],"wp:attachment":[{"href":"https:\/\/www.kitarakuu.fi\/en\/wp-json\/wp\/v2\/media?parent=54227"}],"wp:term":[{"taxonomy":"product_brand","embeddable":true,"href":"https:\/\/www.kitarakuu.fi\/en\/wp-json\/wp\/v2\/product_brand?post=54227"},{"taxonomy":"product_cat","embeddable":true,"href":"https:\/\/www.kitarakuu.fi\/en\/wp-json\/wp\/v2\/product_cat?post=54227"},{"taxonomy":"product_tag","embeddable":true,"href":"https:\/\/www.kitarakuu.fi\/en\/wp-json\/wp\/v2\/product_tag?post=54227"}],"curies":[{"name":"wp","href":"https:\/\/api.w.org\/{rel}","templated":true}]}}