{"id":54162,"date":"2025-11-11T19:35:00","date_gmt":"2025-11-11T17:35:00","guid":{"rendered":"https:\/\/www.kitarakuu.fi\/tuotteet\/uncategorized\/gibson-les-paul-standard-faded-2023\/"},"modified":"2025-11-22T07:58:42","modified_gmt":"2025-11-22T05:58:42","slug":"gibson-les-paul-standard-faded-2023","status":"publish","type":"product","link":"https:\/\/www.kitarakuu.fi\/en\/products\/guitars\/electric-guitars\/gibson-les-paul-standard-faded-2023\/","title":{"rendered":"Gibson Les Paul Standard Faded 2023"},"content":{"rendered":"<pre id=\"tw-target-text\" class=\"tw-data-text tw-text-large tw-ta\" dir=\"ltr\" tabindex=\"-1\" role=\"text\" data-placeholder=\"K\u00e4\u00e4nn\u00f6s\" data-ved=\"2ahUKEwjI4cmws-2QAxX_LBAIHcxiGB4Q3ewLegQIFhAV\" aria-label=\"K\u00e4\u00e4nnetty teksti: Beautiful, flawless body Vintage Honey Burst Burstbucker #1\/#2 humbuckers First serviced guitar, 10\/46 strings Original bag and full retail packaging\"><span class=\"Y2IQFc\" lang=\"en\">Beautiful, flawless Les Paul -mint condition\r\n\r\nVintage Honey Burst\r\n\r\nBurstbucker #1\/#2 humbuckers\r\n\r\n\"50`s Rounded\" neck profile\r\n\r\nFirst time serviced guitar, 10\/46 strings\r\n\r\nOriginal bag and full retail packaging<\/span><\/pre>\n","protected":false},"excerpt":{"rendered":"<p>Beautiful, flawless Les Paul -mint condition Vintage Honey Burst Burstbucker #1\/#2 humbuckers &#8220;50`s Rounded&#8221; neck profile First time serviced guitar, 10\/46 strings Original bag and full retail packaging<\/p>\n","protected":false},"featured_media":54157,"comment_status":"closed","ping_status":"closed","template":"","meta":{"_acf_changed":false},"product_brand":[],"product_cat":[672,670],"product_tag":[],"class_list":{"0":"post-54162","1":"product","2":"type-product","3":"status-publish","4":"has-post-thumbnail","6":"product_cat-electric-guitars","7":"product_cat-guitars","8":"product_shipping_class-dbschenker-noutopistepaketti-en","9":"pa_valmistaja-gibson-en","11":"first","12":"outofstock","13":"taxable","14":"shipping-taxable","15":"product-type-simple"},"acf":[],"_links":{"self":[{"href":"https:\/\/www.kitarakuu.fi\/en\/wp-json\/wp\/v2\/product\/54162","targetHints":{"allow":["GET"]}}],"collection":[{"href":"https:\/\/www.kitarakuu.fi\/en\/wp-json\/wp\/v2\/product"}],"about":[{"href":"https:\/\/www.kitarakuu.fi\/en\/wp-json\/wp\/v2\/types\/product"}],"replies":[{"embeddable":true,"href":"https:\/\/www.kitarakuu.fi\/en\/wp-json\/wp\/v2\/comments?post=54162"}],"wp:featuredmedia":[{"embeddable":true,"href":"https:\/\/www.kitarakuu.fi\/en\/wp-json\/wp\/v2\/media\/54157"}],"wp:attachment":[{"href":"https:\/\/www.kitarakuu.fi\/en\/wp-json\/wp\/v2\/media?parent=54162"}],"wp:term":[{"taxonomy":"product_brand","embeddable":true,"href":"https:\/\/www.kitarakuu.fi\/en\/wp-json\/wp\/v2\/product_brand?post=54162"},{"taxonomy":"product_cat","embeddable":true,"href":"https:\/\/www.kitarakuu.fi\/en\/wp-json\/wp\/v2\/product_cat?post=54162"},{"taxonomy":"product_tag","embeddable":true,"href":"https:\/\/www.kitarakuu.fi\/en\/wp-json\/wp\/v2\/product_tag?post=54162"}],"curies":[{"name":"wp","href":"https:\/\/api.w.org\/{rel}","templated":true}]}}