{"id":53995,"date":"2025-09-25T19:11:09","date_gmt":"2025-09-25T16:11:09","guid":{"rendered":"https:\/\/www.kitarakuu.fi\/tuotteet\/uncategorized\/music-man-sixty-five-reverb-1978\/"},"modified":"2026-04-19T07:56:12","modified_gmt":"2026-04-19T04:56:12","slug":"music-man-sixty-five-reverb-1978","status":"publish","type":"product","link":"https:\/\/www.kitarakuu.fi\/en\/products\/amps\/head\/music-man-sixty-five-reverb-1978\/","title":{"rendered":"Music Man Sixty-Five Reverb 1978"},"content":{"rendered":"<p>Hyvin b\u00e4nditaajuksien l\u00e4pi tiens\u00e4 l\u00f6yt\u00e4v\u00e4 tone<\/p>\n<p>Koteloon on lis\u00e4tty koaxiaalikaiutin, joten toimii my\u00f6s combona ilman erillist\u00e4 kaappia -k\u00e4tev\u00e4 laite kotivolyymeill\u00e4<\/p>\n<p>Reverb\/Tremolo<\/p>\n","protected":false},"excerpt":{"rendered":"<p>Hyvin b\u00e4nditaajuksien l\u00e4pi tiens\u00e4 l\u00f6yt\u00e4v\u00e4 tone Koteloon on lis\u00e4tty koaxiaalikaiutin, joten toimii my\u00f6s combona ilman erillist\u00e4 kaappia -k\u00e4tev\u00e4 laite kotivolyymeill\u00e4 Reverb\/Tremolo<\/p>\n","protected":false},"featured_media":53282,"comment_status":"closed","ping_status":"closed","template":"","meta":{"_acf_changed":false},"product_brand":[],"product_cat":[532,1288],"product_tag":[],"class_list":{"0":"post-53995","1":"product","2":"type-product","3":"status-publish","4":"has-post-thumbnail","6":"product_cat-amps","7":"product_cat-head","8":"pa_valmistaja-music-man","10":"first","11":"instock","12":"taxable","13":"shipping-taxable","14":"purchasable","15":"product-type-simple"},"acf":[],"_links":{"self":[{"href":"https:\/\/www.kitarakuu.fi\/en\/wp-json\/wp\/v2\/product\/53995","targetHints":{"allow":["GET"]}}],"collection":[{"href":"https:\/\/www.kitarakuu.fi\/en\/wp-json\/wp\/v2\/product"}],"about":[{"href":"https:\/\/www.kitarakuu.fi\/en\/wp-json\/wp\/v2\/types\/product"}],"replies":[{"embeddable":true,"href":"https:\/\/www.kitarakuu.fi\/en\/wp-json\/wp\/v2\/comments?post=53995"}],"wp:featuredmedia":[{"embeddable":true,"href":"https:\/\/www.kitarakuu.fi\/en\/wp-json\/wp\/v2\/media\/53282"}],"wp:attachment":[{"href":"https:\/\/www.kitarakuu.fi\/en\/wp-json\/wp\/v2\/media?parent=53995"}],"wp:term":[{"taxonomy":"product_brand","embeddable":true,"href":"https:\/\/www.kitarakuu.fi\/en\/wp-json\/wp\/v2\/product_brand?post=53995"},{"taxonomy":"product_cat","embeddable":true,"href":"https:\/\/www.kitarakuu.fi\/en\/wp-json\/wp\/v2\/product_cat?post=53995"},{"taxonomy":"product_tag","embeddable":true,"href":"https:\/\/www.kitarakuu.fi\/en\/wp-json\/wp\/v2\/product_tag?post=53995"}],"curies":[{"name":"wp","href":"https:\/\/api.w.org\/{rel}","templated":true}]}}