{"id":53969,"date":"2025-11-12T17:13:31","date_gmt":"2025-11-12T15:13:31","guid":{"rendered":"https:\/\/www.kitarakuu.fi\/?post_type=product&#038;p=53969"},"modified":"2025-11-12T22:09:28","modified_gmt":"2025-11-12T20:09:28","slug":"marshall-jmp-2204-jcm-800-bass-1984a-halfstack","status":"publish","type":"product","link":"https:\/\/www.kitarakuu.fi\/en\/products\/amps\/tube-amplifiers\/marshall-jmp-2204-jcm-800-bass-1984a-halfstack\/","title":{"rendered":"Marshall JMP 2204\/JCM 800 Bass 1984A Halfstack"},"content":{"rendered":"<pre id=\"tw-target-text\" class=\"tw-data-text tw-text-large tw-ta\" dir=\"ltr\" tabindex=\"-1\" role=\"text\" data-placeholder=\"K\u00e4\u00e4nn\u00f6s\" data-ved=\"2ahUKEwjI4cmws-2QAxX_LBAIHcxiGB4Q3ewLegQIFhAV\" aria-label=\"K\u00e4\u00e4nnetty teksti: Serviced Marshall JMP 2204 Master Model 50W Mk2 Lead, S\/N 06236J\r\n\r\nPower tubes just replaced\r\n\r\nNew control knobs, old ones in bag included\r\n\r\nHead cabinet JCM 800 Bass 1984A, 4x12&quot; 80W speakers =&gt; power handling 320W\"><span class=\"Y2IQFc\" lang=\"en\">Serviced Marshall JMP 2204 Master Model 50W Mk2 Lead, S\/N 06236J\r\n\r\nPower tubes just replaced\r\n\r\nNew control knobs, old ones included\r\n\r\nHead cabinet JCM 800 Bass 1984A, 4x12\" 80W speakers =&gt; power handling 320W<\/span><\/pre>\n","protected":false},"excerpt":{"rendered":"<p>Serviced Marshall JMP 2204 Master Model 50W Mk2 Lead, S\/N 06236J Power tubes just replaced New control knobs, old ones included Head cabinet JCM 800 Bass 1984A, 4&#215;12&#8243; 80W speakers =&gt; power handling 320W<\/p>\n","protected":false},"featured_media":53973,"comment_status":"closed","ping_status":"closed","template":"","meta":{"_acf_changed":false},"product_brand":[],"product_cat":[532,1289,957],"product_tag":[],"class_list":{"0":"post-53969","1":"product","2":"type-product","3":"status-publish","4":"has-post-thumbnail","6":"product_cat-amps","7":"product_cat-head-cabinet","8":"product_cat-tube-amplifiers","9":"pa_valmistaja-marshall-en","11":"first","12":"instock","13":"taxable","14":"shipping-taxable","15":"purchasable","16":"product-type-simple"},"acf":[],"_links":{"self":[{"href":"https:\/\/www.kitarakuu.fi\/en\/wp-json\/wp\/v2\/product\/53969","targetHints":{"allow":["GET"]}}],"collection":[{"href":"https:\/\/www.kitarakuu.fi\/en\/wp-json\/wp\/v2\/product"}],"about":[{"href":"https:\/\/www.kitarakuu.fi\/en\/wp-json\/wp\/v2\/types\/product"}],"replies":[{"embeddable":true,"href":"https:\/\/www.kitarakuu.fi\/en\/wp-json\/wp\/v2\/comments?post=53969"}],"wp:featuredmedia":[{"embeddable":true,"href":"https:\/\/www.kitarakuu.fi\/en\/wp-json\/wp\/v2\/media\/53973"}],"wp:attachment":[{"href":"https:\/\/www.kitarakuu.fi\/en\/wp-json\/wp\/v2\/media?parent=53969"}],"wp:term":[{"taxonomy":"product_brand","embeddable":true,"href":"https:\/\/www.kitarakuu.fi\/en\/wp-json\/wp\/v2\/product_brand?post=53969"},{"taxonomy":"product_cat","embeddable":true,"href":"https:\/\/www.kitarakuu.fi\/en\/wp-json\/wp\/v2\/product_cat?post=53969"},{"taxonomy":"product_tag","embeddable":true,"href":"https:\/\/www.kitarakuu.fi\/en\/wp-json\/wp\/v2\/product_tag?post=53969"}],"curies":[{"name":"wp","href":"https:\/\/api.w.org\/{rel}","templated":true}]}}