{"id":53968,"date":"2025-10-16T19:34:08","date_gmt":"2025-10-16T16:34:08","guid":{"rendered":"https:\/\/www.kitarakuu.fi\/tuotteet\/uncategorized\/gl-s-500-1983-84\/"},"modified":"2026-01-17T12:52:57","modified_gmt":"2026-01-17T10:52:57","slug":"gl-s-500-1983-84","status":"publish","type":"product","link":"https:\/\/www.kitarakuu.fi\/en\/products\/guitars\/electric-guitars\/gl-s-500-1983-84\/","title":{"rendered":"G&#038;L S-500 1983-`84"},"content":{"rendered":"<p>Hienokuntoinen alkuaikojen USA-G&amp;L ensimm\u00e4iselt\u00e4 omistajalta<\/p>\n<p>Muutama pieni kolhu rungossa ja j\u00e4ljet sein\u00e4riiputtimesta kaulassa lavan tyvess\u00e4<\/p>\n<p>Mainiot Magnetic Field Design -mikrofonit<\/p>\n<p>Pieni C-profiilin kaula, eritt\u00e4in tumma ruusupuuotelauta<\/p>\n<p>Huollettu kitara 10\/46 -kieliss\u00e4<\/p>\n<p><span style=\"font-size: 1rem;\">Alkuper\u00e4inen laukku, Klondyke -hihna ja 6-koloavainsetti<\/span><\/p>\n","protected":false},"excerpt":{"rendered":"<p>Hienokuntoinen alkuaikojen USA-G&amp;L ensimm\u00e4iselt\u00e4 omistajalta Muutama pieni kolhu rungossa ja j\u00e4ljet sein\u00e4riiputtimesta kaulassa lavan tyvess\u00e4 Mainiot Magnetic Field Design -mikrofonit Pieni C-profiilin kaula, eritt\u00e4in tumma ruusupuuotelauta Huollettu kitara 10\/46 -kieliss\u00e4 Alkuper\u00e4inen laukku, Klondyke -hihna ja 6-koloavainsetti<\/p>\n","protected":false},"featured_media":53650,"comment_status":"closed","ping_status":"closed","template":"","meta":{"_acf_changed":false},"product_brand":[],"product_cat":[672,670],"product_tag":[],"class_list":{"0":"post-53968","1":"product","2":"type-product","3":"status-publish","4":"has-post-thumbnail","6":"product_cat-electric-guitars","7":"product_cat-guitars","8":"product_shipping_class-dbschenker-noutopistepaketti-en","9":"pa_valmistaja-gl-en","11":"first","12":"outofstock","13":"taxable","14":"shipping-taxable","15":"product-type-simple"},"acf":[],"_links":{"self":[{"href":"https:\/\/www.kitarakuu.fi\/en\/wp-json\/wp\/v2\/product\/53968","targetHints":{"allow":["GET"]}}],"collection":[{"href":"https:\/\/www.kitarakuu.fi\/en\/wp-json\/wp\/v2\/product"}],"about":[{"href":"https:\/\/www.kitarakuu.fi\/en\/wp-json\/wp\/v2\/types\/product"}],"replies":[{"embeddable":true,"href":"https:\/\/www.kitarakuu.fi\/en\/wp-json\/wp\/v2\/comments?post=53968"}],"wp:featuredmedia":[{"embeddable":true,"href":"https:\/\/www.kitarakuu.fi\/en\/wp-json\/wp\/v2\/media\/53650"}],"wp:attachment":[{"href":"https:\/\/www.kitarakuu.fi\/en\/wp-json\/wp\/v2\/media?parent=53968"}],"wp:term":[{"taxonomy":"product_brand","embeddable":true,"href":"https:\/\/www.kitarakuu.fi\/en\/wp-json\/wp\/v2\/product_brand?post=53968"},{"taxonomy":"product_cat","embeddable":true,"href":"https:\/\/www.kitarakuu.fi\/en\/wp-json\/wp\/v2\/product_cat?post=53968"},{"taxonomy":"product_tag","embeddable":true,"href":"https:\/\/www.kitarakuu.fi\/en\/wp-json\/wp\/v2\/product_tag?post=53968"}],"curies":[{"name":"wp","href":"https:\/\/api.w.org\/{rel}","templated":true}]}}