{"id":53961,"date":"2025-10-17T23:20:21","date_gmt":"2025-10-17T20:20:21","guid":{"rendered":"https:\/\/www.kitarakuu.fi\/?post_type=product&#038;p=53961"},"modified":"2026-02-17T16:08:40","modified_gmt":"2026-02-17T14:08:40","slug":"fender-vibrolux-reverb-1981","status":"publish","type":"product","link":"https:\/\/www.kitarakuu.fi\/en\/products\/amps\/tube-amplifiers\/fender-vibrolux-reverb-1981\/","title":{"rendered":"Fender Vibrolux Reverb 1981"},"content":{"rendered":"<p>Mustanaama-Fenderin toinen tuleminen 80-luvulta -n\u00e4m\u00e4 olivat viel\u00e4 amerikkalaista k\u00e4sity\u00f6t\u00e4!<\/p>\n<p>Tehty BF -modaus: tasasuuntaus muutettu 60\u00b4s -korrektiksi<\/p>\n<p>Alkuper\u00e4inen jalkakytkin reverbille\/tremololle<\/p>\n<p>Erinomaiset 2&#215;10&#8243; Alnico Eminence -kajauttimet -ne parhaat!<\/p>\n<p>Siisti, toimiva kunto<\/p>\n","protected":false},"excerpt":{"rendered":"<p>Mustanaama-Fenderin toinen tuleminen 80-luvulta -n\u00e4m\u00e4 olivat viel\u00e4 amerikkalaista k\u00e4sity\u00f6t\u00e4! Tehty BF -modaus: tasasuuntaus muutettu 60\u00b4s -korrektiksi Alkuper\u00e4inen jalkakytkin reverbille\/tremololle Erinomaiset 2&#215;10&#8243; Alnico Eminence -kajauttimet -ne parhaat! Siisti, toimiva kunto<\/p>\n","protected":false},"featured_media":53967,"comment_status":"closed","ping_status":"closed","template":"","meta":{"_acf_changed":false},"product_brand":[],"product_cat":[532,664,957],"product_tag":[],"class_list":{"0":"post-53961","1":"product","2":"type-product","3":"status-publish","4":"has-post-thumbnail","6":"product_cat-amps","7":"product_cat-combo","8":"product_cat-tube-amplifiers","9":"pa_valmistaja-fender-en","11":"first","12":"outofstock","13":"taxable","14":"shipping-taxable","15":"product-type-simple"},"acf":[],"_links":{"self":[{"href":"https:\/\/www.kitarakuu.fi\/en\/wp-json\/wp\/v2\/product\/53961","targetHints":{"allow":["GET"]}}],"collection":[{"href":"https:\/\/www.kitarakuu.fi\/en\/wp-json\/wp\/v2\/product"}],"about":[{"href":"https:\/\/www.kitarakuu.fi\/en\/wp-json\/wp\/v2\/types\/product"}],"replies":[{"embeddable":true,"href":"https:\/\/www.kitarakuu.fi\/en\/wp-json\/wp\/v2\/comments?post=53961"}],"wp:featuredmedia":[{"embeddable":true,"href":"https:\/\/www.kitarakuu.fi\/en\/wp-json\/wp\/v2\/media\/53967"}],"wp:attachment":[{"href":"https:\/\/www.kitarakuu.fi\/en\/wp-json\/wp\/v2\/media?parent=53961"}],"wp:term":[{"taxonomy":"product_brand","embeddable":true,"href":"https:\/\/www.kitarakuu.fi\/en\/wp-json\/wp\/v2\/product_brand?post=53961"},{"taxonomy":"product_cat","embeddable":true,"href":"https:\/\/www.kitarakuu.fi\/en\/wp-json\/wp\/v2\/product_cat?post=53961"},{"taxonomy":"product_tag","embeddable":true,"href":"https:\/\/www.kitarakuu.fi\/en\/wp-json\/wp\/v2\/product_tag?post=53961"}],"curies":[{"name":"wp","href":"https:\/\/api.w.org\/{rel}","templated":true}]}}