{"id":53947,"date":"2025-10-29T18:12:09","date_gmt":"2025-10-29T16:12:09","guid":{"rendered":"https:\/\/www.kitarakuu.fi\/tuotteet\/uncategorized\/dangelico-deluxe-atlantic-baritone-matte-walnut\/"},"modified":"2026-01-08T19:10:15","modified_gmt":"2026-01-08T17:10:15","slug":"dangelico-deluxe-atlantic-baritone-matte-walnut","status":"publish","type":"product","link":"https:\/\/www.kitarakuu.fi\/en\/products\/guitars\/electric-guitars\/dangelico-deluxe-atlantic-baritone-matte-walnut\/","title":{"rendered":"D`Angelico Deluxe Atlantic Baritone Matte Walnut"},"content":{"rendered":"<p><span class=\"fx-text fx-text--plus list-item__text\">P\u00e4\u00e4st\u00e4 p\u00e4\u00e4h\u00e4n laadukas barska!<\/span><\/p>\n<p><span class=\"fx-text fx-text--plus list-item__text\">Kaulaprofiili: kapea C<\/span><\/p>\n<p><span class=\"fx-text fx-text--plus list-item__text\">Kaulan leveys satulalla:43 mm<\/span><\/p>\n<p><span class=\"fx-text fx-text--plus list-item__text\">Skaala: 26,75&#8243;<\/span><\/p>\n<p><span class=\"fx-text fx-text--plus list-item__text\">Seymour Duncan Seth Lover A4 -mikrofonit k<\/span>elojen puolituksin<\/p>\n<p><span class=\"fx-text fx-text--plus list-item__text\">Switchcraft EG2P-jakki<\/span><\/p>\n<p><span class=\"fx-text fx-text--plus list-item__text\">Grover 509 Super Rotomatic lukkovirittimet<\/span><\/p>\n<p>Uusi soitin, hinta sis. Alv 25,5%<\/p>\n<p><iframe loading=\"lazy\" title=\"Deluxe Atlantic Baritone Demo with Zach Comtois | D&#039;Angelico Guitars\" width=\"640\" height=\"360\" src=\"https:\/\/www.youtube.com\/embed\/iUZS6G00gc8?feature=oembed\" frameborder=\"0\" allow=\"accelerometer; autoplay; clipboard-write; encrypted-media; gyroscope; picture-in-picture; web-share\" referrerpolicy=\"strict-origin-when-cross-origin\" allowfullscreen><\/iframe><\/p>\n<p>Introducing the Deluxe Atlantic Baritone\u2014a bold new take on our standout single-cutaway solid-body, offering both remarkable articulation and unprecedented depth of tone. Powered by two Seymour Duncan Seth Lover A4 humbuckers, the Deluxe Atlantic Baritone provides the sparkling top ended needed to achieve baritone clarity, but with thick, rich midrange that yields powerful, undeniable tone. An ebony fingerboard offers sustain and brightness, while a 26.75&#8243; scale length strikes the balance between prioritizing player comfort and achieving vivid tone. Designed to be both highly powerful and highly wieldable, the Deluxe Atlantic Baritone features a deep belly cut, mid-weight Alder body wood, and a highly manageable slim C-shape neck profile. Now available in Solid Black and Satin Walnut.<\/p>\n","protected":false},"excerpt":{"rendered":"<p>P\u00e4\u00e4st\u00e4 p\u00e4\u00e4h\u00e4n laadukas barska! Kaulaprofiili: kapea C Kaulan leveys satulalla:43 mm Skaala: 26,75&#8243; Seymour Duncan Seth Lover A4 -mikrofonit kelojen puolituksin Switchcraft EG2P-jakki Grover 509 Super Rotomatic lukkovirittimet Uusi soitin, hinta sis. Alv 25,5% Introducing the Deluxe Atlantic Baritone\u2014a bold new take on our standout single-cutaway solid-body, offering both remarkable articulation and unprecedented depth of [&hellip;]<\/p>\n","protected":false},"featured_media":53950,"comment_status":"closed","ping_status":"closed","template":"","meta":{"_acf_changed":false},"product_brand":[],"product_cat":[1592,672,670],"product_tag":[],"class_list":{"0":"post-53947","1":"product","2":"type-product","3":"status-publish","4":"has-post-thumbnail","6":"product_cat-dangelico_guitars","7":"product_cat-electric-guitars","8":"product_cat-guitars","9":"product_shipping_class-dbschenker-noutopistepaketti-en","10":"pa_valmistaja-dangelico-en","12":"first","13":"outofstock","14":"taxable","15":"shipping-taxable","16":"product-type-simple"},"acf":[],"_links":{"self":[{"href":"https:\/\/www.kitarakuu.fi\/en\/wp-json\/wp\/v2\/product\/53947","targetHints":{"allow":["GET"]}}],"collection":[{"href":"https:\/\/www.kitarakuu.fi\/en\/wp-json\/wp\/v2\/product"}],"about":[{"href":"https:\/\/www.kitarakuu.fi\/en\/wp-json\/wp\/v2\/types\/product"}],"replies":[{"embeddable":true,"href":"https:\/\/www.kitarakuu.fi\/en\/wp-json\/wp\/v2\/comments?post=53947"}],"wp:featuredmedia":[{"embeddable":true,"href":"https:\/\/www.kitarakuu.fi\/en\/wp-json\/wp\/v2\/media\/53950"}],"wp:attachment":[{"href":"https:\/\/www.kitarakuu.fi\/en\/wp-json\/wp\/v2\/media?parent=53947"}],"wp:term":[{"taxonomy":"product_brand","embeddable":true,"href":"https:\/\/www.kitarakuu.fi\/en\/wp-json\/wp\/v2\/product_brand?post=53947"},{"taxonomy":"product_cat","embeddable":true,"href":"https:\/\/www.kitarakuu.fi\/en\/wp-json\/wp\/v2\/product_cat?post=53947"},{"taxonomy":"product_tag","embeddable":true,"href":"https:\/\/www.kitarakuu.fi\/en\/wp-json\/wp\/v2\/product_tag?post=53947"}],"curies":[{"name":"wp","href":"https:\/\/api.w.org\/{rel}","templated":true}]}}