{"id":53943,"date":"2025-10-29T18:14:18","date_gmt":"2025-10-29T16:14:18","guid":{"rendered":"https:\/\/www.kitarakuu.fi\/tuotteet\/uncategorized\/dangelico-excel-dc-p-90-vintage-natural\/"},"modified":"2025-12-29T09:45:33","modified_gmt":"2025-12-29T07:45:33","slug":"dangelico-excel-dc-p-90-vintage-natural","status":"publish","type":"product","link":"https:\/\/www.kitarakuu.fi\/en\/products\/guitars\/dangelico-excel-dc-p-90-vintage-natural\/","title":{"rendered":"D`Angelico Deluxe DC P-90 Satin Trans Wine Red"},"content":{"rendered":"<p>T\u00e4ysikokoinen puoliakustinen keskipalkilla<\/p>\n<p>Kansi kuusilaminaattia, sivut ja takakansi vaahteralaminaattia<\/p>\n<p><span class=\"fx-text fx-text--plus list-item__text\">Kaula: vaahtera,p\u00e4hkin\u00e4,vaahtera<\/span><\/p>\n<p>Skaala: 25,75&#8243;<\/p>\n<p>Eebenotelauta,12&#8243; radius<\/p>\n<p>C-profiilin kaula, leveys satulalla: 43mm<\/p>\n<p>Luusatula<\/p>\n<p>Pinotut kaksikelaiset Seymour Duncan STK P-90 mikrofonit<\/p>\n<p><span class=\"fx-text fx-text--plus list-item__text\">Grover 509 Super Rotomatic -viritinkoneisto<\/span><\/p>\n<p><span class=\"fx-text fx-text--plus list-item__text\">EG2P jakki -p\u00e4tkim\u00e4t\u00f6n liitin plugille<\/span><\/p>\n<p>Uusi soitin, hinta sis. Alv 25,5%<\/p>\n<p>&nbsp;<\/p>\n","protected":false},"excerpt":{"rendered":"<p>T\u00e4ysikokoinen puoliakustinen keskipalkilla Kansi kuusilaminaattia, sivut ja takakansi vaahteralaminaattia Kaula: vaahtera,p\u00e4hkin\u00e4,vaahtera Skaala: 25,75&#8243; Eebenotelauta,12&#8243; radius C-profiilin kaula, leveys satulalla: 43mm Luusatula Pinotut kaksikelaiset Seymour Duncan STK P-90 mikrofonit Grover 509 Super Rotomatic -viritinkoneisto EG2P jakki -p\u00e4tkim\u00e4t\u00f6n liitin plugille Uusi soitin, hinta sis. Alv 25,5% &nbsp;<\/p>\n","protected":false},"featured_media":53946,"comment_status":"closed","ping_status":"closed","template":"","meta":{"_acf_changed":false},"product_brand":[],"product_cat":[1592,670],"product_tag":[],"class_list":{"0":"post-53943","1":"product","2":"type-product","3":"status-publish","4":"has-post-thumbnail","6":"product_cat-dangelico_guitars","7":"product_cat-guitars","8":"product_shipping_class-dbschenker-noutopistepaketti-en","9":"pa_valmistaja-dangelico-en","11":"first","12":"instock","13":"taxable","14":"shipping-taxable","15":"purchasable","16":"product-type-simple"},"acf":[],"_links":{"self":[{"href":"https:\/\/www.kitarakuu.fi\/en\/wp-json\/wp\/v2\/product\/53943","targetHints":{"allow":["GET"]}}],"collection":[{"href":"https:\/\/www.kitarakuu.fi\/en\/wp-json\/wp\/v2\/product"}],"about":[{"href":"https:\/\/www.kitarakuu.fi\/en\/wp-json\/wp\/v2\/types\/product"}],"replies":[{"embeddable":true,"href":"https:\/\/www.kitarakuu.fi\/en\/wp-json\/wp\/v2\/comments?post=53943"}],"wp:featuredmedia":[{"embeddable":true,"href":"https:\/\/www.kitarakuu.fi\/en\/wp-json\/wp\/v2\/media\/53946"}],"wp:attachment":[{"href":"https:\/\/www.kitarakuu.fi\/en\/wp-json\/wp\/v2\/media?parent=53943"}],"wp:term":[{"taxonomy":"product_brand","embeddable":true,"href":"https:\/\/www.kitarakuu.fi\/en\/wp-json\/wp\/v2\/product_brand?post=53943"},{"taxonomy":"product_cat","embeddable":true,"href":"https:\/\/www.kitarakuu.fi\/en\/wp-json\/wp\/v2\/product_cat?post=53943"},{"taxonomy":"product_tag","embeddable":true,"href":"https:\/\/www.kitarakuu.fi\/en\/wp-json\/wp\/v2\/product_tag?post=53943"}],"curies":[{"name":"wp","href":"https:\/\/api.w.org\/{rel}","templated":true}]}}