{"id":53828,"date":"2025-10-22T18:42:49","date_gmt":"2025-10-22T15:42:49","guid":{"rendered":"https:\/\/www.kitarakuu.fi\/tuotteet\/uncategorized\/aurora-guitars-s-style-2017\/"},"modified":"2025-10-22T18:42:49","modified_gmt":"2025-10-22T15:42:49","slug":"aurora-guitars-s-style-2017","status":"publish","type":"product","link":"https:\/\/www.kitarakuu.fi\/en\/products\/guitars\/electric-guitars\/aurora-guitars-s-style-2017\/","title":{"rendered":"Aurora Guitars S-Style 2017"},"content":{"rendered":"<p>L\u00e4hes uudenveroinen, laadukas S<\/p>\n<p><span style=\"font-size: 1rem;\">Muikean pippuriset Chili 5 -mikrofonit<\/span><\/p>\n<p>S\u00e4hk\u00f6osat: CTS, CRL, Switchcraft<\/p>\n<p>Alkuper\u00e4inen laukku: Aurora Tip Top<\/p>\n","protected":false},"excerpt":{"rendered":"<p>L\u00e4hes uudenveroinen, laadukas S Muikean pippuriset Chili 5 -mikrofonit S\u00e4hk\u00f6osat: CTS, CRL, Switchcraft Alkuper\u00e4inen laukku: Aurora Tip Top<\/p>\n","protected":false},"featured_media":53829,"comment_status":"open","ping_status":"closed","template":"","meta":{"_acf_changed":false},"product_brand":[],"product_cat":[672,670],"product_tag":[],"class_list":{"0":"post-53828","1":"product","2":"type-product","3":"status-publish","4":"has-post-thumbnail","6":"product_cat-electric-guitars","7":"product_cat-guitars","8":"product_shipping_class-dbschenker-noutopistepaketti-en","9":"pa_valmistaja-aurora-guitars","11":"first","12":"outofstock","13":"taxable","14":"shipping-taxable","15":"purchasable","16":"product-type-simple"},"acf":[],"_links":{"self":[{"href":"https:\/\/www.kitarakuu.fi\/en\/wp-json\/wp\/v2\/product\/53828","targetHints":{"allow":["GET"]}}],"collection":[{"href":"https:\/\/www.kitarakuu.fi\/en\/wp-json\/wp\/v2\/product"}],"about":[{"href":"https:\/\/www.kitarakuu.fi\/en\/wp-json\/wp\/v2\/types\/product"}],"replies":[{"embeddable":true,"href":"https:\/\/www.kitarakuu.fi\/en\/wp-json\/wp\/v2\/comments?post=53828"}],"wp:featuredmedia":[{"embeddable":true,"href":"https:\/\/www.kitarakuu.fi\/en\/wp-json\/wp\/v2\/media\/53829"}],"wp:attachment":[{"href":"https:\/\/www.kitarakuu.fi\/en\/wp-json\/wp\/v2\/media?parent=53828"}],"wp:term":[{"taxonomy":"product_brand","embeddable":true,"href":"https:\/\/www.kitarakuu.fi\/en\/wp-json\/wp\/v2\/product_brand?post=53828"},{"taxonomy":"product_cat","embeddable":true,"href":"https:\/\/www.kitarakuu.fi\/en\/wp-json\/wp\/v2\/product_cat?post=53828"},{"taxonomy":"product_tag","embeddable":true,"href":"https:\/\/www.kitarakuu.fi\/en\/wp-json\/wp\/v2\/product_tag?post=53828"}],"curies":[{"name":"wp","href":"https:\/\/api.w.org\/{rel}","templated":true}]}}