{"id":53822,"date":"2025-10-22T20:33:41","date_gmt":"2025-10-22T17:33:41","guid":{"rendered":"https:\/\/www.kitarakuu.fi\/tuotteet\/uncategorized\/tonerider-apex-plus\/"},"modified":"2026-01-13T11:24:01","modified_gmt":"2026-01-13T09:24:01","slug":"tonerider-apex-plus","status":"publish","type":"product","link":"https:\/\/www.kitarakuu.fi\/en\/products\/guitar-parts\/tonerider-pickups-guitar\/tonerider-apex-plus\/","title":{"rendered":"Tonerider Apex Plus"},"content":{"rendered":"<p class=\"product-short-description\">UUTTA: T\u00e4ysin h\u00e4iri\u00f6t\u00f6n KUUMA setti stratoon!<\/p>\n<p class=\"product-short-description\">The Apex Plus set delivers punchy Strat tone, perfect for Texas blues, rock and beyond.<\/p>\n<p class=\"p1\"><strong>The Ultimate in Hot Strat Tone, with Class-Leading Hum-Cancellation<\/strong><\/p>\n<p dir=\"ltr\">The Apex Plus set delivers punchy strat tone, perfect for Texas blues, rock and beyond.\u00a0 From searing solos to deep rhythm tones, our breakthrough design delivers mid-range muscle whilst maintaining single coil clarity, all with class-leading hum-cancellation.<strong>\u00a0<\/strong>Single pickups excel in HSS and HSH sets.<\/p>\n<p dir=\"ltr\">From stage to studio, our twin coil design allows for the natural movement of the strings to be unimpeded. The Apex Plus doesn&#8217;t have the harsh, nasal sound of many other hum-cancelling pickups. This breakthrough design delivers superb tone, even in the hard to recreate &#8220;quack&#8221; positions (2 and 4).<\/p>\n<p dir=\"ltr\"><strong>Made for Easy Installation<\/strong><\/p>\n<p dir=\"ltr\">Each Apex Plus is just 0.8inches (20mm) tall, allowing for easy installation on guitars with vintage or modern pickup cavities without any routing required. \u00a0In a first for hum-cancelling pickups, the Apex Plus use standard sized Strat covers &#8211; you&#8217;ll have the option to use original Fender covers, or Tonerider&#8217;s nylon covers in a range of colours.<b><\/b><\/p>\n<p dir=\"ltr\">Latex tubing and two sets of #6\/32 screws are: Panhead for modern pickguards and countersunk for vintage pickguards.<\/p>\n<p dir=\"ltr\">All Apex Plus pickups are wax potted to avoid feedback.<\/p>\n<p dir=\"ltr\">Magnet: Alnico 5<\/p>\n<p class=\"product__text inline-richtext\"><strong>Neck 9.9k \/ Mid 10k \/ Bridge 11k<\/strong><\/p>\n","protected":false},"excerpt":{"rendered":"<p>UUTTA: T\u00e4ysin h\u00e4iri\u00f6t\u00f6n KUUMA setti stratoon! The Apex Plus set delivers punchy Strat tone, perfect for Texas blues, rock and beyond. The Ultimate in Hot Strat Tone, with Class-Leading Hum-Cancellation The Apex Plus set delivers punchy strat tone, perfect for Texas blues, rock and beyond.\u00a0 From searing solos to deep rhythm tones, our breakthrough design [&hellip;]<\/p>\n","protected":false},"featured_media":53823,"comment_status":"closed","ping_status":"closed","template":"","meta":{"_acf_changed":false},"product_brand":[],"product_cat":[1151,1305],"product_tag":[],"class_list":{"0":"post-53822","1":"product","2":"type-product","3":"status-publish","4":"has-post-thumbnail","6":"product_cat-guitar-parts","7":"product_cat-tonerider-pickups-guitar","8":"product_shipping_class-pikkupaketti","10":"first","11":"instock","12":"taxable","13":"shipping-taxable","14":"purchasable","15":"product-type-simple"},"acf":[],"_links":{"self":[{"href":"https:\/\/www.kitarakuu.fi\/en\/wp-json\/wp\/v2\/product\/53822","targetHints":{"allow":["GET"]}}],"collection":[{"href":"https:\/\/www.kitarakuu.fi\/en\/wp-json\/wp\/v2\/product"}],"about":[{"href":"https:\/\/www.kitarakuu.fi\/en\/wp-json\/wp\/v2\/types\/product"}],"replies":[{"embeddable":true,"href":"https:\/\/www.kitarakuu.fi\/en\/wp-json\/wp\/v2\/comments?post=53822"}],"wp:featuredmedia":[{"embeddable":true,"href":"https:\/\/www.kitarakuu.fi\/en\/wp-json\/wp\/v2\/media\/53823"}],"wp:attachment":[{"href":"https:\/\/www.kitarakuu.fi\/en\/wp-json\/wp\/v2\/media?parent=53822"}],"wp:term":[{"taxonomy":"product_brand","embeddable":true,"href":"https:\/\/www.kitarakuu.fi\/en\/wp-json\/wp\/v2\/product_brand?post=53822"},{"taxonomy":"product_cat","embeddable":true,"href":"https:\/\/www.kitarakuu.fi\/en\/wp-json\/wp\/v2\/product_cat?post=53822"},{"taxonomy":"product_tag","embeddable":true,"href":"https:\/\/www.kitarakuu.fi\/en\/wp-json\/wp\/v2\/product_tag?post=53822"}],"curies":[{"name":"wp","href":"https:\/\/api.w.org\/{rel}","templated":true}]}}