{"id":53813,"date":"2025-10-16T17:21:50","date_gmt":"2025-10-16T14:21:50","guid":{"rendered":"https:\/\/www.kitarakuu.fi\/tuotteet\/uncategorized\/gibson-es-130-1956\/"},"modified":"2025-10-16T17:21:50","modified_gmt":"2025-10-16T14:21:50","slug":"gibson-es-130-1956","status":"publish","type":"product","link":"https:\/\/www.kitarakuu.fi\/en\/products\/guitars\/acoustic-guitars\/gibson-es-130-1956\/","title":{"rendered":"Gibson ES-130 1956"},"content":{"rendered":"<p>Upea, hienosti s\u00e4ilynyt, huollettu kitara alkuper\u00e4isell\u00e4 laukulla<\/p>\n<p>Alkuper\u00e4inen, mureasoundinen P-90 mikrofoni<\/p>\n<p>Py\u00f6re\u00e4 50`s C -profiilin kaula<\/p>\n<p>Aikojen saatossa &#8220;Kutistuneet&#8221; alkuper\u00e4isten virittimien nupit (haljennut\/liimattu G-kielen nuppi on saamassa tarvitsemansa hoidon -toimii kuitenkin viel\u00e4&#8230;)<\/p>\n<p>Alkuper\u00e4inen Lifton -laukku, &#8220;Built Like Fortress&#8221;<\/p>\n","protected":false},"excerpt":{"rendered":"<p>Upea, hienosti s\u00e4ilynyt, huollettu kitara alkuper\u00e4isell\u00e4 laukulla Alkuper\u00e4inen, mureasoundinen P-90 mikrofoni Py\u00f6re\u00e4 50`s C -profiilin kaula Aikojen saatossa &#8220;Kutistuneet&#8221; alkuper\u00e4isten virittimien nupit (haljennut\/liimattu G-kielen nuppi on saamassa tarvitsemansa hoidon -toimii kuitenkin viel\u00e4&#8230;) Alkuper\u00e4inen Lifton -laukku, &#8220;Built Like Fortress&#8221;<\/p>\n","protected":false},"featured_media":53631,"comment_status":"open","ping_status":"closed","template":"","meta":{"_acf_changed":false},"product_brand":[],"product_cat":[671,672,670],"product_tag":[],"class_list":{"0":"post-53813","1":"product","2":"type-product","3":"status-publish","4":"has-post-thumbnail","6":"product_cat-acoustic-guitars","7":"product_cat-electric-guitars","8":"product_cat-guitars","9":"product_shipping_class-dbschenker-noutopistepaketti-en","10":"pa_valmistaja-gibson-en","12":"first","13":"instock","14":"taxable","15":"shipping-taxable","16":"purchasable","17":"product-type-simple"},"acf":[],"_links":{"self":[{"href":"https:\/\/www.kitarakuu.fi\/en\/wp-json\/wp\/v2\/product\/53813","targetHints":{"allow":["GET"]}}],"collection":[{"href":"https:\/\/www.kitarakuu.fi\/en\/wp-json\/wp\/v2\/product"}],"about":[{"href":"https:\/\/www.kitarakuu.fi\/en\/wp-json\/wp\/v2\/types\/product"}],"replies":[{"embeddable":true,"href":"https:\/\/www.kitarakuu.fi\/en\/wp-json\/wp\/v2\/comments?post=53813"}],"wp:featuredmedia":[{"embeddable":true,"href":"https:\/\/www.kitarakuu.fi\/en\/wp-json\/wp\/v2\/media\/53631"}],"wp:attachment":[{"href":"https:\/\/www.kitarakuu.fi\/en\/wp-json\/wp\/v2\/media?parent=53813"}],"wp:term":[{"taxonomy":"product_brand","embeddable":true,"href":"https:\/\/www.kitarakuu.fi\/en\/wp-json\/wp\/v2\/product_brand?post=53813"},{"taxonomy":"product_cat","embeddable":true,"href":"https:\/\/www.kitarakuu.fi\/en\/wp-json\/wp\/v2\/product_cat?post=53813"},{"taxonomy":"product_tag","embeddable":true,"href":"https:\/\/www.kitarakuu.fi\/en\/wp-json\/wp\/v2\/product_tag?post=53813"}],"curies":[{"name":"wp","href":"https:\/\/api.w.org\/{rel}","templated":true}]}}