{"id":53587,"date":"2025-09-12T19:32:42","date_gmt":"2025-09-12T16:32:42","guid":{"rendered":"https:\/\/www.kitarakuu.fi\/tuotteet\/uncategorized\/marshall-jmp-super-lead-1976\/"},"modified":"2025-10-13T10:30:31","modified_gmt":"2025-10-13T07:30:31","slug":"marshall-jmp-super-lead-1976","status":"publish","type":"product","link":"https:\/\/www.kitarakuu.fi\/en\/products\/amps\/tube-amplifiers\/marshall-jmp-super-lead-1976\/","title":{"rendered":"Heikki Silvennoisen Perikunnan yhti\u00f6 myy: Marshall JMP Super Lead 1976"},"content":{"rendered":"<p id=\"tw-target-text\" class=\"tw-data-text tw-text-large tw-ta\" dir=\"ltr\" tabindex=\"-1\" role=\"text\" data-placeholder=\"K\u00e4\u00e4nn\u00f6s\" data-ved=\"2ahUKEwjXgY-zyqCQAxXVQvEDHb-dDgQQ3ewLegQICRAV\" aria-label=\"K\u00e4\u00e4nnetty teksti: Heikki's tone at its hottest! The most powerful stage sound came from this JMP Maintained amplifier in full working order, power tubes replaced - service report included Flight Case Heikki's ownership certificate Selling price incl. VAT 25.5% (NOTE! The flamed Marsu seen in the pictures has been sold)\"><span class=\"Y2IQFc\" lang=\"en\">Heikki&#8217;s tone at its hottest! <\/span><\/p>\n<p class=\"tw-data-text tw-text-large tw-ta\" dir=\"ltr\" tabindex=\"-1\" role=\"text\" data-placeholder=\"K\u00e4\u00e4nn\u00f6s\" data-ved=\"2ahUKEwjXgY-zyqCQAxXVQvEDHb-dDgQQ3ewLegQICRAV\" aria-label=\"K\u00e4\u00e4nnetty teksti: Heikki's tone at its hottest! The most powerful stage sound came from this JMP Maintained amplifier in full working order, power tubes replaced - service report included Flight Case Heikki's ownership certificate Selling price incl. VAT 25.5% (NOTE! The flamed Marsu seen in the pictures has been sold)\"><span class=\"Y2IQFc\" lang=\"en\">The most powerful stage sound came from this JMP backline<\/span><\/p>\n<p class=\"tw-data-text tw-text-large tw-ta\" dir=\"ltr\" tabindex=\"-1\" role=\"text\" data-placeholder=\"K\u00e4\u00e4nn\u00f6s\" data-ved=\"2ahUKEwjXgY-zyqCQAxXVQvEDHb-dDgQQ3ewLegQICRAV\" aria-label=\"K\u00e4\u00e4nnetty teksti: Heikki's tone at its hottest! The most powerful stage sound came from this JMP Maintained amplifier in full working order, power tubes replaced - service report included Flight Case Heikki's ownership certificate Selling price incl. VAT 25.5% (NOTE! The flamed Marsu seen in the pictures has been sold)\"><span class=\"Y2IQFc\" lang=\"en\">Serviced amplifier in full working order, power tubes replaced &#8211; service report included <\/span><\/p>\n<p class=\"tw-data-text tw-text-large tw-ta\" dir=\"ltr\" tabindex=\"-1\" role=\"text\" data-placeholder=\"K\u00e4\u00e4nn\u00f6s\" data-ved=\"2ahUKEwjXgY-zyqCQAxXVQvEDHb-dDgQQ3ewLegQICRAV\" aria-label=\"K\u00e4\u00e4nnetty teksti: Heikki's tone at its hottest! The most powerful stage sound came from this JMP Maintained amplifier in full working order, power tubes replaced - service report included Flight Case Heikki's ownership certificate Selling price incl. VAT 25.5% (NOTE! The flamed Marsu seen in the pictures has been sold)\"><span class=\"Y2IQFc\" lang=\"en\">Flight Case <\/span><\/p>\n<p class=\"tw-data-text tw-text-large tw-ta\" dir=\"ltr\" tabindex=\"-1\" role=\"text\" data-placeholder=\"K\u00e4\u00e4nn\u00f6s\" data-ved=\"2ahUKEwjXgY-zyqCQAxXVQvEDHb-dDgQQ3ewLegQICRAV\" aria-label=\"K\u00e4\u00e4nnetty teksti: Heikki's tone at its hottest! The most powerful stage sound came from this JMP Maintained amplifier in full working order, power tubes replaced - service report included Flight Case Heikki's ownership certificate Selling price incl. VAT 25.5% (NOTE! The flamed Marsu seen in the pictures has been sold)\"><span class=\"Y2IQFc\" lang=\"en\">Heikki&#8217;s ownership certificate <\/span><\/p>\n<p class=\"tw-data-text tw-text-large tw-ta\" dir=\"ltr\" tabindex=\"-1\" role=\"text\" data-placeholder=\"K\u00e4\u00e4nn\u00f6s\" data-ved=\"2ahUKEwjXgY-zyqCQAxXVQvEDHb-dDgQQ3ewLegQICRAV\" aria-label=\"K\u00e4\u00e4nnetty teksti: Heikki's tone at its hottest! The most powerful stage sound came from this JMP Maintained amplifier in full working order, power tubes replaced - service report included Flight Case Heikki's ownership certificate Selling price incl. VAT 25.5% (NOTE! The flamed Marsu seen in the pictures has been sold)\"><span class=\"Y2IQFc\" lang=\"en\">Selling price incl. VAT 25.5%<\/span><\/p>\n","protected":false},"excerpt":{"rendered":"<p>Heikki&#8217;s tone at its hottest! The most powerful stage sound came from this JMP backline Serviced amplifier in full working order, power tubes replaced &#8211; service report included Flight Case Heikki&#8217;s ownership certificate Selling price incl. VAT 25.5%<\/p>\n","protected":false},"featured_media":51640,"comment_status":"closed","ping_status":"closed","template":"","meta":{"_acf_changed":false},"product_brand":[],"product_cat":[532,1288,957],"product_tag":[],"class_list":{"0":"post-53587","1":"product","2":"type-product","3":"status-publish","4":"has-post-thumbnail","6":"product_cat-amps","7":"product_cat-head","8":"product_cat-tube-amplifiers","9":"pa_valmistaja-marshall-en","11":"first","12":"instock","13":"taxable","14":"shipping-taxable","15":"purchasable","16":"product-type-simple"},"acf":[],"_links":{"self":[{"href":"https:\/\/www.kitarakuu.fi\/en\/wp-json\/wp\/v2\/product\/53587","targetHints":{"allow":["GET"]}}],"collection":[{"href":"https:\/\/www.kitarakuu.fi\/en\/wp-json\/wp\/v2\/product"}],"about":[{"href":"https:\/\/www.kitarakuu.fi\/en\/wp-json\/wp\/v2\/types\/product"}],"replies":[{"embeddable":true,"href":"https:\/\/www.kitarakuu.fi\/en\/wp-json\/wp\/v2\/comments?post=53587"}],"wp:featuredmedia":[{"embeddable":true,"href":"https:\/\/www.kitarakuu.fi\/en\/wp-json\/wp\/v2\/media\/51640"}],"wp:attachment":[{"href":"https:\/\/www.kitarakuu.fi\/en\/wp-json\/wp\/v2\/media?parent=53587"}],"wp:term":[{"taxonomy":"product_brand","embeddable":true,"href":"https:\/\/www.kitarakuu.fi\/en\/wp-json\/wp\/v2\/product_brand?post=53587"},{"taxonomy":"product_cat","embeddable":true,"href":"https:\/\/www.kitarakuu.fi\/en\/wp-json\/wp\/v2\/product_cat?post=53587"},{"taxonomy":"product_tag","embeddable":true,"href":"https:\/\/www.kitarakuu.fi\/en\/wp-json\/wp\/v2\/product_tag?post=53587"}],"curies":[{"name":"wp","href":"https:\/\/api.w.org\/{rel}","templated":true}]}}