{"id":53584,"date":"2025-10-09T18:48:12","date_gmt":"2025-10-09T15:48:12","guid":{"rendered":"https:\/\/www.kitarakuu.fi\/tuotteet\/uncategorized\/tokai-ls80-2007\/"},"modified":"2026-04-25T16:54:59","modified_gmt":"2026-04-25T13:54:59","slug":"tokai-ls80-2007","status":"publish","type":"product","link":"https:\/\/www.kitarakuu.fi\/en\/products\/guitars\/electric-guitars\/tokai-ls80-2007\/","title":{"rendered":"Tokai LS80 2007"},"content":{"rendered":"<p>Soinniltaan ja soitettavuudeltaan erinomainen Toksu<\/p>\n<p>Vaihdettu LS110:n mikrofonit (MK2) ?<\/p>\n<p>Vastik\u00e4\u00e4n<span style=\"font-size: 1rem;\">\u00a0<\/span><span style=\"font-size: 1rem;\">medium jumbo &#8211;<\/span><span style=\"font-size: 1rem;\">nauhoitettu<\/span><\/p>\n<p>Uudet Kluson -virittimet, alkuper\u00e4iset mukana<\/p>\n<p>Kohtalaista k\u00e4yt\u00f6n j\u00e4lke\u00e4, kuten tyk\u00e4tyss\u00e4 soittimessa tuppaa olemaan<\/p>\n<p>Muotolaukku (uusi)<\/p>\n<p>***Perjantait ne on Japanissakin: Kielen pidike ei osunut ihan linjaan, mutta haitta on minimaalinen, jos on&#8230;<\/p>\n","protected":false},"excerpt":{"rendered":"<p>Soinniltaan ja soitettavuudeltaan erinomainen Toksu Vaihdettu LS110:n mikrofonit (MK2) ? Vastik\u00e4\u00e4n\u00a0medium jumbo &#8211;nauhoitettu Uudet Kluson -virittimet, alkuper\u00e4iset mukana Kohtalaista k\u00e4yt\u00f6n j\u00e4lke\u00e4, kuten tyk\u00e4tyss\u00e4 soittimessa tuppaa olemaan Muotolaukku (uusi) ***Perjantait ne on Japanissakin: Kielen pidike ei osunut ihan linjaan, mutta haitta on minimaalinen, jos on&#8230;<\/p>\n","protected":false},"featured_media":53492,"comment_status":"closed","ping_status":"closed","template":"","meta":{"_acf_changed":false},"product_brand":[],"product_cat":[672,670],"product_tag":[],"class_list":{"0":"post-53584","1":"product","2":"type-product","3":"status-publish","4":"has-post-thumbnail","6":"product_cat-electric-guitars","7":"product_cat-guitars","8":"product_shipping_class-dbschenker-noutopistepaketti-en","9":"pa_valmistaja-tokai","11":"first","12":"outofstock","13":"taxable","14":"shipping-taxable","15":"purchasable","16":"product-type-simple"},"acf":[],"_links":{"self":[{"href":"https:\/\/www.kitarakuu.fi\/en\/wp-json\/wp\/v2\/product\/53584","targetHints":{"allow":["GET"]}}],"collection":[{"href":"https:\/\/www.kitarakuu.fi\/en\/wp-json\/wp\/v2\/product"}],"about":[{"href":"https:\/\/www.kitarakuu.fi\/en\/wp-json\/wp\/v2\/types\/product"}],"replies":[{"embeddable":true,"href":"https:\/\/www.kitarakuu.fi\/en\/wp-json\/wp\/v2\/comments?post=53584"}],"wp:featuredmedia":[{"embeddable":true,"href":"https:\/\/www.kitarakuu.fi\/en\/wp-json\/wp\/v2\/media\/53492"}],"wp:attachment":[{"href":"https:\/\/www.kitarakuu.fi\/en\/wp-json\/wp\/v2\/media?parent=53584"}],"wp:term":[{"taxonomy":"product_brand","embeddable":true,"href":"https:\/\/www.kitarakuu.fi\/en\/wp-json\/wp\/v2\/product_brand?post=53584"},{"taxonomy":"product_cat","embeddable":true,"href":"https:\/\/www.kitarakuu.fi\/en\/wp-json\/wp\/v2\/product_cat?post=53584"},{"taxonomy":"product_tag","embeddable":true,"href":"https:\/\/www.kitarakuu.fi\/en\/wp-json\/wp\/v2\/product_tag?post=53584"}],"curies":[{"name":"wp","href":"https:\/\/api.w.org\/{rel}","templated":true}]}}