{"id":53583,"date":"2025-10-09T19:21:16","date_gmt":"2025-10-09T16:21:16","guid":{"rendered":"https:\/\/www.kitarakuu.fi\/tuotteet\/uncategorized\/victory-v40-deluxe-combo\/"},"modified":"2025-10-13T10:03:22","modified_gmt":"2025-10-13T07:03:22","slug":"victory-v40-deluxe-combo","status":"publish","type":"product","link":"https:\/\/www.kitarakuu.fi\/en\/products\/amps\/tube-amplifiers\/victory-v40-deluxe-combo\/","title":{"rendered":"Victory V40 Deluxe The Duchess combo"},"content":{"rendered":"<p id=\"tw-target-text\" class=\"tw-data-text tw-text-large tw-ta\" dir=\"ltr\" tabindex=\"-1\" role=\"text\" data-placeholder=\"K\u00e4\u00e4nn\u00f6s\" data-ved=\"2ahUKEwjXgY-zyqCQAxXVQvEDHb-dDgQQ3ewLegQICRAV\" aria-label=\"K\u00e4\u00e4nnetty teksti: Almost new quality combo made in the UK\n\nVersatile controls for traditional effects and a fresh burst of F-sound with functional expansions\n\nTremolo\/Reverb and pedal for them\n\nCelestion Creamback cab\n\nEffects loop\n\nProtective hood\"><span class=\"Y2IQFc\" lang=\"en\">Almost new quality combo made in the UK <\/span><\/p>\n<p class=\"tw-data-text tw-text-large tw-ta\" dir=\"ltr\" tabindex=\"-1\" role=\"text\" data-placeholder=\"K\u00e4\u00e4nn\u00f6s\" data-ved=\"2ahUKEwjXgY-zyqCQAxXVQvEDHb-dDgQQ3ewLegQICRAV\" aria-label=\"K\u00e4\u00e4nnetty teksti: Almost new quality combo made in the UK\n\nVersatile controls for traditional effects and a fresh burst of F-sound with functional expansions\n\nTremolo\/Reverb and pedal for them\n\nCelestion Creamback cab\n\nEffects loop\n\nProtective hood\"><span class=\"Y2IQFc\" lang=\"en\">Versatile controls for traditional effects and a fresh spirit of F-sound with functional expansions <\/span><\/p>\n<p class=\"tw-data-text tw-text-large tw-ta\" dir=\"ltr\" tabindex=\"-1\" role=\"text\" data-placeholder=\"K\u00e4\u00e4nn\u00f6s\" data-ved=\"2ahUKEwjXgY-zyqCQAxXVQvEDHb-dDgQQ3ewLegQICRAV\" aria-label=\"K\u00e4\u00e4nnetty teksti: Almost new quality combo made in the UK\n\nVersatile controls for traditional effects and a fresh burst of F-sound with functional expansions\n\nTremolo\/Reverb and pedal for them\n\nCelestion Creamback cab\n\nEffects loop\n\nProtective hood\"><span class=\"Y2IQFc\" lang=\"en\">Tremolo\/Reverb +foot switch<\/span><\/p>\n<p class=\"tw-data-text tw-text-large tw-ta\" dir=\"ltr\" tabindex=\"-1\" role=\"text\" data-placeholder=\"K\u00e4\u00e4nn\u00f6s\" data-ved=\"2ahUKEwjXgY-zyqCQAxXVQvEDHb-dDgQQ3ewLegQICRAV\" aria-label=\"K\u00e4\u00e4nnetty teksti: Almost new quality combo made in the UK\n\nVersatile controls for traditional effects and a fresh burst of F-sound with functional expansions\n\nTremolo\/Reverb and pedal for them\n\nCelestion Creamback cab\n\nEffects loop\n\nProtective hood\"><span class=\"Y2IQFc\" lang=\"en\">Celestion Creamback speaker<\/span><\/p>\n<p class=\"tw-data-text tw-text-large tw-ta\" dir=\"ltr\" tabindex=\"-1\" role=\"text\" data-placeholder=\"K\u00e4\u00e4nn\u00f6s\" data-ved=\"2ahUKEwjXgY-zyqCQAxXVQvEDHb-dDgQQ3ewLegQICRAV\" aria-label=\"K\u00e4\u00e4nnetty teksti: Almost new quality combo made in the UK\n\nVersatile controls for traditional effects and a fresh burst of F-sound with functional expansions\n\nTremolo\/Reverb and pedal for them\n\nCelestion Creamback cab\n\nEffects loop\n\nProtective hood\"><span class=\"Y2IQFc\" lang=\"en\"> Effects loop <\/span><\/p>\n<p class=\"tw-data-text tw-text-large tw-ta\" dir=\"ltr\" tabindex=\"-1\" role=\"text\" data-placeholder=\"K\u00e4\u00e4nn\u00f6s\" data-ved=\"2ahUKEwjXgY-zyqCQAxXVQvEDHb-dDgQQ3ewLegQICRAV\" aria-label=\"K\u00e4\u00e4nnetty teksti: Almost new quality combo made in the UK\n\nVersatile controls for traditional effects and a fresh burst of F-sound with functional expansions\n\nTremolo\/Reverb and pedal for them\n\nCelestion Creamback cab\n\nEffects loop\n\nProtective hood\"><span class=\"Y2IQFc\" lang=\"en\">Original dust cover<\/span><\/p>\n","protected":false},"excerpt":{"rendered":"<p>Almost new quality combo made in the UK Versatile controls for traditional effects and a fresh spirit of F-sound with functional expansions Tremolo\/Reverb +foot switch Celestion Creamback speaker Effects loop Original dust cover<\/p>\n","protected":false},"featured_media":53482,"comment_status":"closed","ping_status":"closed","template":"","meta":{"_acf_changed":false},"product_brand":[],"product_cat":[532,664,957],"product_tag":[],"class_list":{"0":"post-53583","1":"product","2":"type-product","3":"status-publish","4":"has-post-thumbnail","6":"product_cat-amps","7":"product_cat-combo","8":"product_cat-tube-amplifiers","9":"pa_valmistaja-victory-amplifiers","11":"first","12":"outofstock","13":"taxable","14":"shipping-taxable","15":"purchasable","16":"product-type-simple"},"acf":[],"_links":{"self":[{"href":"https:\/\/www.kitarakuu.fi\/en\/wp-json\/wp\/v2\/product\/53583","targetHints":{"allow":["GET"]}}],"collection":[{"href":"https:\/\/www.kitarakuu.fi\/en\/wp-json\/wp\/v2\/product"}],"about":[{"href":"https:\/\/www.kitarakuu.fi\/en\/wp-json\/wp\/v2\/types\/product"}],"replies":[{"embeddable":true,"href":"https:\/\/www.kitarakuu.fi\/en\/wp-json\/wp\/v2\/comments?post=53583"}],"wp:featuredmedia":[{"embeddable":true,"href":"https:\/\/www.kitarakuu.fi\/en\/wp-json\/wp\/v2\/media\/53482"}],"wp:attachment":[{"href":"https:\/\/www.kitarakuu.fi\/en\/wp-json\/wp\/v2\/media?parent=53583"}],"wp:term":[{"taxonomy":"product_brand","embeddable":true,"href":"https:\/\/www.kitarakuu.fi\/en\/wp-json\/wp\/v2\/product_brand?post=53583"},{"taxonomy":"product_cat","embeddable":true,"href":"https:\/\/www.kitarakuu.fi\/en\/wp-json\/wp\/v2\/product_cat?post=53583"},{"taxonomy":"product_tag","embeddable":true,"href":"https:\/\/www.kitarakuu.fi\/en\/wp-json\/wp\/v2\/product_tag?post=53583"}],"curies":[{"name":"wp","href":"https:\/\/api.w.org\/{rel}","templated":true}]}}