{"id":53581,"date":"2025-10-10T19:24:40","date_gmt":"2025-10-10T16:24:40","guid":{"rendered":"https:\/\/www.kitarakuu.fi\/tuotteet\/uncategorized\/fender-jazz-bass-special-fretless-1980s\/"},"modified":"2025-10-13T09:57:28","modified_gmt":"2025-10-13T06:57:28","slug":"fender-jazz-bass-special-fretless-1980s","status":"publish","type":"product","link":"https:\/\/www.kitarakuu.fi\/en\/products\/bass-guitars\/fender-jazz-bass-special-fretless-1980s\/","title":{"rendered":"Fender Jazz Bass Special Fretless 1980`s"},"content":{"rendered":"<p id=\"tw-target-text\" class=\"tw-data-text tw-text-large tw-ta\" dir=\"ltr\" tabindex=\"-1\" role=\"text\" data-placeholder=\"K\u00e4\u00e4nn\u00f6s\" data-ved=\"2ahUKEwjXgY-zyqCQAxXVQvEDHb-dDgQQ3ewLegQICRAV\" aria-label=\"K\u00e4\u00e4nnetty teksti: Light-playing active bass without frets\n\nP\/J microphones\n\nMaintained instrument with polished strings\n\nGig bag\"><span class=\"Y2IQFc\" lang=\"en\">Light-playing active\/fretless bass <\/span><\/p>\n<p class=\"tw-data-text tw-text-large tw-ta\" dir=\"ltr\" tabindex=\"-1\" role=\"text\" data-placeholder=\"K\u00e4\u00e4nn\u00f6s\" data-ved=\"2ahUKEwjXgY-zyqCQAxXVQvEDHb-dDgQQ3ewLegQICRAV\" aria-label=\"K\u00e4\u00e4nnetty teksti: Light-playing active bass without frets\n\nP\/J microphones\n\nMaintained instrument with polished strings\n\nGig bag\"><span class=\"Y2IQFc\" lang=\"en\">P\/J pickups<\/span><\/p>\n<p class=\"tw-data-text tw-text-large tw-ta\" dir=\"ltr\" tabindex=\"-1\" role=\"text\" data-placeholder=\"K\u00e4\u00e4nn\u00f6s\" data-ved=\"2ahUKEwjXgY-zyqCQAxXVQvEDHb-dDgQQ3ewLegQICRAV\" aria-label=\"K\u00e4\u00e4nnetty teksti: Light-playing active bass without frets\n\nP\/J microphones\n\nMaintained instrument with polished strings\n\nGig bag\"><span class=\"Y2IQFc\" lang=\"en\">Serviced instrument with flatwound strings <\/span><\/p>\n<p class=\"tw-data-text tw-text-large tw-ta\" dir=\"ltr\" tabindex=\"-1\" role=\"text\" data-placeholder=\"K\u00e4\u00e4nn\u00f6s\" data-ved=\"2ahUKEwjXgY-zyqCQAxXVQvEDHb-dDgQQ3ewLegQICRAV\" aria-label=\"K\u00e4\u00e4nnetty teksti: Light-playing active bass without frets\n\nP\/J microphones\n\nMaintained instrument with polished strings\n\nGig bag\"><span class=\"Y2IQFc\" lang=\"en\">Gig bag<\/span><\/p>\n","protected":false},"excerpt":{"rendered":"<p>Light-playing active\/fretless bass P\/J pickups Serviced instrument with flatwound strings Gig bag<\/p>\n","protected":false},"featured_media":53515,"comment_status":"closed","ping_status":"closed","template":"","meta":{"_acf_changed":false},"product_brand":[],"product_cat":[577],"product_tag":[],"class_list":{"0":"post-53581","1":"product","2":"type-product","3":"status-publish","4":"has-post-thumbnail","6":"product_cat-bass-guitars","7":"product_shipping_class-dbschenker-noutopistepaketti-en","8":"pa_valmistaja-fender-en","10":"first","11":"outofstock","12":"taxable","13":"shipping-taxable","14":"purchasable","15":"product-type-simple"},"acf":[],"_links":{"self":[{"href":"https:\/\/www.kitarakuu.fi\/en\/wp-json\/wp\/v2\/product\/53581","targetHints":{"allow":["GET"]}}],"collection":[{"href":"https:\/\/www.kitarakuu.fi\/en\/wp-json\/wp\/v2\/product"}],"about":[{"href":"https:\/\/www.kitarakuu.fi\/en\/wp-json\/wp\/v2\/types\/product"}],"replies":[{"embeddable":true,"href":"https:\/\/www.kitarakuu.fi\/en\/wp-json\/wp\/v2\/comments?post=53581"}],"wp:featuredmedia":[{"embeddable":true,"href":"https:\/\/www.kitarakuu.fi\/en\/wp-json\/wp\/v2\/media\/53515"}],"wp:attachment":[{"href":"https:\/\/www.kitarakuu.fi\/en\/wp-json\/wp\/v2\/media?parent=53581"}],"wp:term":[{"taxonomy":"product_brand","embeddable":true,"href":"https:\/\/www.kitarakuu.fi\/en\/wp-json\/wp\/v2\/product_brand?post=53581"},{"taxonomy":"product_cat","embeddable":true,"href":"https:\/\/www.kitarakuu.fi\/en\/wp-json\/wp\/v2\/product_cat?post=53581"},{"taxonomy":"product_tag","embeddable":true,"href":"https:\/\/www.kitarakuu.fi\/en\/wp-json\/wp\/v2\/product_tag?post=53581"}],"curies":[{"name":"wp","href":"https:\/\/api.w.org\/{rel}","templated":true}]}}