{"id":53579,"date":"2025-10-10T19:53:48","date_gmt":"2025-10-10T16:53:48","guid":{"rendered":"https:\/\/www.kitarakuu.fi\/tuotteet\/uncategorized\/fender-telecaster-american-original-50s-2019\/"},"modified":"2025-10-13T09:55:11","modified_gmt":"2025-10-13T06:55:11","slug":"fender-telecaster-american-original-50s-2019","status":"publish","type":"product","link":"https:\/\/www.kitarakuu.fi\/en\/products\/guitars\/electric-guitars\/fender-telecaster-american-original-50s-2019\/","title":{"rendered":"Fender Telecaster American Original 50`s 2019"},"content":{"rendered":"<p id=\"tw-target-text\" class=\"tw-data-text tw-text-large tw-ta\" dir=\"ltr\" tabindex=\"-1\" role=\"text\" data-placeholder=\"K\u00e4\u00e4nn\u00f6s\" data-ved=\"2ahUKEwjXgY-zyqCQAxXVQvEDHb-dDgQQ3ewLegQICRAV\" aria-label=\"K\u00e4\u00e4nnetty teksti: Lightweight, refreshing ash body Butterscotch\/Blackguard Tele with vintage specs\n\nPure Vintage '52 pickups\n\nVintage-correct U-profile neck\n\nFingerboard radius is a more modern 9 1\/2&quot;\n\nNew medium jumbo frets produce a better playing feel than the original\n\nClean guitar, nitro finish shows some signs of aging\n\nOriginal Tweed gig bag, COA, ashtray and all papers\"><span class=\"Y2IQFc\" lang=\"en\">Lightweight, rich sounding ash body <\/span><span class=\"Y2IQFc\" lang=\"en\">Butterscotch\/Blackguard Tele with vintage specs <\/span><\/p>\n<p class=\"tw-data-text tw-text-large tw-ta\" dir=\"ltr\" tabindex=\"-1\" role=\"text\" data-placeholder=\"K\u00e4\u00e4nn\u00f6s\" data-ved=\"2ahUKEwjXgY-zyqCQAxXVQvEDHb-dDgQQ3ewLegQICRAV\" aria-label=\"K\u00e4\u00e4nnetty teksti: Lightweight, refreshing ash body Butterscotch\/Blackguard Tele with vintage specs\n\nPure Vintage '52 pickups\n\nVintage-correct U-profile neck\n\nFingerboard radius is a more modern 9 1\/2&quot;\n\nNew medium jumbo frets produce a better playing feel than the original\n\nClean guitar, nitro finish shows some signs of aging\n\nOriginal Tweed gig bag, COA, ashtray and all papers\"><span class=\"Y2IQFc\" lang=\"en\">Pure Vintage &#8217;52 pickups <\/span><\/p>\n<p class=\"tw-data-text tw-text-large tw-ta\" dir=\"ltr\" tabindex=\"-1\" role=\"text\" data-placeholder=\"K\u00e4\u00e4nn\u00f6s\" data-ved=\"2ahUKEwjXgY-zyqCQAxXVQvEDHb-dDgQQ3ewLegQICRAV\" aria-label=\"K\u00e4\u00e4nnetty teksti: Lightweight, refreshing ash body Butterscotch\/Blackguard Tele with vintage specs\n\nPure Vintage '52 pickups\n\nVintage-correct U-profile neck\n\nFingerboard radius is a more modern 9 1\/2&quot;\n\nNew medium jumbo frets produce a better playing feel than the original\n\nClean guitar, nitro finish shows some signs of aging\n\nOriginal Tweed gig bag, COA, ashtray and all papers\"><span class=\"Y2IQFc\" lang=\"en\">Vintage-correct U-profile neck,\u00a0 fretboard radius is modern 9 1\/2&#8243; <\/span><\/p>\n<p class=\"tw-data-text tw-text-large tw-ta\" dir=\"ltr\" tabindex=\"-1\" role=\"text\" data-placeholder=\"K\u00e4\u00e4nn\u00f6s\" data-ved=\"2ahUKEwjXgY-zyqCQAxXVQvEDHb-dDgQQ3ewLegQICRAV\" aria-label=\"K\u00e4\u00e4nnetty teksti: Lightweight, refreshing ash body Butterscotch\/Blackguard Tele with vintage specs\n\nPure Vintage '52 pickups\n\nVintage-correct U-profile neck\n\nFingerboard radius is a more modern 9 1\/2&quot;\n\nNew medium jumbo frets produce a better playing feel than the original\n\nClean guitar, nitro finish shows some signs of aging\n\nOriginal Tweed gig bag, COA, ashtray and all papers\"><span class=\"Y2IQFc\" lang=\"en\">New medium jumbo frets produce a better playing feel than the originals\u00a0 <\/span><\/p>\n<p class=\"tw-data-text tw-text-large tw-ta\" dir=\"ltr\" tabindex=\"-1\" role=\"text\" data-placeholder=\"K\u00e4\u00e4nn\u00f6s\" data-ved=\"2ahUKEwjXgY-zyqCQAxXVQvEDHb-dDgQQ3ewLegQICRAV\" aria-label=\"K\u00e4\u00e4nnetty teksti: Lightweight, refreshing ash body Butterscotch\/Blackguard Tele with vintage specs\n\nPure Vintage '52 pickups\n\nVintage-correct U-profile neck\n\nFingerboard radius is a more modern 9 1\/2&quot;\n\nNew medium jumbo frets produce a better playing feel than the original\n\nClean guitar, nitro finish shows some signs of aging\n\nOriginal Tweed gig bag, COA, ashtray and all papers\"><span class=\"Y2IQFc\" lang=\"en\">Clean guitar, nitro finish shows some signs of aging <\/span><\/p>\n<p class=\"tw-data-text tw-text-large tw-ta\" dir=\"ltr\" tabindex=\"-1\" role=\"text\" data-placeholder=\"K\u00e4\u00e4nn\u00f6s\" data-ved=\"2ahUKEwjXgY-zyqCQAxXVQvEDHb-dDgQQ3ewLegQICRAV\" aria-label=\"K\u00e4\u00e4nnetty teksti: Lightweight, refreshing ash body Butterscotch\/Blackguard Tele with vintage specs\n\nPure Vintage '52 pickups\n\nVintage-correct U-profile neck\n\nFingerboard radius is a more modern 9 1\/2&quot;\n\nNew medium jumbo frets produce a better playing feel than the original\n\nClean guitar, nitro finish shows some signs of aging\n\nOriginal Tweed gig bag, COA, ashtray and all papers\"><span class=\"Y2IQFc\" lang=\"en\">Original Tweed case, COA, ashtray, hang tags\/paperwork<\/span><\/p>\n","protected":false},"excerpt":{"rendered":"<p>Lightweight, rich sounding ash body Butterscotch\/Blackguard Tele with vintage specs Pure Vintage &#8217;52 pickups Vintage-correct U-profile neck,\u00a0 fretboard radius is modern 9 1\/2&#8243; New medium jumbo frets produce a better playing feel than the originals\u00a0 Clean guitar, nitro finish shows some signs of aging Original Tweed case, COA, ashtray, hang tags\/paperwork<\/p>\n","protected":false},"featured_media":53525,"comment_status":"closed","ping_status":"closed","template":"","meta":{"_acf_changed":false},"product_brand":[],"product_cat":[672,670],"product_tag":[],"class_list":{"0":"post-53579","1":"product","2":"type-product","3":"status-publish","4":"has-post-thumbnail","6":"product_cat-electric-guitars","7":"product_cat-guitars","8":"product_shipping_class-dbschenker-noutopistepaketti-en","9":"pa_valmistaja-fender","11":"first","12":"instock","13":"taxable","14":"shipping-taxable","15":"purchasable","16":"product-type-simple"},"acf":[],"_links":{"self":[{"href":"https:\/\/www.kitarakuu.fi\/en\/wp-json\/wp\/v2\/product\/53579","targetHints":{"allow":["GET"]}}],"collection":[{"href":"https:\/\/www.kitarakuu.fi\/en\/wp-json\/wp\/v2\/product"}],"about":[{"href":"https:\/\/www.kitarakuu.fi\/en\/wp-json\/wp\/v2\/types\/product"}],"replies":[{"embeddable":true,"href":"https:\/\/www.kitarakuu.fi\/en\/wp-json\/wp\/v2\/comments?post=53579"}],"wp:featuredmedia":[{"embeddable":true,"href":"https:\/\/www.kitarakuu.fi\/en\/wp-json\/wp\/v2\/media\/53525"}],"wp:attachment":[{"href":"https:\/\/www.kitarakuu.fi\/en\/wp-json\/wp\/v2\/media?parent=53579"}],"wp:term":[{"taxonomy":"product_brand","embeddable":true,"href":"https:\/\/www.kitarakuu.fi\/en\/wp-json\/wp\/v2\/product_brand?post=53579"},{"taxonomy":"product_cat","embeddable":true,"href":"https:\/\/www.kitarakuu.fi\/en\/wp-json\/wp\/v2\/product_cat?post=53579"},{"taxonomy":"product_tag","embeddable":true,"href":"https:\/\/www.kitarakuu.fi\/en\/wp-json\/wp\/v2\/product_tag?post=53579"}],"curies":[{"name":"wp","href":"https:\/\/api.w.org\/{rel}","templated":true}]}}